{"id":4263,"date":"2020-10-13T08:16:51","date_gmt":"2020-10-13T08:16:51","guid":{"rendered":"https:\/\/torebunia.pl\/sklep\/produkt\/geox-buty-3\/"},"modified":"2021-01-25T15:20:04","modified_gmt":"2021-01-25T15:20:04","slug":"geox-buty-3","status":"publish","type":"product","link":"https:\/\/torebunia.pl\/sklep\/produkt\/geox-buty-3\/","title":{"rendered":"Geox &#8211; Buty"},"content":{"rendered":"<p>Parametry produktu:<\/p>\n<ul>\n<li>cena: <strong>329.9 PLN<\/strong><\/li>\n<li>marka: <strong>Geox<\/strong><\/li>\n<li>p\u0142e\u0107: <strong>Female<\/strong><\/li>\n<li>kategoria: <strong>ONA \/ Obuwie \/ Sneakersy i sportowe \/ Sneakersy<\/strong><\/li>\n<li>kolor: <strong>czarny<\/strong><\/li>\n<\/ul>\n<p>Opis:<br \/>\nButy z kolekcji Geox. Model wykonany z po\u0142\u0105czenia sk\u00f3ry naturalnej, materia\u0142u tekstylnego i materia\u0142u syntetycznego. &#8211; System Geox Respira: Posiadaj\u0105 technologi\u0119 Geox Respira, kt\u00f3ra dzi\u0119ki tr\u00f3jwarstwowej podeszwie z systemem oddychaj\u0105cych perforacji poprawia wentylacj\u0119, a dzi\u0119ki temu pozwala dba\u0107 o zdrowie st\u00f3p i zapewnia komfort u\u017cytkowania obuwia. &#8211; Zapi\u0119cie na suwak. &#8211; Okr\u0105g\u0142y nosek. &#8211; Usztywniony zapi\u0119tek. &#8211; Sk\u00f3rzana wk\u0142adka. &#8211; Sznurowany model. Materia\u0142: tekstylny Materia\u0142: syntetyczny Obcas: p\u0142aski Materia\u0142: sk\u00f3ra licowa Sk\u0142ad: Cholewka: Materia\u0142 syntetyczny, Materia\u0142 tekstylny, Sk\u00f3ra naturalna, Wn\u0119trze: Materia\u0142 tekstylny, Sk\u00f3ra naturalna, Podeszwa: Materia\u0142 syntetyczny ID produktu: 4900-OBD1WN Kod producenta: J04CNA.05422.BUBBLEX<\/p>\n","protected":false},"excerpt":{"rendered":"<p>Parametry produktu: cena: 329.9 PLN marka: Geox p\u0142e\u0107: Female kategoria: ONA \/ Obuwie \/ Sneakersy i sportowe \/ Sneakersy kolor: czarny Opis: Buty z kolekcji Geox. Model wykonany z po\u0142\u0105czenia<\/p>\n","protected":false},"featured_media":4264,"comment_status":"closed","ping_status":"open","template":"","meta":[],"class_list":{"0":"post-4263","1":"product","2":"type-product","3":"status-publish","5":"hentry","6":"product_cat-obuwie","7":"product_cat-ona","8":"product_cat-sneakersy","9":"product_cat-sneakersy-i-sportowe","10":"product_tag-geox","11":"product_tag-geox-buty"},"yoast_head":"<!-- This site is optimized with the Yoast SEO plugin v15.6.2 - https:\/\/yoast.com\/wordpress\/plugins\/seo\/ -->\n<title>Geox - Buty<\/title>\n<meta name=\"robots\" content=\"index, follow, max-snippet:-1, max-image-preview:large, max-video-preview:-1\" \/>\n<link rel=\"canonical\" href=\"https:\/\/torebunia.pl\/sklep\/produkt\/geox-buty-3\/\" \/>\n<meta property=\"og:locale\" content=\"pl_PL\" \/>\n<meta property=\"og:type\" content=\"article\" \/>\n<meta property=\"og:title\" content=\"Geox - Buty\" \/>\n<meta property=\"og:description\" content=\"Parametry produktu: cena: 329.9 PLN marka: Geox p\u0142e\u0107: Female kategoria: ONA \/ Obuwie \/ Sneakersy i sportowe \/ Sneakersy kolor: czarny Opis: Buty z kolekcji Geox. Model wykonany z po\u0142\u0105czenia\" \/>\n<meta property=\"og:url\" content=\"https:\/\/torebunia.pl\/sklep\/produkt\/geox-buty-3\/\" \/>\n<meta property=\"og:site_name\" content=\"Moje Blog\" \/>\n<meta property=\"article:modified_time\" content=\"2021-01-25T15:20:04+00:00\" \/>\n<meta property=\"og:image\" content=\"https:\/\/torebunia.pl\/sklep\/wp-content\/uploads\/2021\/01\/e49e718b1d92cc72bbd711c09f81258e5ccd3d88-1.jpg\" \/>\n\t<meta property=\"og:image:width\" content=\"855\" \/>\n\t<meta property=\"og:image:height\" content=\"1290\" \/>\n<meta name=\"twitter:card\" content=\"summary_large_image\" \/>\n<meta name=\"twitter:label1\" content=\"Est. reading time\">\n\t<meta name=\"twitter:data1\" content=\"1 minuta\">\n<script type=\"application\/ld+json\" class=\"yoast-schema-graph\">{\"@context\":\"https:\/\/schema.org\",\"@graph\":[{\"@type\":\"WebSite\",\"@id\":\"https:\/\/torebunia.pl\/sklep\/#website\",\"url\":\"https:\/\/torebunia.pl\/sklep\/\",\"name\":\"Moje Blog\",\"description\":\"Kolejna witryna WordPress\",\"potentialAction\":[{\"@type\":\"SearchAction\",\"target\":\"https:\/\/torebunia.pl\/sklep\/?s={search_term_string}\",\"query-input\":\"required name=search_term_string\"}],\"inLanguage\":\"pl-PL\"},{\"@type\":\"ImageObject\",\"@id\":\"https:\/\/torebunia.pl\/sklep\/produkt\/geox-buty-3\/#primaryimage\",\"inLanguage\":\"pl-PL\",\"url\":\"https:\/\/torebunia.pl\/sklep\/wp-content\/uploads\/2021\/01\/e49e718b1d92cc72bbd711c09f81258e5ccd3d88-1.jpg\",\"width\":855,\"height\":1290,\"caption\":\"Geox - Buty\"},{\"@type\":\"WebPage\",\"@id\":\"https:\/\/torebunia.pl\/sklep\/produkt\/geox-buty-3\/#webpage\",\"url\":\"https:\/\/torebunia.pl\/sklep\/produkt\/geox-buty-3\/\",\"name\":\"Geox - Buty\",\"isPartOf\":{\"@id\":\"https:\/\/torebunia.pl\/sklep\/#website\"},\"primaryImageOfPage\":{\"@id\":\"https:\/\/torebunia.pl\/sklep\/produkt\/geox-buty-3\/#primaryimage\"},\"datePublished\":\"2020-10-13T08:16:51+00:00\",\"dateModified\":\"2021-01-25T15:20:04+00:00\",\"inLanguage\":\"pl-PL\",\"potentialAction\":[{\"@type\":\"ReadAction\",\"target\":[\"https:\/\/torebunia.pl\/sklep\/produkt\/geox-buty-3\/\"]}]}]}<\/script>\n<!-- \/ Yoast SEO plugin. -->","_links":{"self":[{"href":"https:\/\/torebunia.pl\/sklep\/wp-json\/wp\/v2\/product\/4263","targetHints":{"allow":["GET"]}}],"collection":[{"href":"https:\/\/torebunia.pl\/sklep\/wp-json\/wp\/v2\/product"}],"about":[{"href":"https:\/\/torebunia.pl\/sklep\/wp-json\/wp\/v2\/types\/product"}],"replies":[{"embeddable":true,"href":"https:\/\/torebunia.pl\/sklep\/wp-json\/wp\/v2\/comments?post=4263"}],"wp:featuredmedia":[{"embeddable":true,"href":"https:\/\/torebunia.pl\/sklep\/wp-json\/wp\/v2\/media\/4264"}],"wp:attachment":[{"href":"https:\/\/torebunia.pl\/sklep\/wp-json\/wp\/v2\/media?parent=4263"}],"curies":[{"name":"wp","href":"https:\/\/api.w.org\/{rel}","templated":true}]}}