{"id":4225,"date":"2020-07-31T07:32:08","date_gmt":"2020-07-31T07:32:08","guid":{"rendered":"https:\/\/torebunia.pl\/sklep\/produkt\/mango-pierscionek-john\/"},"modified":"2021-01-25T15:19:03","modified_gmt":"2021-01-25T15:19:03","slug":"mango-pierscionek-john","status":"publish","type":"product","link":"https:\/\/torebunia.pl\/sklep\/produkt\/mango-pierscionek-john\/","title":{"rendered":"Mango &#8211; Pier\u015bcionek John"},"content":{"rendered":"<p>Parametry produktu:<\/p>\n<ul>\n<li>cena: <strong>59.99 PLN<\/strong><\/li>\n<li>marka: <strong>Mango<\/strong><\/li>\n<li>p\u0142e\u0107: <strong>Female<\/strong><\/li>\n<li>kategoria: <strong>ONA \/ Akcesoria \/ Bi\u017cuteria \/ Pier\u015bcionki<\/strong><\/li>\n<li>kolor: <strong>z\u0142oty<\/strong><\/li>\n<\/ul>\n<p>Opis:<br \/>\nPier\u015bcionek z kolekcji Mango. Model wykonany z metalu. Sk\u0142ad: 100 % Cynk ID produktu: -100-AKD028 Kod producenta: 77040547<\/p>\n","protected":false},"excerpt":{"rendered":"<p>Parametry produktu: cena: 59.99 PLN marka: Mango p\u0142e\u0107: Female kategoria: ONA \/ Akcesoria \/ Bi\u017cuteria \/ Pier\u015bcionki kolor: z\u0142oty Opis: Pier\u015bcionek z kolekcji Mango. Model wykonany z metalu. Sk\u0142ad: 100<\/p>\n","protected":false},"featured_media":4226,"comment_status":"closed","ping_status":"open","template":"","meta":[],"class_list":{"0":"post-4225","1":"product","2":"type-product","3":"status-publish","5":"hentry","6":"product_cat-akcesoria","7":"product_cat-bizuteria","8":"product_cat-ona","9":"product_cat-pierscionki","10":"product_tag-mango","11":"product_tag-mango-pierscionek-john"},"yoast_head":"<!-- This site is optimized with the Yoast SEO plugin v15.6.2 - https:\/\/yoast.com\/wordpress\/plugins\/seo\/ -->\n<title>Mango - Pier\u015bcionek John<\/title>\n<meta name=\"robots\" content=\"index, follow, max-snippet:-1, max-image-preview:large, max-video-preview:-1\" \/>\n<link rel=\"canonical\" href=\"https:\/\/torebunia.pl\/sklep\/produkt\/mango-pierscionek-john\/\" \/>\n<meta property=\"og:locale\" content=\"pl_PL\" \/>\n<meta property=\"og:type\" content=\"article\" \/>\n<meta property=\"og:title\" content=\"Mango - Pier\u015bcionek John\" \/>\n<meta property=\"og:description\" content=\"Parametry produktu: cena: 59.99 PLN marka: Mango p\u0142e\u0107: Female kategoria: ONA \/ Akcesoria \/ Bi\u017cuteria \/ Pier\u015bcionki kolor: z\u0142oty Opis: Pier\u015bcionek z kolekcji Mango. Model wykonany z metalu. Sk\u0142ad: 100\" \/>\n<meta property=\"og:url\" content=\"https:\/\/torebunia.pl\/sklep\/produkt\/mango-pierscionek-john\/\" \/>\n<meta property=\"og:site_name\" content=\"Moje Blog\" \/>\n<meta property=\"article:modified_time\" content=\"2021-01-25T15:19:03+00:00\" \/>\n<meta property=\"og:image\" content=\"https:\/\/torebunia.pl\/sklep\/wp-content\/uploads\/2021\/01\/d2e7fa4af5d049c5f5c3cc0527c7033dc4bbb7b1.jpg\" \/>\n\t<meta property=\"og:image:width\" content=\"855\" \/>\n\t<meta property=\"og:image:height\" content=\"1290\" \/>\n<meta name=\"twitter:card\" content=\"summary_large_image\" \/>\n<script type=\"application\/ld+json\" class=\"yoast-schema-graph\">{\"@context\":\"https:\/\/schema.org\",\"@graph\":[{\"@type\":\"WebSite\",\"@id\":\"https:\/\/torebunia.pl\/sklep\/#website\",\"url\":\"https:\/\/torebunia.pl\/sklep\/\",\"name\":\"Moje Blog\",\"description\":\"Kolejna witryna WordPress\",\"potentialAction\":[{\"@type\":\"SearchAction\",\"target\":\"https:\/\/torebunia.pl\/sklep\/?s={search_term_string}\",\"query-input\":\"required name=search_term_string\"}],\"inLanguage\":\"pl-PL\"},{\"@type\":\"ImageObject\",\"@id\":\"https:\/\/torebunia.pl\/sklep\/produkt\/mango-pierscionek-john\/#primaryimage\",\"inLanguage\":\"pl-PL\",\"url\":\"https:\/\/torebunia.pl\/sklep\/wp-content\/uploads\/2021\/01\/d2e7fa4af5d049c5f5c3cc0527c7033dc4bbb7b1.jpg\",\"width\":855,\"height\":1290,\"caption\":\"Mango - Pier\\u015bcionek John\"},{\"@type\":\"WebPage\",\"@id\":\"https:\/\/torebunia.pl\/sklep\/produkt\/mango-pierscionek-john\/#webpage\",\"url\":\"https:\/\/torebunia.pl\/sklep\/produkt\/mango-pierscionek-john\/\",\"name\":\"Mango - Pier\\u015bcionek John\",\"isPartOf\":{\"@id\":\"https:\/\/torebunia.pl\/sklep\/#website\"},\"primaryImageOfPage\":{\"@id\":\"https:\/\/torebunia.pl\/sklep\/produkt\/mango-pierscionek-john\/#primaryimage\"},\"datePublished\":\"2020-07-31T07:32:08+00:00\",\"dateModified\":\"2021-01-25T15:19:03+00:00\",\"inLanguage\":\"pl-PL\",\"potentialAction\":[{\"@type\":\"ReadAction\",\"target\":[\"https:\/\/torebunia.pl\/sklep\/produkt\/mango-pierscionek-john\/\"]}]}]}<\/script>\n<!-- \/ Yoast SEO plugin. -->","_links":{"self":[{"href":"https:\/\/torebunia.pl\/sklep\/wp-json\/wp\/v2\/product\/4225","targetHints":{"allow":["GET"]}}],"collection":[{"href":"https:\/\/torebunia.pl\/sklep\/wp-json\/wp\/v2\/product"}],"about":[{"href":"https:\/\/torebunia.pl\/sklep\/wp-json\/wp\/v2\/types\/product"}],"replies":[{"embeddable":true,"href":"https:\/\/torebunia.pl\/sklep\/wp-json\/wp\/v2\/comments?post=4225"}],"wp:featuredmedia":[{"embeddable":true,"href":"https:\/\/torebunia.pl\/sklep\/wp-json\/wp\/v2\/media\/4226"}],"wp:attachment":[{"href":"https:\/\/torebunia.pl\/sklep\/wp-json\/wp\/v2\/media?parent=4225"}],"curies":[{"name":"wp","href":"https:\/\/api.w.org\/{rel}","templated":true}]}}