{"id":4221,"date":"2020-08-29T12:13:39","date_gmt":"2020-08-29T12:13:39","guid":{"rendered":"https:\/\/torebunia.pl\/sklep\/produkt\/calvin-klein-sukienka-2\/"},"modified":"2021-01-25T15:18:58","modified_gmt":"2021-01-25T15:18:58","slug":"calvin-klein-sukienka-2","status":"publish","type":"product","link":"https:\/\/torebunia.pl\/sklep\/produkt\/calvin-klein-sukienka-2\/","title":{"rendered":"Calvin Klein &#8211; Sukienka"},"content":{"rendered":"<p>Parametry produktu:<\/p>\n<ul>\n<li>cena: <strong>599.9 PLN<\/strong><\/li>\n<li>marka: <strong>Calvin Klein<\/strong><\/li>\n<li>p\u0142e\u0107: <strong>Female<\/strong><\/li>\n<li>kategoria: <strong>ONA \/ Odzie\u017c \/ Sukienki<\/strong><\/li>\n<li>kolor: <strong>czarny<\/strong><\/li>\n<\/ul>\n<p>Opis:<br \/>\nSukienka z kolekcji Calvin Klein. Prosty model wykonany z g\u0142adkiej tkaniny. &#8211; Prosty fason. &#8211; D\u0142ugi r\u0119kaw. &#8211; Model z ko\u0142nierzykiem. &#8211; Kryte zapi\u0119cie. &#8211; W talii pasek. &#8211; Cienka, nieelastyczna tkanina. &#8211; Szeroko\u015b\u0107 pod pachami: 49 cm. &#8211; D\u0142ugo\u015b\u0107 r\u0119kawa: 60,5 cm. &#8211; D\u0142ugo\u015b\u0107: 100 cm. &#8211; Wymiary podane dla rozmiaru: 36. Wz\u00f3r: g\u0142adkie Materia\u0142: tkanina D\u0142ugo\u015b\u0107: mini R\u0119kaw: d\u0142ugi Dekolt: zapinany Materia\u0142: wiskoza Okazje: casual Fason: prosty Sk\u0142ad: 100 % Wiskoza ID produktu: 4900-SUD05K Kod producenta: K20K202275<\/p>\n","protected":false},"excerpt":{"rendered":"<p>Parametry produktu: cena: 599.9 PLN marka: Calvin Klein p\u0142e\u0107: Female kategoria: ONA \/ Odzie\u017c \/ Sukienki kolor: czarny Opis: Sukienka z kolekcji Calvin Klein. Prosty model wykonany z g\u0142adkiej tkaniny.<\/p>\n","protected":false},"featured_media":4222,"comment_status":"closed","ping_status":"open","template":"","meta":[],"class_list":{"0":"post-4221","1":"product","2":"type-product","3":"status-publish","5":"hentry","6":"product_cat-odziez","7":"product_cat-ona","8":"product_cat-sukienki","9":"product_tag-calvin-klein","10":"product_tag-calvin-klein-sukienka"},"yoast_head":"<!-- This site is optimized with the Yoast SEO plugin v15.6.2 - https:\/\/yoast.com\/wordpress\/plugins\/seo\/ -->\n<title>Calvin Klein - Sukienka<\/title>\n<meta name=\"robots\" content=\"index, follow, max-snippet:-1, max-image-preview:large, max-video-preview:-1\" \/>\n<link rel=\"canonical\" href=\"https:\/\/torebunia.pl\/sklep\/produkt\/calvin-klein-sukienka-2\/\" \/>\n<meta property=\"og:locale\" content=\"pl_PL\" \/>\n<meta property=\"og:type\" content=\"article\" \/>\n<meta property=\"og:title\" content=\"Calvin Klein - Sukienka\" \/>\n<meta property=\"og:description\" content=\"Parametry produktu: cena: 599.9 PLN marka: Calvin Klein p\u0142e\u0107: Female kategoria: ONA \/ Odzie\u017c \/ Sukienki kolor: czarny Opis: Sukienka z kolekcji Calvin Klein. Prosty model wykonany z g\u0142adkiej tkaniny.\" \/>\n<meta property=\"og:url\" content=\"https:\/\/torebunia.pl\/sklep\/produkt\/calvin-klein-sukienka-2\/\" \/>\n<meta property=\"og:site_name\" content=\"Moje Blog\" \/>\n<meta property=\"article:modified_time\" content=\"2021-01-25T15:18:58+00:00\" \/>\n<meta property=\"og:image\" content=\"https:\/\/torebunia.pl\/sklep\/wp-content\/uploads\/2021\/01\/23573ad8776d8b22b49b34e185bcbf2f9a9acb71.jpg\" \/>\n\t<meta property=\"og:image:width\" content=\"855\" \/>\n\t<meta property=\"og:image:height\" content=\"1290\" \/>\n<meta name=\"twitter:card\" content=\"summary_large_image\" \/>\n<meta name=\"twitter:label1\" content=\"Est. reading time\">\n\t<meta name=\"twitter:data1\" content=\"1 minuta\">\n<script type=\"application\/ld+json\" class=\"yoast-schema-graph\">{\"@context\":\"https:\/\/schema.org\",\"@graph\":[{\"@type\":\"WebSite\",\"@id\":\"https:\/\/torebunia.pl\/sklep\/#website\",\"url\":\"https:\/\/torebunia.pl\/sklep\/\",\"name\":\"Moje Blog\",\"description\":\"Kolejna witryna WordPress\",\"potentialAction\":[{\"@type\":\"SearchAction\",\"target\":\"https:\/\/torebunia.pl\/sklep\/?s={search_term_string}\",\"query-input\":\"required name=search_term_string\"}],\"inLanguage\":\"pl-PL\"},{\"@type\":\"ImageObject\",\"@id\":\"https:\/\/torebunia.pl\/sklep\/produkt\/calvin-klein-sukienka-2\/#primaryimage\",\"inLanguage\":\"pl-PL\",\"url\":\"https:\/\/torebunia.pl\/sklep\/wp-content\/uploads\/2021\/01\/23573ad8776d8b22b49b34e185bcbf2f9a9acb71.jpg\",\"width\":855,\"height\":1290,\"caption\":\"Calvin Klein - Sukienka\"},{\"@type\":\"WebPage\",\"@id\":\"https:\/\/torebunia.pl\/sklep\/produkt\/calvin-klein-sukienka-2\/#webpage\",\"url\":\"https:\/\/torebunia.pl\/sklep\/produkt\/calvin-klein-sukienka-2\/\",\"name\":\"Calvin Klein - Sukienka\",\"isPartOf\":{\"@id\":\"https:\/\/torebunia.pl\/sklep\/#website\"},\"primaryImageOfPage\":{\"@id\":\"https:\/\/torebunia.pl\/sklep\/produkt\/calvin-klein-sukienka-2\/#primaryimage\"},\"datePublished\":\"2020-08-29T12:13:39+00:00\",\"dateModified\":\"2021-01-25T15:18:58+00:00\",\"inLanguage\":\"pl-PL\",\"potentialAction\":[{\"@type\":\"ReadAction\",\"target\":[\"https:\/\/torebunia.pl\/sklep\/produkt\/calvin-klein-sukienka-2\/\"]}]}]}<\/script>\n<!-- \/ Yoast SEO plugin. -->","_links":{"self":[{"href":"https:\/\/torebunia.pl\/sklep\/wp-json\/wp\/v2\/product\/4221","targetHints":{"allow":["GET"]}}],"collection":[{"href":"https:\/\/torebunia.pl\/sklep\/wp-json\/wp\/v2\/product"}],"about":[{"href":"https:\/\/torebunia.pl\/sklep\/wp-json\/wp\/v2\/types\/product"}],"replies":[{"embeddable":true,"href":"https:\/\/torebunia.pl\/sklep\/wp-json\/wp\/v2\/comments?post=4221"}],"wp:featuredmedia":[{"embeddable":true,"href":"https:\/\/torebunia.pl\/sklep\/wp-json\/wp\/v2\/media\/4222"}],"wp:attachment":[{"href":"https:\/\/torebunia.pl\/sklep\/wp-json\/wp\/v2\/media?parent=4221"}],"curies":[{"name":"wp","href":"https:\/\/api.w.org\/{rel}","templated":true}]}}