{"id":4205,"date":"2020-10-16T08:25:33","date_gmt":"2020-10-16T08:25:33","guid":{"rendered":"https:\/\/torebunia.pl\/sklep\/produkt\/dkny-kurtka\/"},"modified":"2021-01-27T11:48:47","modified_gmt":"2021-01-27T11:48:47","slug":"dkny-kurtka","status":"publish","type":"product","link":"https:\/\/torebunia.pl\/sklep\/produkt\/dkny-kurtka\/","title":{"rendered":"Dkny &#8211; Kurtka"},"content":{"rendered":"<p>Parametry produktu:<\/p>\n<ul>\n<li>cena: <strong>699.9 PLN<\/strong><\/li>\n<li>marka: <strong>DKNY<\/strong><\/li>\n<li>p\u0142e\u0107: <strong>Female<\/strong><\/li>\n<li>kategoria: <strong>ONA \/ Odzie\u017c \/ Kurtki i p\u0142aszcze \/ Kurtki kr\u00f3tkie<\/strong><\/li>\n<li>kolor: <strong>czarny<\/strong><\/li>\n<\/ul>\n<p>Opis:<br \/>\nKurtka z kolekcji Dkny. Nieocieplony model wykonany ze wzorzystego materia\u0142u. &#8211; Dopasowany fason. &#8211; Zapi\u0119cie na suwak. &#8211; Model z baskink\u0105. &#8211; Cienki materia\u0142. &#8211; Ozdobne przeszycia. &#8211; D\u0142ugo\u015b\u0107 r\u0119kawa: 61 cm. &#8211; D\u0142ugo\u015b\u0107: 60 cm. &#8211; Szeroko\u015b\u0107 pod pachami: 43 cm. &#8211; Szeroko\u015b\u0107 w ramionach: 34 cm. &#8211; Wymiary podane dla rozmiaru: 36. Kaptur: bez kaptura Ocieplenie: nieocieplane Sk\u0142ad: Materia\u0142 1: 21 % Nylon, 76 % Rayon, 3 % Spandex, Materia\u0142 2: 65 % Poliester, 31 % Rayon, 4 % Spandex, Materia\u0142 3: 100 % Poliester ID produktu: 4900-KUD0SD Kod producenta: W3014EYA<\/p>\n","protected":false},"excerpt":{"rendered":"<p>Parametry produktu: cena: 699.9 PLN marka: DKNY p\u0142e\u0107: Female kategoria: ONA \/ Odzie\u017c \/ Kurtki i p\u0142aszcze \/ Kurtki kr\u00f3tkie kolor: czarny Opis: Kurtka z kolekcji Dkny. Nieocieplony model wykonany<\/p>\n","protected":false},"featured_media":4206,"comment_status":"closed","ping_status":"open","template":"","meta":[],"class_list":{"0":"post-4205","1":"product","2":"type-product","3":"status-publish","5":"hentry","6":"product_cat-kurtki-i-plaszcze","7":"product_cat-kurtki-krotkie","8":"product_cat-odziez","9":"product_cat-ona","10":"product_tag-dkny","11":"product_tag-dkny-kurtka"},"yoast_head":"<!-- This site is optimized with the Yoast SEO plugin v15.6.2 - https:\/\/yoast.com\/wordpress\/plugins\/seo\/ -->\n<title>Dkny - Kurtka<\/title>\n<meta name=\"robots\" content=\"index, follow, max-snippet:-1, max-image-preview:large, max-video-preview:-1\" \/>\n<link rel=\"canonical\" href=\"https:\/\/torebunia.pl\/sklep\/produkt\/dkny-kurtka\/\" \/>\n<meta property=\"og:locale\" content=\"pl_PL\" \/>\n<meta property=\"og:type\" content=\"article\" \/>\n<meta property=\"og:title\" content=\"Dkny - Kurtka\" \/>\n<meta property=\"og:description\" content=\"Parametry produktu: cena: 699.9 PLN marka: DKNY p\u0142e\u0107: Female kategoria: ONA \/ Odzie\u017c \/ Kurtki i p\u0142aszcze \/ Kurtki kr\u00f3tkie kolor: czarny Opis: Kurtka z kolekcji Dkny. Nieocieplony model wykonany\" \/>\n<meta property=\"og:url\" content=\"https:\/\/torebunia.pl\/sklep\/produkt\/dkny-kurtka\/\" \/>\n<meta property=\"og:site_name\" content=\"Moje Blog\" \/>\n<meta property=\"article:modified_time\" content=\"2021-01-27T11:48:47+00:00\" \/>\n<meta property=\"og:image\" content=\"https:\/\/torebunia.pl\/sklep\/wp-content\/uploads\/2021\/01\/ec0fb686694874addfa58548e5260868fd3e9451.jpg\" \/>\n\t<meta property=\"og:image:width\" content=\"855\" \/>\n\t<meta property=\"og:image:height\" content=\"1290\" \/>\n<meta name=\"twitter:card\" content=\"summary_large_image\" \/>\n<meta name=\"twitter:label1\" content=\"Est. reading time\">\n\t<meta name=\"twitter:data1\" content=\"1 minuta\">\n<script type=\"application\/ld+json\" class=\"yoast-schema-graph\">{\"@context\":\"https:\/\/schema.org\",\"@graph\":[{\"@type\":\"WebSite\",\"@id\":\"https:\/\/torebunia.pl\/sklep\/#website\",\"url\":\"https:\/\/torebunia.pl\/sklep\/\",\"name\":\"Moje Blog\",\"description\":\"Kolejna witryna WordPress\",\"potentialAction\":[{\"@type\":\"SearchAction\",\"target\":\"https:\/\/torebunia.pl\/sklep\/?s={search_term_string}\",\"query-input\":\"required name=search_term_string\"}],\"inLanguage\":\"pl-PL\"},{\"@type\":\"ImageObject\",\"@id\":\"https:\/\/torebunia.pl\/sklep\/produkt\/dkny-kurtka\/#primaryimage\",\"inLanguage\":\"pl-PL\",\"url\":\"https:\/\/torebunia.pl\/sklep\/wp-content\/uploads\/2021\/01\/ec0fb686694874addfa58548e5260868fd3e9451.jpg\",\"width\":855,\"height\":1290,\"caption\":\"Dkny - Kurtka\"},{\"@type\":\"WebPage\",\"@id\":\"https:\/\/torebunia.pl\/sklep\/produkt\/dkny-kurtka\/#webpage\",\"url\":\"https:\/\/torebunia.pl\/sklep\/produkt\/dkny-kurtka\/\",\"name\":\"Dkny - Kurtka\",\"isPartOf\":{\"@id\":\"https:\/\/torebunia.pl\/sklep\/#website\"},\"primaryImageOfPage\":{\"@id\":\"https:\/\/torebunia.pl\/sklep\/produkt\/dkny-kurtka\/#primaryimage\"},\"datePublished\":\"2020-10-16T08:25:33+00:00\",\"dateModified\":\"2021-01-27T11:48:47+00:00\",\"inLanguage\":\"pl-PL\",\"potentialAction\":[{\"@type\":\"ReadAction\",\"target\":[\"https:\/\/torebunia.pl\/sklep\/produkt\/dkny-kurtka\/\"]}]}]}<\/script>\n<!-- \/ Yoast SEO plugin. -->","_links":{"self":[{"href":"https:\/\/torebunia.pl\/sklep\/wp-json\/wp\/v2\/product\/4205","targetHints":{"allow":["GET"]}}],"collection":[{"href":"https:\/\/torebunia.pl\/sklep\/wp-json\/wp\/v2\/product"}],"about":[{"href":"https:\/\/torebunia.pl\/sklep\/wp-json\/wp\/v2\/types\/product"}],"replies":[{"embeddable":true,"href":"https:\/\/torebunia.pl\/sklep\/wp-json\/wp\/v2\/comments?post=4205"}],"wp:featuredmedia":[{"embeddable":true,"href":"https:\/\/torebunia.pl\/sklep\/wp-json\/wp\/v2\/media\/4206"}],"wp:attachment":[{"href":"https:\/\/torebunia.pl\/sklep\/wp-json\/wp\/v2\/media?parent=4205"}],"curies":[{"name":"wp","href":"https:\/\/api.w.org\/{rel}","templated":true}]}}