{"id":4185,"date":"2020-12-30T12:44:44","date_gmt":"2020-12-30T12:44:44","guid":{"rendered":"https:\/\/torebunia.pl\/sklep\/produkt\/only-bluza-3\/"},"modified":"2021-01-27T11:48:34","modified_gmt":"2021-01-27T11:48:34","slug":"only-bluza-3","status":"publish","type":"product","link":"https:\/\/torebunia.pl\/sklep\/produkt\/only-bluza-3\/","title":{"rendered":"Only &#8211; Bluza"},"content":{"rendered":"<p>Parametry produktu:<\/p>\n<ul>\n<li>cena: <strong>149.9 PLN<\/strong><\/li>\n<li>marka: <strong>Only<\/strong><\/li>\n<li>p\u0142e\u0107: <strong>Female<\/strong><\/li>\n<li>kategoria: <strong>ONA \/ Odzie\u017c \/ Bluzy \/ Przez g\u0142ow\u0119<\/strong><\/li>\n<li>kolor: <strong>kremowy<\/strong><\/li>\n<\/ul>\n<p>Opis:<br \/>\nBluza z kolekcji Only. Model wykonany z dzianiny z nadrukiem. &#8211; Prosty fason. &#8211; Okr\u0105g\u0142y dekolt. &#8211; Obni\u017cona linia ramion. &#8211; Wyko\u0144czenie ze \u015bci\u0105gacza. &#8211; Model z nadrukiem. &#8211; D\u0142ugo\u015b\u0107 r\u0119kawa(mierzona od dekoltu): 74 cm. &#8211; Szeroko\u015b\u0107 pod pachami: 50 cm. &#8211; D\u0142ugo\u015b\u0107: 58 cm. &#8211; Wymiary podane dla rozmiaru: S. Wz\u00f3r: nadruk Kaptur: bez kaptura Sk\u0142ad: 5 % Elastan, 80 % Poliester, 15 % Wiskoza ID produktu: 4901-BLD006 Kod producenta: 15195089<\/p>\n","protected":false},"excerpt":{"rendered":"<p>Parametry produktu: cena: 149.9 PLN marka: Only p\u0142e\u0107: Female kategoria: ONA \/ Odzie\u017c \/ Bluzy \/ Przez g\u0142ow\u0119 kolor: kremowy Opis: Bluza z kolekcji Only. Model wykonany z dzianiny z<\/p>\n","protected":false},"featured_media":4186,"comment_status":"closed","ping_status":"open","template":"","meta":[],"class_list":{"0":"post-4185","1":"product","2":"type-product","3":"status-publish","5":"hentry","6":"product_cat-bluzy","7":"product_cat-odziez","8":"product_cat-ona","9":"product_cat-przez-glowe","10":"product_tag-only","11":"product_tag-only-bluza"},"yoast_head":"<!-- This site is optimized with the Yoast SEO plugin v15.6.2 - https:\/\/yoast.com\/wordpress\/plugins\/seo\/ -->\n<title>Only - Bluza<\/title>\n<meta name=\"robots\" content=\"index, follow, max-snippet:-1, max-image-preview:large, max-video-preview:-1\" \/>\n<link rel=\"canonical\" href=\"https:\/\/torebunia.pl\/sklep\/produkt\/only-bluza-3\/\" \/>\n<meta property=\"og:locale\" content=\"pl_PL\" \/>\n<meta property=\"og:type\" content=\"article\" \/>\n<meta property=\"og:title\" content=\"Only - Bluza\" \/>\n<meta property=\"og:description\" content=\"Parametry produktu: cena: 149.9 PLN marka: Only p\u0142e\u0107: Female kategoria: ONA \/ Odzie\u017c \/ Bluzy \/ Przez g\u0142ow\u0119 kolor: kremowy Opis: Bluza z kolekcji Only. Model wykonany z dzianiny z\" \/>\n<meta property=\"og:url\" content=\"https:\/\/torebunia.pl\/sklep\/produkt\/only-bluza-3\/\" \/>\n<meta property=\"og:site_name\" content=\"Moje Blog\" \/>\n<meta property=\"article:modified_time\" content=\"2021-01-27T11:48:34+00:00\" \/>\n<meta property=\"og:image\" content=\"https:\/\/torebunia.pl\/sklep\/wp-content\/uploads\/2021\/01\/5abd62edbdbcbb2e386e369d7f4b43622fbe2c11.jpg\" \/>\n\t<meta property=\"og:image:width\" content=\"855\" \/>\n\t<meta property=\"og:image:height\" content=\"1290\" \/>\n<meta name=\"twitter:card\" content=\"summary_large_image\" \/>\n<script type=\"application\/ld+json\" class=\"yoast-schema-graph\">{\"@context\":\"https:\/\/schema.org\",\"@graph\":[{\"@type\":\"WebSite\",\"@id\":\"https:\/\/torebunia.pl\/sklep\/#website\",\"url\":\"https:\/\/torebunia.pl\/sklep\/\",\"name\":\"Moje Blog\",\"description\":\"Kolejna witryna WordPress\",\"potentialAction\":[{\"@type\":\"SearchAction\",\"target\":\"https:\/\/torebunia.pl\/sklep\/?s={search_term_string}\",\"query-input\":\"required name=search_term_string\"}],\"inLanguage\":\"pl-PL\"},{\"@type\":\"ImageObject\",\"@id\":\"https:\/\/torebunia.pl\/sklep\/produkt\/only-bluza-3\/#primaryimage\",\"inLanguage\":\"pl-PL\",\"url\":\"https:\/\/torebunia.pl\/sklep\/wp-content\/uploads\/2021\/01\/5abd62edbdbcbb2e386e369d7f4b43622fbe2c11.jpg\",\"width\":855,\"height\":1290,\"caption\":\"Only - Bluza\"},{\"@type\":\"WebPage\",\"@id\":\"https:\/\/torebunia.pl\/sklep\/produkt\/only-bluza-3\/#webpage\",\"url\":\"https:\/\/torebunia.pl\/sklep\/produkt\/only-bluza-3\/\",\"name\":\"Only - Bluza\",\"isPartOf\":{\"@id\":\"https:\/\/torebunia.pl\/sklep\/#website\"},\"primaryImageOfPage\":{\"@id\":\"https:\/\/torebunia.pl\/sklep\/produkt\/only-bluza-3\/#primaryimage\"},\"datePublished\":\"2020-12-30T12:44:44+00:00\",\"dateModified\":\"2021-01-27T11:48:34+00:00\",\"inLanguage\":\"pl-PL\",\"potentialAction\":[{\"@type\":\"ReadAction\",\"target\":[\"https:\/\/torebunia.pl\/sklep\/produkt\/only-bluza-3\/\"]}]}]}<\/script>\n<!-- \/ Yoast SEO plugin. -->","_links":{"self":[{"href":"https:\/\/torebunia.pl\/sklep\/wp-json\/wp\/v2\/product\/4185","targetHints":{"allow":["GET"]}}],"collection":[{"href":"https:\/\/torebunia.pl\/sklep\/wp-json\/wp\/v2\/product"}],"about":[{"href":"https:\/\/torebunia.pl\/sklep\/wp-json\/wp\/v2\/types\/product"}],"replies":[{"embeddable":true,"href":"https:\/\/torebunia.pl\/sklep\/wp-json\/wp\/v2\/comments?post=4185"}],"wp:featuredmedia":[{"embeddable":true,"href":"https:\/\/torebunia.pl\/sklep\/wp-json\/wp\/v2\/media\/4186"}],"wp:attachment":[{"href":"https:\/\/torebunia.pl\/sklep\/wp-json\/wp\/v2\/media?parent=4185"}],"curies":[{"name":"wp","href":"https:\/\/api.w.org\/{rel}","templated":true}]}}