{"id":4161,"date":"2020-12-14T15:29:43","date_gmt":"2020-12-14T15:29:43","guid":{"rendered":"https:\/\/torebunia.pl\/sklep\/produkt\/stefanel-bluzka\/"},"modified":"2021-01-27T11:48:15","modified_gmt":"2021-01-27T11:48:15","slug":"stefanel-bluzka","status":"publish","type":"product","link":"https:\/\/torebunia.pl\/sklep\/produkt\/stefanel-bluzka\/","title":{"rendered":"Stefanel &#8211; Bluzka"},"content":{"rendered":"<p>Parametry produktu:<\/p>\n<ul>\n<li>cena: <strong>539.9 PLN<\/strong><\/li>\n<li>marka: <strong>Stefanel<\/strong><\/li>\n<li>p\u0142e\u0107: <strong>Female<\/strong><\/li>\n<li>kategoria: <strong>ONA \/ Odzie\u017c \/ Bluzki i koszule \/ Bluzki<\/strong><\/li>\n<li>kolor: <strong>be\u017cowy<\/strong><\/li>\n<\/ul>\n<p>Opis:<br \/>\nBluzka z kolekcji Stefanel. Model wykonany z g\u0142adkiej tkaniny. Posiada spiczasty dekolt. &#8211; Spiczasty dekolt. &#8211; Lu\u017any fason. &#8211; D\u0142ugi r\u0119kaw. &#8211; G\u0142adka tkanina. &#8211; Materia\u0142 ze wzorem strukturalnym. Wz\u00f3r: g\u0142adkie Fason: regular Dekolt: szpic R\u0119kaw: d\u0142ugi Okazje: casual ID produktu: 4901-BDD09C Kod producenta: CC009D71938<\/p>\n","protected":false},"excerpt":{"rendered":"<p>Parametry produktu: cena: 539.9 PLN marka: Stefanel p\u0142e\u0107: Female kategoria: ONA \/ Odzie\u017c \/ Bluzki i koszule \/ Bluzki kolor: be\u017cowy Opis: Bluzka z kolekcji Stefanel. Model wykonany z g\u0142adkiej<\/p>\n","protected":false},"featured_media":4162,"comment_status":"closed","ping_status":"open","template":"","meta":[],"class_list":{"0":"post-4161","1":"product","2":"type-product","3":"status-publish","5":"hentry","6":"product_cat-bluzki","7":"product_cat-bluzki-i-koszule","8":"product_cat-odziez","9":"product_cat-ona","10":"product_tag-stefanel","11":"product_tag-stefanel-bluzka"},"yoast_head":"<!-- This site is optimized with the Yoast SEO plugin v15.6.2 - https:\/\/yoast.com\/wordpress\/plugins\/seo\/ -->\n<title>Stefanel - Bluzka<\/title>\n<meta name=\"robots\" content=\"index, follow, max-snippet:-1, max-image-preview:large, max-video-preview:-1\" \/>\n<link rel=\"canonical\" href=\"https:\/\/torebunia.pl\/sklep\/produkt\/stefanel-bluzka\/\" \/>\n<meta property=\"og:locale\" content=\"pl_PL\" \/>\n<meta property=\"og:type\" content=\"article\" \/>\n<meta property=\"og:title\" content=\"Stefanel - Bluzka\" \/>\n<meta property=\"og:description\" content=\"Parametry produktu: cena: 539.9 PLN marka: Stefanel p\u0142e\u0107: Female kategoria: ONA \/ Odzie\u017c \/ Bluzki i koszule \/ Bluzki kolor: be\u017cowy Opis: Bluzka z kolekcji Stefanel. Model wykonany z g\u0142adkiej\" \/>\n<meta property=\"og:url\" content=\"https:\/\/torebunia.pl\/sklep\/produkt\/stefanel-bluzka\/\" \/>\n<meta property=\"og:site_name\" content=\"Moje Blog\" \/>\n<meta property=\"article:modified_time\" content=\"2021-01-27T11:48:15+00:00\" \/>\n<meta property=\"og:image\" content=\"https:\/\/torebunia.pl\/sklep\/wp-content\/uploads\/2021\/01\/8e511666c8d5f9c1f7740f813aaecfe505910226.jpg\" \/>\n\t<meta property=\"og:image:width\" content=\"855\" \/>\n\t<meta property=\"og:image:height\" content=\"1290\" \/>\n<meta name=\"twitter:card\" content=\"summary_large_image\" \/>\n<script type=\"application\/ld+json\" class=\"yoast-schema-graph\">{\"@context\":\"https:\/\/schema.org\",\"@graph\":[{\"@type\":\"WebSite\",\"@id\":\"https:\/\/torebunia.pl\/sklep\/#website\",\"url\":\"https:\/\/torebunia.pl\/sklep\/\",\"name\":\"Moje Blog\",\"description\":\"Kolejna witryna WordPress\",\"potentialAction\":[{\"@type\":\"SearchAction\",\"target\":\"https:\/\/torebunia.pl\/sklep\/?s={search_term_string}\",\"query-input\":\"required name=search_term_string\"}],\"inLanguage\":\"pl-PL\"},{\"@type\":\"ImageObject\",\"@id\":\"https:\/\/torebunia.pl\/sklep\/produkt\/stefanel-bluzka\/#primaryimage\",\"inLanguage\":\"pl-PL\",\"url\":\"https:\/\/torebunia.pl\/sklep\/wp-content\/uploads\/2021\/01\/8e511666c8d5f9c1f7740f813aaecfe505910226.jpg\",\"width\":855,\"height\":1290,\"caption\":\"Stefanel - Bluzka\"},{\"@type\":\"WebPage\",\"@id\":\"https:\/\/torebunia.pl\/sklep\/produkt\/stefanel-bluzka\/#webpage\",\"url\":\"https:\/\/torebunia.pl\/sklep\/produkt\/stefanel-bluzka\/\",\"name\":\"Stefanel - Bluzka\",\"isPartOf\":{\"@id\":\"https:\/\/torebunia.pl\/sklep\/#website\"},\"primaryImageOfPage\":{\"@id\":\"https:\/\/torebunia.pl\/sklep\/produkt\/stefanel-bluzka\/#primaryimage\"},\"datePublished\":\"2020-12-14T15:29:43+00:00\",\"dateModified\":\"2021-01-27T11:48:15+00:00\",\"inLanguage\":\"pl-PL\",\"potentialAction\":[{\"@type\":\"ReadAction\",\"target\":[\"https:\/\/torebunia.pl\/sklep\/produkt\/stefanel-bluzka\/\"]}]}]}<\/script>\n<!-- \/ Yoast SEO plugin. -->","_links":{"self":[{"href":"https:\/\/torebunia.pl\/sklep\/wp-json\/wp\/v2\/product\/4161","targetHints":{"allow":["GET"]}}],"collection":[{"href":"https:\/\/torebunia.pl\/sklep\/wp-json\/wp\/v2\/product"}],"about":[{"href":"https:\/\/torebunia.pl\/sklep\/wp-json\/wp\/v2\/types\/product"}],"replies":[{"embeddable":true,"href":"https:\/\/torebunia.pl\/sklep\/wp-json\/wp\/v2\/comments?post=4161"}],"wp:featuredmedia":[{"embeddable":true,"href":"https:\/\/torebunia.pl\/sklep\/wp-json\/wp\/v2\/media\/4162"}],"wp:attachment":[{"href":"https:\/\/torebunia.pl\/sklep\/wp-json\/wp\/v2\/media?parent=4161"}],"curies":[{"name":"wp","href":"https:\/\/api.w.org\/{rel}","templated":true}]}}