{"id":4059,"date":"2020-05-31T14:00:04","date_gmt":"2020-05-31T14:00:04","guid":{"rendered":"https:\/\/torebunia.pl\/sklep\/produkt\/brave-soul-sukienka-4\/"},"modified":"2021-01-27T11:47:03","modified_gmt":"2021-01-27T11:47:03","slug":"brave-soul-sukienka-4","status":"publish","type":"product","link":"https:\/\/torebunia.pl\/sklep\/produkt\/brave-soul-sukienka-4\/","title":{"rendered":"Brave Soul &#8211; Sukienka"},"content":{"rendered":"<p>Parametry produktu:<\/p>\n<ul>\n<li>cena: <strong>69.9 PLN<\/strong><\/li>\n<li>marka: <strong>Brave Soul<\/strong><\/li>\n<li>p\u0142e\u0107: <strong>Female<\/strong><\/li>\n<li>kategoria: <strong>ONA \/ Odzie\u017c \/ Sukienki<\/strong><\/li>\n<li>kolor: <strong>czarny<\/strong><\/li>\n<\/ul>\n<p>Opis:<br \/>\nCiep\u0142a sukienka z kolekcji Brave Soul. Prosty model wykonany z cienkiej, elastycznej dzianiny. &#8211; Prosty fason. &#8211; D\u0142ugi r\u0119kaw. &#8211; Okr\u0105g\u0142y dekolt. &#8211; G\u0142adka dzianina. &#8211; Cienka, elastyczna dzianina. &#8211; D\u0142ugo\u015b\u0107 r\u0119kawa: 69 cm. &#8211; D\u0142ugo\u015b\u0107: 90 cm. &#8211; Szeroko\u015b\u0107 pod pachami: 44 cm. &#8211; Wymiary podane dla rozmiaru: S. Wz\u00f3r: g\u0142adkie Materia\u0142: dzianina D\u0142ugo\u015b\u0107: mini R\u0119kaw: d\u0142ugi Dekolt: okr\u0105g\u0142y Okazje: casual Fason: prosty Sk\u0142ad: 100 % Akryl ID produktu: 4900-SUD0RN Kod producenta: LKD.230GRUNGINGBLA<\/p>\n","protected":false},"excerpt":{"rendered":"<p>Parametry produktu: cena: 69.9 PLN marka: Brave Soul p\u0142e\u0107: Female kategoria: ONA \/ Odzie\u017c \/ Sukienki kolor: czarny Opis: Ciep\u0142a sukienka z kolekcji Brave Soul. Prosty model wykonany z cienkiej,<\/p>\n","protected":false},"featured_media":4060,"comment_status":"closed","ping_status":"open","template":"","meta":[],"class_list":{"0":"post-4059","1":"product","2":"type-product","3":"status-publish","5":"hentry","6":"product_cat-odziez","7":"product_cat-ona","8":"product_cat-sukienki","9":"product_tag-brave-soul","10":"product_tag-brave-soul-sukienka"},"yoast_head":"<!-- This site is optimized with the Yoast SEO plugin v15.6.2 - https:\/\/yoast.com\/wordpress\/plugins\/seo\/ -->\n<title>Brave Soul - Sukienka<\/title>\n<meta name=\"robots\" content=\"index, follow, max-snippet:-1, max-image-preview:large, max-video-preview:-1\" \/>\n<link rel=\"canonical\" href=\"https:\/\/torebunia.pl\/sklep\/produkt\/brave-soul-sukienka-4\/\" \/>\n<meta property=\"og:locale\" content=\"pl_PL\" \/>\n<meta property=\"og:type\" content=\"article\" \/>\n<meta property=\"og:title\" content=\"Brave Soul - Sukienka\" \/>\n<meta property=\"og:description\" content=\"Parametry produktu: cena: 69.9 PLN marka: Brave Soul p\u0142e\u0107: Female kategoria: ONA \/ Odzie\u017c \/ Sukienki kolor: czarny Opis: Ciep\u0142a sukienka z kolekcji Brave Soul. Prosty model wykonany z cienkiej,\" \/>\n<meta property=\"og:url\" content=\"https:\/\/torebunia.pl\/sklep\/produkt\/brave-soul-sukienka-4\/\" \/>\n<meta property=\"og:site_name\" content=\"Moje Blog\" \/>\n<meta property=\"article:modified_time\" content=\"2021-01-27T11:47:03+00:00\" \/>\n<meta property=\"og:image\" content=\"https:\/\/torebunia.pl\/sklep\/wp-content\/uploads\/2021\/01\/7de8ba143491fdf48661212baa22e8eea35acc5b.jpg\" \/>\n\t<meta property=\"og:image:width\" content=\"855\" \/>\n\t<meta property=\"og:image:height\" content=\"1290\" \/>\n<meta name=\"twitter:card\" content=\"summary_large_image\" \/>\n<meta name=\"twitter:label1\" content=\"Est. reading time\">\n\t<meta name=\"twitter:data1\" content=\"1 minuta\">\n<script type=\"application\/ld+json\" class=\"yoast-schema-graph\">{\"@context\":\"https:\/\/schema.org\",\"@graph\":[{\"@type\":\"WebSite\",\"@id\":\"https:\/\/torebunia.pl\/sklep\/#website\",\"url\":\"https:\/\/torebunia.pl\/sklep\/\",\"name\":\"Moje Blog\",\"description\":\"Kolejna witryna WordPress\",\"potentialAction\":[{\"@type\":\"SearchAction\",\"target\":\"https:\/\/torebunia.pl\/sklep\/?s={search_term_string}\",\"query-input\":\"required name=search_term_string\"}],\"inLanguage\":\"pl-PL\"},{\"@type\":\"ImageObject\",\"@id\":\"https:\/\/torebunia.pl\/sklep\/produkt\/brave-soul-sukienka-4\/#primaryimage\",\"inLanguage\":\"pl-PL\",\"url\":\"https:\/\/torebunia.pl\/sklep\/wp-content\/uploads\/2021\/01\/7de8ba143491fdf48661212baa22e8eea35acc5b.jpg\",\"width\":855,\"height\":1290,\"caption\":\"Brave Soul - Sukienka\"},{\"@type\":\"WebPage\",\"@id\":\"https:\/\/torebunia.pl\/sklep\/produkt\/brave-soul-sukienka-4\/#webpage\",\"url\":\"https:\/\/torebunia.pl\/sklep\/produkt\/brave-soul-sukienka-4\/\",\"name\":\"Brave Soul - Sukienka\",\"isPartOf\":{\"@id\":\"https:\/\/torebunia.pl\/sklep\/#website\"},\"primaryImageOfPage\":{\"@id\":\"https:\/\/torebunia.pl\/sklep\/produkt\/brave-soul-sukienka-4\/#primaryimage\"},\"datePublished\":\"2020-05-31T14:00:04+00:00\",\"dateModified\":\"2021-01-27T11:47:03+00:00\",\"inLanguage\":\"pl-PL\",\"potentialAction\":[{\"@type\":\"ReadAction\",\"target\":[\"https:\/\/torebunia.pl\/sklep\/produkt\/brave-soul-sukienka-4\/\"]}]}]}<\/script>\n<!-- \/ Yoast SEO plugin. -->","_links":{"self":[{"href":"https:\/\/torebunia.pl\/sklep\/wp-json\/wp\/v2\/product\/4059","targetHints":{"allow":["GET"]}}],"collection":[{"href":"https:\/\/torebunia.pl\/sklep\/wp-json\/wp\/v2\/product"}],"about":[{"href":"https:\/\/torebunia.pl\/sklep\/wp-json\/wp\/v2\/types\/product"}],"replies":[{"embeddable":true,"href":"https:\/\/torebunia.pl\/sklep\/wp-json\/wp\/v2\/comments?post=4059"}],"wp:featuredmedia":[{"embeddable":true,"href":"https:\/\/torebunia.pl\/sklep\/wp-json\/wp\/v2\/media\/4060"}],"wp:attachment":[{"href":"https:\/\/torebunia.pl\/sklep\/wp-json\/wp\/v2\/media?parent=4059"}],"curies":[{"name":"wp","href":"https:\/\/api.w.org\/{rel}","templated":true}]}}