{"id":3999,"date":"2021-01-07T19:01:45","date_gmt":"2021-01-07T19:01:45","guid":{"rendered":"https:\/\/torebunia.pl\/sklep\/produkt\/labellamafia-biustonosz-sportowy-i-legginsy-2\/"},"modified":"2021-01-25T15:12:47","modified_gmt":"2021-01-25T15:12:47","slug":"labellamafia-biustonosz-sportowy-i-legginsy-2","status":"publish","type":"product","link":"https:\/\/torebunia.pl\/sklep\/produkt\/labellamafia-biustonosz-sportowy-i-legginsy-2\/","title":{"rendered":"LaBellaMafia &#8211; Biustonosz sportowy i legginsy"},"content":{"rendered":"<p>Parametry produktu:<\/p>\n<ul>\n<li>cena: <strong>319.9 PLN<\/strong><\/li>\n<li>marka: <strong>LABELLAMAFIA<\/strong><\/li>\n<li>p\u0142e\u0107: <strong>Female<\/strong><\/li>\n<li>kategoria: <strong>ONA \/ Odzie\u017c \/ Spodnie i legginsy \/ Legginsy<\/strong><\/li>\n<li>kolor: <strong>czarny<\/strong><\/li>\n<\/ul>\n<p>Opis:<br \/>\nBiustonosz sportowy i legginsy z kolekcji LaBellaMafia. Model wykonany z dzianiny z nadrukiem. &#8211; Elastyczny materia\u0142. &#8211; Mi\u0119kka miseczka. &#8211; Dopasowany fason. &#8211; Model z nadrukiem. &#8211; Szeroko\u015b\u0107 w pasie: 33 cm. &#8211; Wysoko\u015b\u0107 stanu: 19 cm. &#8211; Szeroko\u015b\u0107 nogawki na dole: 11 cm. &#8211; D\u0142ugo\u015b\u0107: 87 cm. &#8211; Wymiary podane dla rozmiaru: S. Wz\u00f3r: wzorzyste Sk\u0142ad: Podszewka: 27 % Elastan, 73 % Poliester, Materia\u0142 zasadniczy: 8 % Elastan, 92 % Poliester ID produktu: -100-DKD004 Kod producenta: FCJ17320<\/p>\n","protected":false},"excerpt":{"rendered":"<p>Parametry produktu: cena: 319.9 PLN marka: LABELLAMAFIA p\u0142e\u0107: Female kategoria: ONA \/ Odzie\u017c \/ Spodnie i legginsy \/ Legginsy kolor: czarny Opis: Biustonosz sportowy i legginsy z kolekcji LaBellaMafia. Model<\/p>\n","protected":false},"featured_media":4000,"comment_status":"closed","ping_status":"open","template":"","meta":[],"class_list":{"0":"post-3999","1":"product","2":"type-product","3":"status-publish","5":"hentry","6":"product_cat-legginsy","7":"product_cat-odziez","8":"product_cat-ona","9":"product_cat-spodnie-i-legginsy","10":"product_tag-labellamafia","11":"product_tag-labellamafia-biustonosz-sportowy-i-legginsy"},"yoast_head":"<!-- This site is optimized with the Yoast SEO plugin v15.6.2 - https:\/\/yoast.com\/wordpress\/plugins\/seo\/ -->\n<title>LaBellaMafia - Biustonosz sportowy i legginsy<\/title>\n<meta name=\"robots\" content=\"index, follow, max-snippet:-1, max-image-preview:large, max-video-preview:-1\" \/>\n<link rel=\"canonical\" href=\"https:\/\/torebunia.pl\/sklep\/produkt\/labellamafia-biustonosz-sportowy-i-legginsy-2\/\" \/>\n<meta property=\"og:locale\" content=\"pl_PL\" \/>\n<meta property=\"og:type\" content=\"article\" \/>\n<meta property=\"og:title\" content=\"LaBellaMafia - Biustonosz sportowy i legginsy\" \/>\n<meta property=\"og:description\" content=\"Parametry produktu: cena: 319.9 PLN marka: LABELLAMAFIA p\u0142e\u0107: Female kategoria: ONA \/ Odzie\u017c \/ Spodnie i legginsy \/ Legginsy kolor: czarny Opis: Biustonosz sportowy i legginsy z kolekcji LaBellaMafia. Model\" \/>\n<meta property=\"og:url\" content=\"https:\/\/torebunia.pl\/sklep\/produkt\/labellamafia-biustonosz-sportowy-i-legginsy-2\/\" \/>\n<meta property=\"og:site_name\" content=\"Moje Blog\" \/>\n<meta property=\"article:modified_time\" content=\"2021-01-25T15:12:47+00:00\" \/>\n<meta property=\"og:image\" content=\"https:\/\/torebunia.pl\/sklep\/wp-content\/uploads\/2021\/01\/eb242bf34befc5bd862ff308712818f02431eb43.jpg\" \/>\n\t<meta property=\"og:image:width\" content=\"855\" \/>\n\t<meta property=\"og:image:height\" content=\"1290\" \/>\n<meta name=\"twitter:card\" content=\"summary_large_image\" \/>\n<script type=\"application\/ld+json\" class=\"yoast-schema-graph\">{\"@context\":\"https:\/\/schema.org\",\"@graph\":[{\"@type\":\"WebSite\",\"@id\":\"https:\/\/torebunia.pl\/sklep\/#website\",\"url\":\"https:\/\/torebunia.pl\/sklep\/\",\"name\":\"Moje Blog\",\"description\":\"Kolejna witryna WordPress\",\"potentialAction\":[{\"@type\":\"SearchAction\",\"target\":\"https:\/\/torebunia.pl\/sklep\/?s={search_term_string}\",\"query-input\":\"required name=search_term_string\"}],\"inLanguage\":\"pl-PL\"},{\"@type\":\"ImageObject\",\"@id\":\"https:\/\/torebunia.pl\/sklep\/produkt\/labellamafia-biustonosz-sportowy-i-legginsy-2\/#primaryimage\",\"inLanguage\":\"pl-PL\",\"url\":\"https:\/\/torebunia.pl\/sklep\/wp-content\/uploads\/2021\/01\/eb242bf34befc5bd862ff308712818f02431eb43.jpg\",\"width\":855,\"height\":1290,\"caption\":\"LaBellaMafia - Biustonosz sportowy i legginsy\"},{\"@type\":\"WebPage\",\"@id\":\"https:\/\/torebunia.pl\/sklep\/produkt\/labellamafia-biustonosz-sportowy-i-legginsy-2\/#webpage\",\"url\":\"https:\/\/torebunia.pl\/sklep\/produkt\/labellamafia-biustonosz-sportowy-i-legginsy-2\/\",\"name\":\"LaBellaMafia - Biustonosz sportowy i legginsy\",\"isPartOf\":{\"@id\":\"https:\/\/torebunia.pl\/sklep\/#website\"},\"primaryImageOfPage\":{\"@id\":\"https:\/\/torebunia.pl\/sklep\/produkt\/labellamafia-biustonosz-sportowy-i-legginsy-2\/#primaryimage\"},\"datePublished\":\"2021-01-07T19:01:45+00:00\",\"dateModified\":\"2021-01-25T15:12:47+00:00\",\"inLanguage\":\"pl-PL\",\"potentialAction\":[{\"@type\":\"ReadAction\",\"target\":[\"https:\/\/torebunia.pl\/sklep\/produkt\/labellamafia-biustonosz-sportowy-i-legginsy-2\/\"]}]}]}<\/script>\n<!-- \/ Yoast SEO plugin. -->","_links":{"self":[{"href":"https:\/\/torebunia.pl\/sklep\/wp-json\/wp\/v2\/product\/3999","targetHints":{"allow":["GET"]}}],"collection":[{"href":"https:\/\/torebunia.pl\/sklep\/wp-json\/wp\/v2\/product"}],"about":[{"href":"https:\/\/torebunia.pl\/sklep\/wp-json\/wp\/v2\/types\/product"}],"replies":[{"embeddable":true,"href":"https:\/\/torebunia.pl\/sklep\/wp-json\/wp\/v2\/comments?post=3999"}],"wp:featuredmedia":[{"embeddable":true,"href":"https:\/\/torebunia.pl\/sklep\/wp-json\/wp\/v2\/media\/4000"}],"wp:attachment":[{"href":"https:\/\/torebunia.pl\/sklep\/wp-json\/wp\/v2\/media?parent=3999"}],"curies":[{"name":"wp","href":"https:\/\/api.w.org\/{rel}","templated":true}]}}