{"id":3927,"date":"2021-01-01T19:30:23","date_gmt":"2021-01-01T19:30:23","guid":{"rendered":"https:\/\/torebunia.pl\/sklep\/produkt\/dr-bacty-recznik-70-x-140-cm\/"},"modified":"2021-01-25T15:10:36","modified_gmt":"2021-01-25T15:10:36","slug":"dr-bacty-recznik-70-x-140-cm","status":"publish","type":"product","link":"https:\/\/torebunia.pl\/sklep\/produkt\/dr-bacty-recznik-70-x-140-cm\/","title":{"rendered":"Dr. Bacty &#8211; R\u0119cznik 70 x 140 cm"},"content":{"rendered":"<p>Parametry produktu:<\/p>\n<ul>\n<li>cena: <strong>99.9 PLN<\/strong><\/li>\n<li>marka: <strong>Dr. Bacty<\/strong><\/li>\n<li>p\u0142e\u0107: <strong>Female<\/strong><\/li>\n<li>kategoria: <strong>ONA \/ Akcesoria \/ Akcesoria p\u0142ywackie \/ R\u0119czniki<\/strong><\/li>\n<li>kolor: <strong>jasny niebieski<\/strong><\/li>\n<\/ul>\n<p>Opis:<br \/>\nDu\u017cy R\u0119cznik z kolekcji Dr. Bacty. Model wykonany z wzorzystego materia\u0142u. &#8211; Model wyposa\u017cony w certyfikowan\u0105 technologi\u0105 Polygiene\u00ae przeciwko namna\u017caniu si\u0119 bakterii i przykrym zapachom. &#8211; Wymiary: 70 x 140 cm. Sk\u0142ad: 15 % Nylon, 85 % Poliester ID produktu: 4901-AKD093 Kod producenta: DRC.XL.KAKTUSZIELONY<\/p>\n","protected":false},"excerpt":{"rendered":"<p>Parametry produktu: cena: 99.9 PLN marka: Dr. Bacty p\u0142e\u0107: Female kategoria: ONA \/ Akcesoria \/ Akcesoria p\u0142ywackie \/ R\u0119czniki kolor: jasny niebieski Opis: Du\u017cy R\u0119cznik z kolekcji Dr. Bacty. Model<\/p>\n","protected":false},"featured_media":3928,"comment_status":"closed","ping_status":"open","template":"","meta":[],"class_list":{"0":"post-3927","1":"product","2":"type-product","3":"status-publish","5":"hentry","6":"product_cat-akcesoria","7":"product_cat-akcesoria-plywackie","8":"product_cat-ona","9":"product_cat-reczniki","10":"product_tag-dr-bacty","11":"product_tag-dr-bacty-recznik-70-x-140-cm"},"yoast_head":"<!-- This site is optimized with the Yoast SEO plugin v15.6.2 - https:\/\/yoast.com\/wordpress\/plugins\/seo\/ -->\n<title>Dr. Bacty - R\u0119cznik 70 x 140 cm<\/title>\n<meta name=\"robots\" content=\"index, follow, max-snippet:-1, max-image-preview:large, max-video-preview:-1\" \/>\n<link rel=\"canonical\" href=\"https:\/\/torebunia.pl\/sklep\/produkt\/dr-bacty-recznik-70-x-140-cm\/\" \/>\n<meta property=\"og:locale\" content=\"pl_PL\" \/>\n<meta property=\"og:type\" content=\"article\" \/>\n<meta property=\"og:title\" content=\"Dr. Bacty - R\u0119cznik 70 x 140 cm\" \/>\n<meta property=\"og:description\" content=\"Parametry produktu: cena: 99.9 PLN marka: Dr. Bacty p\u0142e\u0107: Female kategoria: ONA \/ Akcesoria \/ Akcesoria p\u0142ywackie \/ R\u0119czniki kolor: jasny niebieski Opis: Du\u017cy R\u0119cznik z kolekcji Dr. Bacty. Model\" \/>\n<meta property=\"og:url\" content=\"https:\/\/torebunia.pl\/sklep\/produkt\/dr-bacty-recznik-70-x-140-cm\/\" \/>\n<meta property=\"og:site_name\" content=\"Moje Blog\" \/>\n<meta property=\"article:modified_time\" content=\"2021-01-25T15:10:36+00:00\" \/>\n<meta property=\"og:image\" content=\"https:\/\/torebunia.pl\/sklep\/wp-content\/uploads\/2021\/01\/d17ed5cb9400fd2eba0c11a613a7edfb277d0a53.jpg\" \/>\n\t<meta property=\"og:image:width\" content=\"855\" \/>\n\t<meta property=\"og:image:height\" content=\"1290\" \/>\n<meta name=\"twitter:card\" content=\"summary_large_image\" \/>\n<script type=\"application\/ld+json\" class=\"yoast-schema-graph\">{\"@context\":\"https:\/\/schema.org\",\"@graph\":[{\"@type\":\"WebSite\",\"@id\":\"https:\/\/torebunia.pl\/sklep\/#website\",\"url\":\"https:\/\/torebunia.pl\/sklep\/\",\"name\":\"Moje Blog\",\"description\":\"Kolejna witryna WordPress\",\"potentialAction\":[{\"@type\":\"SearchAction\",\"target\":\"https:\/\/torebunia.pl\/sklep\/?s={search_term_string}\",\"query-input\":\"required name=search_term_string\"}],\"inLanguage\":\"pl-PL\"},{\"@type\":\"ImageObject\",\"@id\":\"https:\/\/torebunia.pl\/sklep\/produkt\/dr-bacty-recznik-70-x-140-cm\/#primaryimage\",\"inLanguage\":\"pl-PL\",\"url\":\"https:\/\/torebunia.pl\/sklep\/wp-content\/uploads\/2021\/01\/d17ed5cb9400fd2eba0c11a613a7edfb277d0a53.jpg\",\"width\":855,\"height\":1290,\"caption\":\"Dr. Bacty - R\\u0119cznik 70 x 140 cm\"},{\"@type\":\"WebPage\",\"@id\":\"https:\/\/torebunia.pl\/sklep\/produkt\/dr-bacty-recznik-70-x-140-cm\/#webpage\",\"url\":\"https:\/\/torebunia.pl\/sklep\/produkt\/dr-bacty-recznik-70-x-140-cm\/\",\"name\":\"Dr. Bacty - R\\u0119cznik 70 x 140 cm\",\"isPartOf\":{\"@id\":\"https:\/\/torebunia.pl\/sklep\/#website\"},\"primaryImageOfPage\":{\"@id\":\"https:\/\/torebunia.pl\/sklep\/produkt\/dr-bacty-recznik-70-x-140-cm\/#primaryimage\"},\"datePublished\":\"2021-01-01T19:30:23+00:00\",\"dateModified\":\"2021-01-25T15:10:36+00:00\",\"inLanguage\":\"pl-PL\",\"potentialAction\":[{\"@type\":\"ReadAction\",\"target\":[\"https:\/\/torebunia.pl\/sklep\/produkt\/dr-bacty-recznik-70-x-140-cm\/\"]}]}]}<\/script>\n<!-- \/ Yoast SEO plugin. -->","_links":{"self":[{"href":"https:\/\/torebunia.pl\/sklep\/wp-json\/wp\/v2\/product\/3927","targetHints":{"allow":["GET"]}}],"collection":[{"href":"https:\/\/torebunia.pl\/sklep\/wp-json\/wp\/v2\/product"}],"about":[{"href":"https:\/\/torebunia.pl\/sklep\/wp-json\/wp\/v2\/types\/product"}],"replies":[{"embeddable":true,"href":"https:\/\/torebunia.pl\/sklep\/wp-json\/wp\/v2\/comments?post=3927"}],"wp:featuredmedia":[{"embeddable":true,"href":"https:\/\/torebunia.pl\/sklep\/wp-json\/wp\/v2\/media\/3928"}],"wp:attachment":[{"href":"https:\/\/torebunia.pl\/sklep\/wp-json\/wp\/v2\/media?parent=3927"}],"curies":[{"name":"wp","href":"https:\/\/api.w.org\/{rel}","templated":true}]}}