{"id":3911,"date":"2020-03-03T02:38:12","date_gmt":"2020-03-03T02:38:12","guid":{"rendered":"https:\/\/torebunia.pl\/sklep\/produkt\/the-north-face-plecak\/"},"modified":"2021-01-25T15:10:06","modified_gmt":"2021-01-25T15:10:06","slug":"the-north-face-plecak","status":"publish","type":"product","link":"https:\/\/torebunia.pl\/sklep\/produkt\/the-north-face-plecak\/","title":{"rendered":"The North Face &#8211; Plecak"},"content":{"rendered":"<p>Parametry produktu:<\/p>\n<ul>\n<li>cena: <strong>399.9 PLN<\/strong><\/li>\n<li>marka: <strong>The North Face<\/strong><\/li>\n<li>p\u0142e\u0107: <strong>Female<\/strong><\/li>\n<li>kategoria: <strong>ONA \/ Akcesoria \/ Plecaki \/ ON<\/strong><\/li>\n<li>kolor: <strong>szary<\/strong><\/li>\n<\/ul>\n<p>Opis:<br \/>\nPlecak z kolekcji The North Face. Model wykonany z materia\u0142u z aplikacj\u0105. &#8211; Model, wyprodukowany we wsp\u00f3\u0142pracy z ACA (American Chiropractic Association). Konstrukcja, redukuj\u0105ca nacisk na ramiona i plecy, co pozwala na komfortowe noszenie r\u00f3wnie\u017c wi\u0119kszych ci\u0119\u017car\u00f3w. &#8211; Anatomicznie profilowane pasy ramienne FlexVent\u2122 wykonane z formowanej pod ci\u015bnieniem pianki, idealnie dopasowuj\u0105ce si\u0119 do cia\u0142a. &#8211; Wspieraj\u0105cy, oddychaj\u0105cy panel na plecach z dodatkowym miejscem. &#8211; Neoprenowa kiesze\u0144 na laptopa. &#8211; Dwukomorowy model. &#8211; Kieszenie wewn\u0119trzne. &#8211; Zapi\u0119cie na suwak. &#8211; Uchwyt do r\u0119ki. &#8211; Regulowana d\u0142ugo\u015b\u0107 pask\u00f3w. &#8211; Model wyposa\u017cony w pas biodrowy. &#8211; Mie\u015bci format A4. &#8211; G\u0142\u0119boko\u015b\u0107: 14,5 cm. &#8211; Wysoko\u015b\u0107: 47 cm. &#8211; Szeroko\u015b\u0107 u podstawy: 30 cm. Materia\u0142: tekstylny Wz\u00f3r: aplikacja Wielko\u015b\u0107: mie\u015bci A4 Rodzaj: na laptopa Sk\u0142ad: Materia\u0142 1: 100 % Nylon, Materia\u0142 2: 100 % Poliester ID produktu: 4900-PKU001 Kod producenta: NF00CF9CTP91<\/p>\n","protected":false},"excerpt":{"rendered":"<p>Parametry produktu: cena: 399.9 PLN marka: The North Face p\u0142e\u0107: Female kategoria: ONA \/ Akcesoria \/ Plecaki \/ ON kolor: szary Opis: Plecak z kolekcji The North Face. Model wykonany<\/p>\n","protected":false},"featured_media":3912,"comment_status":"closed","ping_status":"open","template":"","meta":[],"class_list":{"0":"post-3911","1":"product","2":"type-product","3":"status-publish","5":"hentry","6":"product_cat-akcesoria","7":"product_cat-on","8":"product_cat-ona","9":"product_cat-plecaki","10":"product_tag-the-north-face","11":"product_tag-the-north-face-plecak"},"yoast_head":"<!-- This site is optimized with the Yoast SEO plugin v15.6.2 - https:\/\/yoast.com\/wordpress\/plugins\/seo\/ -->\n<title>The North Face - Plecak<\/title>\n<meta name=\"robots\" content=\"index, follow, max-snippet:-1, max-image-preview:large, max-video-preview:-1\" \/>\n<link rel=\"canonical\" href=\"https:\/\/torebunia.pl\/sklep\/produkt\/the-north-face-plecak\/\" \/>\n<meta property=\"og:locale\" content=\"pl_PL\" \/>\n<meta property=\"og:type\" content=\"article\" \/>\n<meta property=\"og:title\" content=\"The North Face - Plecak\" \/>\n<meta property=\"og:description\" content=\"Parametry produktu: cena: 399.9 PLN marka: The North Face p\u0142e\u0107: Female kategoria: ONA \/ Akcesoria \/ Plecaki \/ ON kolor: szary Opis: Plecak z kolekcji The North Face. Model wykonany\" \/>\n<meta property=\"og:url\" content=\"https:\/\/torebunia.pl\/sklep\/produkt\/the-north-face-plecak\/\" \/>\n<meta property=\"og:site_name\" content=\"Moje Blog\" \/>\n<meta property=\"article:modified_time\" content=\"2021-01-25T15:10:06+00:00\" \/>\n<meta property=\"og:image\" content=\"https:\/\/torebunia.pl\/sklep\/wp-content\/uploads\/2021\/01\/0b9f6992747ee2e007114fb9c3eb5047a57d61cb.jpg\" \/>\n\t<meta property=\"og:image:width\" content=\"855\" \/>\n\t<meta property=\"og:image:height\" content=\"1290\" \/>\n<meta name=\"twitter:card\" content=\"summary_large_image\" \/>\n<meta name=\"twitter:label1\" content=\"Est. reading time\">\n\t<meta name=\"twitter:data1\" content=\"1 minuta\">\n<script type=\"application\/ld+json\" class=\"yoast-schema-graph\">{\"@context\":\"https:\/\/schema.org\",\"@graph\":[{\"@type\":\"WebSite\",\"@id\":\"https:\/\/torebunia.pl\/sklep\/#website\",\"url\":\"https:\/\/torebunia.pl\/sklep\/\",\"name\":\"Moje Blog\",\"description\":\"Kolejna witryna WordPress\",\"potentialAction\":[{\"@type\":\"SearchAction\",\"target\":\"https:\/\/torebunia.pl\/sklep\/?s={search_term_string}\",\"query-input\":\"required name=search_term_string\"}],\"inLanguage\":\"pl-PL\"},{\"@type\":\"ImageObject\",\"@id\":\"https:\/\/torebunia.pl\/sklep\/produkt\/the-north-face-plecak\/#primaryimage\",\"inLanguage\":\"pl-PL\",\"url\":\"https:\/\/torebunia.pl\/sklep\/wp-content\/uploads\/2021\/01\/0b9f6992747ee2e007114fb9c3eb5047a57d61cb.jpg\",\"width\":855,\"height\":1290,\"caption\":\"The North Face - Plecak\"},{\"@type\":\"WebPage\",\"@id\":\"https:\/\/torebunia.pl\/sklep\/produkt\/the-north-face-plecak\/#webpage\",\"url\":\"https:\/\/torebunia.pl\/sklep\/produkt\/the-north-face-plecak\/\",\"name\":\"The North Face - Plecak\",\"isPartOf\":{\"@id\":\"https:\/\/torebunia.pl\/sklep\/#website\"},\"primaryImageOfPage\":{\"@id\":\"https:\/\/torebunia.pl\/sklep\/produkt\/the-north-face-plecak\/#primaryimage\"},\"datePublished\":\"2020-03-03T02:38:12+00:00\",\"dateModified\":\"2021-01-25T15:10:06+00:00\",\"inLanguage\":\"pl-PL\",\"potentialAction\":[{\"@type\":\"ReadAction\",\"target\":[\"https:\/\/torebunia.pl\/sklep\/produkt\/the-north-face-plecak\/\"]}]}]}<\/script>\n<!-- \/ Yoast SEO plugin. -->","_links":{"self":[{"href":"https:\/\/torebunia.pl\/sklep\/wp-json\/wp\/v2\/product\/3911","targetHints":{"allow":["GET"]}}],"collection":[{"href":"https:\/\/torebunia.pl\/sklep\/wp-json\/wp\/v2\/product"}],"about":[{"href":"https:\/\/torebunia.pl\/sklep\/wp-json\/wp\/v2\/types\/product"}],"replies":[{"embeddable":true,"href":"https:\/\/torebunia.pl\/sklep\/wp-json\/wp\/v2\/comments?post=3911"}],"wp:featuredmedia":[{"embeddable":true,"href":"https:\/\/torebunia.pl\/sklep\/wp-json\/wp\/v2\/media\/3912"}],"wp:attachment":[{"href":"https:\/\/torebunia.pl\/sklep\/wp-json\/wp\/v2\/media?parent=3911"}],"curies":[{"name":"wp","href":"https:\/\/api.w.org\/{rel}","templated":true}]}}