{"id":3877,"date":"2020-04-06T07:39:06","date_gmt":"2020-04-06T07:39:06","guid":{"rendered":"https:\/\/torebunia.pl\/sklep\/produkt\/vila-spodnie\/"},"modified":"2021-01-25T15:09:11","modified_gmt":"2021-01-25T15:09:11","slug":"vila-spodnie","status":"publish","type":"product","link":"https:\/\/torebunia.pl\/sklep\/produkt\/vila-spodnie\/","title":{"rendered":"Vila &#8211; Spodnie"},"content":{"rendered":"<p>Parametry produktu:<\/p>\n<ul>\n<li>cena: <strong>169.9 PLN<\/strong><\/li>\n<li>marka: <strong>Vila<\/strong><\/li>\n<li>p\u0142e\u0107: <strong>Female<\/strong><\/li>\n<li>kategoria: <strong>ONA \/ Odzie\u017c \/ Spodnie i legginsy \/ Materia\u0142owe<\/strong><\/li>\n<li>kolor: <strong>kawowy<\/strong><\/li>\n<\/ul>\n<p>Opis:<br \/>\nSpodnie z kolekcji Vila. Model wykonany z imitacji sk\u00f3ry. &#8211; Dopasowany model. &#8211; Podwy\u017cszony stan. &#8211; Zapi\u0119cie na kryty suwak. &#8211; Szeroko\u015b\u0107 w pasie: 34 cm. &#8211; Szeroko\u015b\u0107 w biodrach: 43 cm. &#8211; Wysoko\u015b\u0107 stanu: 27,5 cm. &#8211; Szeroko\u015b\u0107 nogawki na dole: 11,5 cm. &#8211; Szeroko\u015b\u0107 nogawki: 26 cm. &#8211; D\u0142ugo\u015b\u0107: 97,5 cm. &#8211; Wymiary podane dla rozmiaru: 36. Wz\u00f3r: g\u0142adkie Materia\u0142: tkanina Fason: dopasowany Materia\u0142: z elastanem Materia\u0142: imitacja sk\u00f3ry Talia: high Sk\u0142ad: 100 % Poliuretan ID produktu: 4900-LGD0AD Kod producenta: 14060898<\/p>\n","protected":false},"excerpt":{"rendered":"<p>Parametry produktu: cena: 169.9 PLN marka: Vila p\u0142e\u0107: Female kategoria: ONA \/ Odzie\u017c \/ Spodnie i legginsy \/ Materia\u0142owe kolor: kawowy Opis: Spodnie z kolekcji Vila. Model wykonany z imitacji<\/p>\n","protected":false},"featured_media":3878,"comment_status":"closed","ping_status":"open","template":"","meta":[],"class_list":{"0":"post-3877","1":"product","2":"type-product","3":"status-publish","5":"hentry","6":"product_cat-materialowe","7":"product_cat-odziez","8":"product_cat-ona","9":"product_cat-spodnie-i-legginsy","10":"product_tag-vila","11":"product_tag-vila-spodnie"},"yoast_head":"<!-- This site is optimized with the Yoast SEO plugin v15.6.2 - https:\/\/yoast.com\/wordpress\/plugins\/seo\/ -->\n<title>Vila - Spodnie<\/title>\n<meta name=\"robots\" content=\"index, follow, max-snippet:-1, max-image-preview:large, max-video-preview:-1\" \/>\n<link rel=\"canonical\" href=\"https:\/\/torebunia.pl\/sklep\/produkt\/vila-spodnie\/\" \/>\n<meta property=\"og:locale\" content=\"pl_PL\" \/>\n<meta property=\"og:type\" content=\"article\" \/>\n<meta property=\"og:title\" content=\"Vila - Spodnie\" \/>\n<meta property=\"og:description\" content=\"Parametry produktu: cena: 169.9 PLN marka: Vila p\u0142e\u0107: Female kategoria: ONA \/ Odzie\u017c \/ Spodnie i legginsy \/ Materia\u0142owe kolor: kawowy Opis: Spodnie z kolekcji Vila. Model wykonany z imitacji\" \/>\n<meta property=\"og:url\" content=\"https:\/\/torebunia.pl\/sklep\/produkt\/vila-spodnie\/\" \/>\n<meta property=\"og:site_name\" content=\"Moje Blog\" \/>\n<meta property=\"article:modified_time\" content=\"2021-01-25T15:09:11+00:00\" \/>\n<meta property=\"og:image\" content=\"https:\/\/torebunia.pl\/sklep\/wp-content\/uploads\/2021\/01\/2bc778be5637eda246612903028b601d10ac2f27.jpg\" \/>\n\t<meta property=\"og:image:width\" content=\"855\" \/>\n\t<meta property=\"og:image:height\" content=\"1290\" \/>\n<meta name=\"twitter:card\" content=\"summary_large_image\" \/>\n<meta name=\"twitter:label1\" content=\"Est. reading time\">\n\t<meta name=\"twitter:data1\" content=\"1 minuta\">\n<script type=\"application\/ld+json\" class=\"yoast-schema-graph\">{\"@context\":\"https:\/\/schema.org\",\"@graph\":[{\"@type\":\"WebSite\",\"@id\":\"https:\/\/torebunia.pl\/sklep\/#website\",\"url\":\"https:\/\/torebunia.pl\/sklep\/\",\"name\":\"Moje Blog\",\"description\":\"Kolejna witryna WordPress\",\"potentialAction\":[{\"@type\":\"SearchAction\",\"target\":\"https:\/\/torebunia.pl\/sklep\/?s={search_term_string}\",\"query-input\":\"required name=search_term_string\"}],\"inLanguage\":\"pl-PL\"},{\"@type\":\"ImageObject\",\"@id\":\"https:\/\/torebunia.pl\/sklep\/produkt\/vila-spodnie\/#primaryimage\",\"inLanguage\":\"pl-PL\",\"url\":\"https:\/\/torebunia.pl\/sklep\/wp-content\/uploads\/2021\/01\/2bc778be5637eda246612903028b601d10ac2f27.jpg\",\"width\":855,\"height\":1290,\"caption\":\"Vila - Spodnie\"},{\"@type\":\"WebPage\",\"@id\":\"https:\/\/torebunia.pl\/sklep\/produkt\/vila-spodnie\/#webpage\",\"url\":\"https:\/\/torebunia.pl\/sklep\/produkt\/vila-spodnie\/\",\"name\":\"Vila - Spodnie\",\"isPartOf\":{\"@id\":\"https:\/\/torebunia.pl\/sklep\/#website\"},\"primaryImageOfPage\":{\"@id\":\"https:\/\/torebunia.pl\/sklep\/produkt\/vila-spodnie\/#primaryimage\"},\"datePublished\":\"2020-04-06T07:39:06+00:00\",\"dateModified\":\"2021-01-25T15:09:11+00:00\",\"inLanguage\":\"pl-PL\",\"potentialAction\":[{\"@type\":\"ReadAction\",\"target\":[\"https:\/\/torebunia.pl\/sklep\/produkt\/vila-spodnie\/\"]}]}]}<\/script>\n<!-- \/ Yoast SEO plugin. -->","_links":{"self":[{"href":"https:\/\/torebunia.pl\/sklep\/wp-json\/wp\/v2\/product\/3877","targetHints":{"allow":["GET"]}}],"collection":[{"href":"https:\/\/torebunia.pl\/sklep\/wp-json\/wp\/v2\/product"}],"about":[{"href":"https:\/\/torebunia.pl\/sklep\/wp-json\/wp\/v2\/types\/product"}],"replies":[{"embeddable":true,"href":"https:\/\/torebunia.pl\/sklep\/wp-json\/wp\/v2\/comments?post=3877"}],"wp:featuredmedia":[{"embeddable":true,"href":"https:\/\/torebunia.pl\/sklep\/wp-json\/wp\/v2\/media\/3878"}],"wp:attachment":[{"href":"https:\/\/torebunia.pl\/sklep\/wp-json\/wp\/v2\/media?parent=3877"}],"curies":[{"name":"wp","href":"https:\/\/api.w.org\/{rel}","templated":true}]}}