{"id":3871,"date":"2020-08-03T23:04:59","date_gmt":"2020-08-03T23:04:59","guid":{"rendered":"https:\/\/torebunia.pl\/sklep\/produkt\/g-star-raw-parka\/"},"modified":"2021-01-25T15:09:01","modified_gmt":"2021-01-25T15:09:01","slug":"g-star-raw-parka","status":"publish","type":"product","link":"https:\/\/torebunia.pl\/sklep\/produkt\/g-star-raw-parka\/","title":{"rendered":"G-Star Raw &#8211; Parka"},"content":{"rendered":"<p>Parametry produktu:<\/p>\n<ul>\n<li>cena: <strong>1249.0 PLN<\/strong><\/li>\n<li>marka: <strong>G-Star Raw<\/strong><\/li>\n<li>p\u0142e\u0107: <strong>Female<\/strong><\/li>\n<li>kategoria: <strong>ONA \/ Odzie\u017c \/ Kurtki i p\u0142aszcze \/ Kurtki d\u0142ugie<\/strong><\/li>\n<li>kolor: <strong>czerwony<\/strong><\/li>\n<\/ul>\n<p>Opis:<br \/>\nParka z kolekcji G-Star Raw. Ocieplony model wykonany z g\u0142adkiego materia\u0142u. &#8211; Prosty fason. &#8211; Zapi\u0119cie na suwak i zatrzaski. &#8211; Zapinane i wsuwane kieszenie zewn\u0119trzne. &#8211; Ocieplony model na podszewce. &#8211; Podwy\u017cszony ko\u0142nierz. &#8211; Odpinany kaptur. &#8211; D\u0142ugo\u015b\u0107 r\u0119kawa: 60,5 cm. &#8211; D\u0142ugo\u015b\u0107: 97 cm. &#8211; Szeroko\u015b\u0107 pod pachami: 48 cm. &#8211; Szeroko\u015b\u0107 w ramionach: 39 cm. &#8211; Wymiary podane dla rozmiaru: S. Podszewka: z podszewk\u0105 Kaptur: z kapturem Fason: parka Ocieplenie: ocieplane Sk\u0142ad: Materia\u0142 1: 100 % Poliamid, Materia\u0142 2: 100 % Poliester, Materia\u0142 3: 5 % Elastan, 95 % Poliester ID produktu: 4900-KUD10M Kod producenta: D16750.A281.5666<\/p>\n","protected":false},"excerpt":{"rendered":"<p>Parametry produktu: cena: 1249.0 PLN marka: G-Star Raw p\u0142e\u0107: Female kategoria: ONA \/ Odzie\u017c \/ Kurtki i p\u0142aszcze \/ Kurtki d\u0142ugie kolor: czerwony Opis: Parka z kolekcji G-Star Raw. Ocieplony<\/p>\n","protected":false},"featured_media":3872,"comment_status":"closed","ping_status":"open","template":"","meta":[],"class_list":{"0":"post-3871","1":"product","2":"type-product","3":"status-publish","5":"hentry","6":"product_cat-kurtki-dlugie","7":"product_cat-kurtki-i-plaszcze","8":"product_cat-odziez","9":"product_cat-ona","10":"product_tag-g-star-raw","11":"product_tag-g-star-raw-parka"},"yoast_head":"<!-- This site is optimized with the Yoast SEO plugin v15.6.2 - https:\/\/yoast.com\/wordpress\/plugins\/seo\/ -->\n<title>G-Star Raw - Parka<\/title>\n<meta name=\"robots\" content=\"index, follow, max-snippet:-1, max-image-preview:large, max-video-preview:-1\" \/>\n<link rel=\"canonical\" href=\"https:\/\/torebunia.pl\/sklep\/produkt\/g-star-raw-parka\/\" \/>\n<meta property=\"og:locale\" content=\"pl_PL\" \/>\n<meta property=\"og:type\" content=\"article\" \/>\n<meta property=\"og:title\" content=\"G-Star Raw - Parka\" \/>\n<meta property=\"og:description\" content=\"Parametry produktu: cena: 1249.0 PLN marka: G-Star Raw p\u0142e\u0107: Female kategoria: ONA \/ Odzie\u017c \/ Kurtki i p\u0142aszcze \/ Kurtki d\u0142ugie kolor: czerwony Opis: Parka z kolekcji G-Star Raw. Ocieplony\" \/>\n<meta property=\"og:url\" content=\"https:\/\/torebunia.pl\/sklep\/produkt\/g-star-raw-parka\/\" \/>\n<meta property=\"og:site_name\" content=\"Moje Blog\" \/>\n<meta property=\"article:modified_time\" content=\"2021-01-25T15:09:01+00:00\" \/>\n<meta property=\"og:image\" content=\"https:\/\/torebunia.pl\/sklep\/wp-content\/uploads\/2021\/01\/c0975a1b55cefab45f5b78bb89549f310de88b28.jpg\" \/>\n\t<meta property=\"og:image:width\" content=\"855\" \/>\n\t<meta property=\"og:image:height\" content=\"1290\" \/>\n<meta name=\"twitter:card\" content=\"summary_large_image\" \/>\n<meta name=\"twitter:label1\" content=\"Est. reading time\">\n\t<meta name=\"twitter:data1\" content=\"1 minuta\">\n<script type=\"application\/ld+json\" class=\"yoast-schema-graph\">{\"@context\":\"https:\/\/schema.org\",\"@graph\":[{\"@type\":\"WebSite\",\"@id\":\"https:\/\/torebunia.pl\/sklep\/#website\",\"url\":\"https:\/\/torebunia.pl\/sklep\/\",\"name\":\"Moje Blog\",\"description\":\"Kolejna witryna WordPress\",\"potentialAction\":[{\"@type\":\"SearchAction\",\"target\":\"https:\/\/torebunia.pl\/sklep\/?s={search_term_string}\",\"query-input\":\"required name=search_term_string\"}],\"inLanguage\":\"pl-PL\"},{\"@type\":\"ImageObject\",\"@id\":\"https:\/\/torebunia.pl\/sklep\/produkt\/g-star-raw-parka\/#primaryimage\",\"inLanguage\":\"pl-PL\",\"url\":\"https:\/\/torebunia.pl\/sklep\/wp-content\/uploads\/2021\/01\/c0975a1b55cefab45f5b78bb89549f310de88b28.jpg\",\"width\":855,\"height\":1290,\"caption\":\"G-Star Raw - Parka\"},{\"@type\":\"WebPage\",\"@id\":\"https:\/\/torebunia.pl\/sklep\/produkt\/g-star-raw-parka\/#webpage\",\"url\":\"https:\/\/torebunia.pl\/sklep\/produkt\/g-star-raw-parka\/\",\"name\":\"G-Star Raw - Parka\",\"isPartOf\":{\"@id\":\"https:\/\/torebunia.pl\/sklep\/#website\"},\"primaryImageOfPage\":{\"@id\":\"https:\/\/torebunia.pl\/sklep\/produkt\/g-star-raw-parka\/#primaryimage\"},\"datePublished\":\"2020-08-03T23:04:59+00:00\",\"dateModified\":\"2021-01-25T15:09:01+00:00\",\"inLanguage\":\"pl-PL\",\"potentialAction\":[{\"@type\":\"ReadAction\",\"target\":[\"https:\/\/torebunia.pl\/sklep\/produkt\/g-star-raw-parka\/\"]}]}]}<\/script>\n<!-- \/ Yoast SEO plugin. -->","_links":{"self":[{"href":"https:\/\/torebunia.pl\/sklep\/wp-json\/wp\/v2\/product\/3871","targetHints":{"allow":["GET"]}}],"collection":[{"href":"https:\/\/torebunia.pl\/sklep\/wp-json\/wp\/v2\/product"}],"about":[{"href":"https:\/\/torebunia.pl\/sklep\/wp-json\/wp\/v2\/types\/product"}],"replies":[{"embeddable":true,"href":"https:\/\/torebunia.pl\/sklep\/wp-json\/wp\/v2\/comments?post=3871"}],"wp:featuredmedia":[{"embeddable":true,"href":"https:\/\/torebunia.pl\/sklep\/wp-json\/wp\/v2\/media\/3872"}],"wp:attachment":[{"href":"https:\/\/torebunia.pl\/sklep\/wp-json\/wp\/v2\/media?parent=3871"}],"curies":[{"name":"wp","href":"https:\/\/api.w.org\/{rel}","templated":true}]}}