{"id":3857,"date":"2020-12-13T15:24:48","date_gmt":"2020-12-13T15:24:48","guid":{"rendered":"https:\/\/torebunia.pl\/sklep\/produkt\/mango-kaszkiet-gales\/"},"modified":"2021-01-25T15:08:40","modified_gmt":"2021-01-25T15:08:40","slug":"mango-kaszkiet-gales","status":"publish","type":"product","link":"https:\/\/torebunia.pl\/sklep\/produkt\/mango-kaszkiet-gales\/","title":{"rendered":"Mango &#8211; Kaszkiet Gales"},"content":{"rendered":"<p>Parametry produktu:<\/p>\n<ul>\n<li>cena: <strong>69.99 PLN<\/strong><\/li>\n<li>marka: <strong>Mango<\/strong><\/li>\n<li>p\u0142e\u0107: <strong>Female<\/strong><\/li>\n<li>kategoria: <strong>ONA \/ Akcesoria \/ Czapki i kapelusze \/ Kaszkiety i berety<\/strong><\/li>\n<li>kolor: <strong>br\u0105zowy<\/strong><\/li>\n<\/ul>\n<p>Opis:<br \/>\nKaszkiet z kolekcji Mango. Model wykonany z wzorzystego materia\u0142u. Wz\u00f3r: wzorzyste Wz\u00f3r: drobny wz\u00f3r Materia\u0142: z domieszk\u0105 we\u0142ny Sk\u0142ad: Podszewka: 10 % Bawe\u0142na, 90 % Poliester, Materia\u0142 zasadniczy: 95 % Poliester, 5 % We\u0142na ID produktu: -100-CAD004 Kod producenta: 77064407<\/p>\n","protected":false},"excerpt":{"rendered":"<p>Parametry produktu: cena: 69.99 PLN marka: Mango p\u0142e\u0107: Female kategoria: ONA \/ Akcesoria \/ Czapki i kapelusze \/ Kaszkiety i berety kolor: br\u0105zowy Opis: Kaszkiet z kolekcji Mango. Model wykonany<\/p>\n","protected":false},"featured_media":3858,"comment_status":"closed","ping_status":"open","template":"","meta":[],"class_list":{"0":"post-3857","1":"product","2":"type-product","3":"status-publish","5":"hentry","6":"product_cat-akcesoria","7":"product_cat-czapki-i-kapelusze","8":"product_cat-kaszkiety-i-berety","9":"product_cat-ona","10":"product_tag-mango","11":"product_tag-mango-kaszkiet-gales"},"yoast_head":"<!-- This site is optimized with the Yoast SEO plugin v15.6.2 - https:\/\/yoast.com\/wordpress\/plugins\/seo\/ -->\n<title>Mango - Kaszkiet Gales<\/title>\n<meta name=\"robots\" content=\"index, follow, max-snippet:-1, max-image-preview:large, max-video-preview:-1\" \/>\n<link rel=\"canonical\" href=\"https:\/\/torebunia.pl\/sklep\/produkt\/mango-kaszkiet-gales\/\" \/>\n<meta property=\"og:locale\" content=\"pl_PL\" \/>\n<meta property=\"og:type\" content=\"article\" \/>\n<meta property=\"og:title\" content=\"Mango - Kaszkiet Gales\" \/>\n<meta property=\"og:description\" content=\"Parametry produktu: cena: 69.99 PLN marka: Mango p\u0142e\u0107: Female kategoria: ONA \/ Akcesoria \/ Czapki i kapelusze \/ Kaszkiety i berety kolor: br\u0105zowy Opis: Kaszkiet z kolekcji Mango. Model wykonany\" \/>\n<meta property=\"og:url\" content=\"https:\/\/torebunia.pl\/sklep\/produkt\/mango-kaszkiet-gales\/\" \/>\n<meta property=\"og:site_name\" content=\"Moje Blog\" \/>\n<meta property=\"article:modified_time\" content=\"2021-01-25T15:08:40+00:00\" \/>\n<meta property=\"og:image\" content=\"https:\/\/torebunia.pl\/sklep\/wp-content\/uploads\/2021\/01\/a2c602b742953cd70704940484ca99185d2e587b.jpg\" \/>\n\t<meta property=\"og:image:width\" content=\"855\" \/>\n\t<meta property=\"og:image:height\" content=\"1290\" \/>\n<meta name=\"twitter:card\" content=\"summary_large_image\" \/>\n<script type=\"application\/ld+json\" class=\"yoast-schema-graph\">{\"@context\":\"https:\/\/schema.org\",\"@graph\":[{\"@type\":\"WebSite\",\"@id\":\"https:\/\/torebunia.pl\/sklep\/#website\",\"url\":\"https:\/\/torebunia.pl\/sklep\/\",\"name\":\"Moje Blog\",\"description\":\"Kolejna witryna WordPress\",\"potentialAction\":[{\"@type\":\"SearchAction\",\"target\":\"https:\/\/torebunia.pl\/sklep\/?s={search_term_string}\",\"query-input\":\"required name=search_term_string\"}],\"inLanguage\":\"pl-PL\"},{\"@type\":\"ImageObject\",\"@id\":\"https:\/\/torebunia.pl\/sklep\/produkt\/mango-kaszkiet-gales\/#primaryimage\",\"inLanguage\":\"pl-PL\",\"url\":\"https:\/\/torebunia.pl\/sklep\/wp-content\/uploads\/2021\/01\/a2c602b742953cd70704940484ca99185d2e587b.jpg\",\"width\":855,\"height\":1290,\"caption\":\"Mango - Kaszkiet Gales\"},{\"@type\":\"WebPage\",\"@id\":\"https:\/\/torebunia.pl\/sklep\/produkt\/mango-kaszkiet-gales\/#webpage\",\"url\":\"https:\/\/torebunia.pl\/sklep\/produkt\/mango-kaszkiet-gales\/\",\"name\":\"Mango - Kaszkiet Gales\",\"isPartOf\":{\"@id\":\"https:\/\/torebunia.pl\/sklep\/#website\"},\"primaryImageOfPage\":{\"@id\":\"https:\/\/torebunia.pl\/sklep\/produkt\/mango-kaszkiet-gales\/#primaryimage\"},\"datePublished\":\"2020-12-13T15:24:48+00:00\",\"dateModified\":\"2021-01-25T15:08:40+00:00\",\"inLanguage\":\"pl-PL\",\"potentialAction\":[{\"@type\":\"ReadAction\",\"target\":[\"https:\/\/torebunia.pl\/sklep\/produkt\/mango-kaszkiet-gales\/\"]}]}]}<\/script>\n<!-- \/ Yoast SEO plugin. -->","_links":{"self":[{"href":"https:\/\/torebunia.pl\/sklep\/wp-json\/wp\/v2\/product\/3857","targetHints":{"allow":["GET"]}}],"collection":[{"href":"https:\/\/torebunia.pl\/sklep\/wp-json\/wp\/v2\/product"}],"about":[{"href":"https:\/\/torebunia.pl\/sklep\/wp-json\/wp\/v2\/types\/product"}],"replies":[{"embeddable":true,"href":"https:\/\/torebunia.pl\/sklep\/wp-json\/wp\/v2\/comments?post=3857"}],"wp:featuredmedia":[{"embeddable":true,"href":"https:\/\/torebunia.pl\/sklep\/wp-json\/wp\/v2\/media\/3858"}],"wp:attachment":[{"href":"https:\/\/torebunia.pl\/sklep\/wp-json\/wp\/v2\/media?parent=3857"}],"curies":[{"name":"wp","href":"https:\/\/api.w.org\/{rel}","templated":true}]}}