{"id":3835,"date":"2020-11-27T11:20:25","date_gmt":"2020-11-27T11:20:25","guid":{"rendered":"https:\/\/torebunia.pl\/sklep\/produkt\/inuikii-sniegowce-skorzane\/"},"modified":"2021-01-25T15:08:04","modified_gmt":"2021-01-25T15:08:04","slug":"inuikii-sniegowce-skorzane","status":"publish","type":"product","link":"https:\/\/torebunia.pl\/sklep\/produkt\/inuikii-sniegowce-skorzane\/","title":{"rendered":"Inuikii &#8211; \u015aniegowce sk\u00f3rzane"},"content":{"rendered":"<p>Parametry produktu:<\/p>\n<ul>\n<li>cena: <strong>1199.0 PLN<\/strong><\/li>\n<li>marka: <strong>Inuikii<\/strong><\/li>\n<li>p\u0142e\u0107: <strong>Female<\/strong><\/li>\n<li>kategoria: <strong>ONA \/ Obuwie \/ \u015aniegowce<\/strong><\/li>\n<li>kolor: <strong>czarny<\/strong><\/li>\n<\/ul>\n<p>Opis:<br \/>\n\u015aniegowce z kolekcji Inuikii. Model wykonany ze sk\u00f3ry naturalnej. &#8211; Model ocieplony naturalnym ko\u017cuchem owczym. &#8211; Okr\u0105g\u0142y, usztywniony nosek. &#8211; Sznurowany model. &#8211; Antypo\u015blizgowa, gumowa podeszwa. &#8211; D\u0142ugo\u015b\u0107 wk\u0142adki wynosi: 24 cm. &#8211; Wymiary podane dla rozmiaru: 37. Obcas: p\u0142aski Ocieplenie: ocieplane Materia\u0142: sk\u00f3ra licowa Zapi\u0119cie: sznurowanie Sk\u0142ad: Cholewka: Sk\u00f3ra naturalna, Wn\u0119trze: We\u0142na, Podeszwa: Materia\u0142 syntetyczny ID produktu: 4900-OBD2SG Kod producenta: 70202.89.BLACK<\/p>\n","protected":false},"excerpt":{"rendered":"<p>Parametry produktu: cena: 1199.0 PLN marka: Inuikii p\u0142e\u0107: Female kategoria: ONA \/ Obuwie \/ \u015aniegowce kolor: czarny Opis: \u015aniegowce z kolekcji Inuikii. Model wykonany ze sk\u00f3ry naturalnej. &#8211; Model ocieplony<\/p>\n","protected":false},"featured_media":3836,"comment_status":"closed","ping_status":"open","template":"","meta":[],"class_list":{"0":"post-3835","1":"product","2":"type-product","3":"status-publish","5":"hentry","6":"product_cat-obuwie","7":"product_cat-ona","8":"product_cat-sniegowce","9":"product_tag-inuikii","10":"product_tag-inuikii-sniegowce-skorzane"},"yoast_head":"<!-- This site is optimized with the Yoast SEO plugin v15.6.2 - https:\/\/yoast.com\/wordpress\/plugins\/seo\/ -->\n<title>Inuikii - \u015aniegowce sk\u00f3rzane<\/title>\n<meta name=\"robots\" content=\"index, follow, max-snippet:-1, max-image-preview:large, max-video-preview:-1\" \/>\n<link rel=\"canonical\" href=\"https:\/\/torebunia.pl\/sklep\/produkt\/inuikii-sniegowce-skorzane\/\" \/>\n<meta property=\"og:locale\" content=\"pl_PL\" \/>\n<meta property=\"og:type\" content=\"article\" \/>\n<meta property=\"og:title\" content=\"Inuikii - \u015aniegowce sk\u00f3rzane\" \/>\n<meta property=\"og:description\" content=\"Parametry produktu: cena: 1199.0 PLN marka: Inuikii p\u0142e\u0107: Female kategoria: ONA \/ Obuwie \/ \u015aniegowce kolor: czarny Opis: \u015aniegowce z kolekcji Inuikii. Model wykonany ze sk\u00f3ry naturalnej. &#8211; Model ocieplony\" \/>\n<meta property=\"og:url\" content=\"https:\/\/torebunia.pl\/sklep\/produkt\/inuikii-sniegowce-skorzane\/\" \/>\n<meta property=\"og:site_name\" content=\"Moje Blog\" \/>\n<meta property=\"article:modified_time\" content=\"2021-01-25T15:08:04+00:00\" \/>\n<meta property=\"og:image\" content=\"https:\/\/torebunia.pl\/sklep\/wp-content\/uploads\/2021\/01\/a9969b85e1e8e94a8fc312cc5a3202a81cad2332.jpg\" \/>\n\t<meta property=\"og:image:width\" content=\"855\" \/>\n\t<meta property=\"og:image:height\" content=\"1290\" \/>\n<meta name=\"twitter:card\" content=\"summary_large_image\" \/>\n<script type=\"application\/ld+json\" class=\"yoast-schema-graph\">{\"@context\":\"https:\/\/schema.org\",\"@graph\":[{\"@type\":\"WebSite\",\"@id\":\"https:\/\/torebunia.pl\/sklep\/#website\",\"url\":\"https:\/\/torebunia.pl\/sklep\/\",\"name\":\"Moje Blog\",\"description\":\"Kolejna witryna WordPress\",\"potentialAction\":[{\"@type\":\"SearchAction\",\"target\":\"https:\/\/torebunia.pl\/sklep\/?s={search_term_string}\",\"query-input\":\"required name=search_term_string\"}],\"inLanguage\":\"pl-PL\"},{\"@type\":\"ImageObject\",\"@id\":\"https:\/\/torebunia.pl\/sklep\/produkt\/inuikii-sniegowce-skorzane\/#primaryimage\",\"inLanguage\":\"pl-PL\",\"url\":\"https:\/\/torebunia.pl\/sklep\/wp-content\/uploads\/2021\/01\/a9969b85e1e8e94a8fc312cc5a3202a81cad2332.jpg\",\"width\":855,\"height\":1290,\"caption\":\"Inuikii - \\u015aniegowce sk\\u00f3rzane\"},{\"@type\":\"WebPage\",\"@id\":\"https:\/\/torebunia.pl\/sklep\/produkt\/inuikii-sniegowce-skorzane\/#webpage\",\"url\":\"https:\/\/torebunia.pl\/sklep\/produkt\/inuikii-sniegowce-skorzane\/\",\"name\":\"Inuikii - \\u015aniegowce sk\\u00f3rzane\",\"isPartOf\":{\"@id\":\"https:\/\/torebunia.pl\/sklep\/#website\"},\"primaryImageOfPage\":{\"@id\":\"https:\/\/torebunia.pl\/sklep\/produkt\/inuikii-sniegowce-skorzane\/#primaryimage\"},\"datePublished\":\"2020-11-27T11:20:25+00:00\",\"dateModified\":\"2021-01-25T15:08:04+00:00\",\"inLanguage\":\"pl-PL\",\"potentialAction\":[{\"@type\":\"ReadAction\",\"target\":[\"https:\/\/torebunia.pl\/sklep\/produkt\/inuikii-sniegowce-skorzane\/\"]}]}]}<\/script>\n<!-- \/ Yoast SEO plugin. -->","_links":{"self":[{"href":"https:\/\/torebunia.pl\/sklep\/wp-json\/wp\/v2\/product\/3835","targetHints":{"allow":["GET"]}}],"collection":[{"href":"https:\/\/torebunia.pl\/sklep\/wp-json\/wp\/v2\/product"}],"about":[{"href":"https:\/\/torebunia.pl\/sklep\/wp-json\/wp\/v2\/types\/product"}],"replies":[{"embeddable":true,"href":"https:\/\/torebunia.pl\/sklep\/wp-json\/wp\/v2\/comments?post=3835"}],"wp:featuredmedia":[{"embeddable":true,"href":"https:\/\/torebunia.pl\/sklep\/wp-json\/wp\/v2\/media\/3836"}],"wp:attachment":[{"href":"https:\/\/torebunia.pl\/sklep\/wp-json\/wp\/v2\/media?parent=3835"}],"curies":[{"name":"wp","href":"https:\/\/api.w.org\/{rel}","templated":true}]}}