{"id":3659,"date":"2020-06-12T14:43:58","date_gmt":"2020-06-12T14:43:58","guid":{"rendered":"https:\/\/torebunia.pl\/sklep\/produkt\/fossil-smartwatch-ftw6031\/"},"modified":"2021-01-27T11:44:23","modified_gmt":"2021-01-27T11:44:23","slug":"fossil-smartwatch-ftw6031","status":"publish","type":"product","link":"https:\/\/torebunia.pl\/sklep\/produkt\/fossil-smartwatch-ftw6031\/","title":{"rendered":"Fossil &#8211; Smartwatch FTW6031"},"content":{"rendered":"<p>Parametry produktu:<\/p>\n<ul>\n<li>cena: <strong>1369.0 PLN<\/strong><\/li>\n<li>marka: <strong>Fossil<\/strong><\/li>\n<li>p\u0142e\u0107: <strong>Female<\/strong><\/li>\n<li>kategoria: <strong>ONA \/ Akcesoria \/ Zegarki<\/strong><\/li>\n<li>kolor: <strong>z\u0142oty<\/strong><\/li>\n<\/ul>\n<p>Opis:<br \/>\nSmartwatch z kolekcji Fossil. Model z okr\u0105g\u0142\u0105 tarcz\u0105 i segmentow\u0105 bransolet\u0105. &#8211; Powiadomienia ze smartfona. &#8211; Monitorowanie aktywno\u015bci. &#8211; Pomiar t\u0119tna. &#8211; Funkcja znajd\u017a telefon &#8211; namierzanie telefonu za pomoc\u0105 zegarka. &#8211; Dodatkowa funkcja MY SOCIAL &#8211; ustawienie zdj\u0119cia z medi\u00f3w spo\u0142eczno\u015bciowych (IG, FB) jako tarcz\u0119 zegarka. &#8211; Wymienne paski. &#8211; Personalizowane tarcze. &#8211; Sterowanie muzyk\u0105. &#8211; Wodoszczelno\u015b\u0107: WR. 30M (3ATM) &#8211; odporny na zachlapania. &#8211; Posiada ekran dotykowy. &#8211; Mikrofon. &#8211; Odbiornik GPS. &#8211; P\u0142atno\u015bci zbli\u017ceniowe NFC \/ Google Pay\u2122. &#8211; Pami\u0119\u0107 4 GB. &#8211; System operacyjny: Wear OS by Google. &#8211; Kompatybilno\u015b\u0107: Android 6.0+ (excluding Go edition), iOS 10.0+. &#8211; Procesor: Qualcomm Snapdragon 2100. &#8211; \u0141adowarka magnetyczna \/ 1 godzina. &#8211; Szeroko\u015b\u0107 paska: 18 mm. &#8211; Szeroko\u015b\u0107 koperty: 40 mm. Sk\u0142ad: Stal szlachetna, Szk\u0142o mineralne ID produktu: -90-AKD013 Kod producenta: FTW6031<\/p>\n","protected":false},"excerpt":{"rendered":"<p>Parametry produktu: cena: 1369.0 PLN marka: Fossil p\u0142e\u0107: Female kategoria: ONA \/ Akcesoria \/ Zegarki kolor: z\u0142oty Opis: Smartwatch z kolekcji Fossil. Model z okr\u0105g\u0142\u0105 tarcz\u0105 i segmentow\u0105 bransolet\u0105. &#8211;<\/p>\n","protected":false},"featured_media":3660,"comment_status":"closed","ping_status":"open","template":"","meta":[],"class_list":{"0":"post-3659","1":"product","2":"type-product","3":"status-publish","5":"hentry","6":"product_cat-akcesoria","7":"product_cat-ona","8":"product_cat-zegarki","9":"product_tag-fossil","10":"product_tag-fossil-smartwatch-ftw6031"},"yoast_head":"<!-- This site is optimized with the Yoast SEO plugin v15.6.2 - https:\/\/yoast.com\/wordpress\/plugins\/seo\/ -->\n<title>Fossil - Smartwatch FTW6031<\/title>\n<meta name=\"robots\" content=\"index, follow, max-snippet:-1, max-image-preview:large, max-video-preview:-1\" \/>\n<link rel=\"canonical\" href=\"https:\/\/torebunia.pl\/sklep\/produkt\/fossil-smartwatch-ftw6031\/\" \/>\n<meta property=\"og:locale\" content=\"pl_PL\" \/>\n<meta property=\"og:type\" content=\"article\" \/>\n<meta property=\"og:title\" content=\"Fossil - Smartwatch FTW6031\" \/>\n<meta property=\"og:description\" content=\"Parametry produktu: cena: 1369.0 PLN marka: Fossil p\u0142e\u0107: Female kategoria: ONA \/ Akcesoria \/ Zegarki kolor: z\u0142oty Opis: Smartwatch z kolekcji Fossil. Model z okr\u0105g\u0142\u0105 tarcz\u0105 i segmentow\u0105 bransolet\u0105. &#8211;\" \/>\n<meta property=\"og:url\" content=\"https:\/\/torebunia.pl\/sklep\/produkt\/fossil-smartwatch-ftw6031\/\" \/>\n<meta property=\"og:site_name\" content=\"Moje Blog\" \/>\n<meta property=\"article:modified_time\" content=\"2021-01-27T11:44:23+00:00\" \/>\n<meta property=\"og:image\" content=\"https:\/\/torebunia.pl\/sklep\/wp-content\/uploads\/2021\/01\/37fbb3ba43f7b701fef9573a83259d3cce0e7e2f.jpg\" \/>\n\t<meta property=\"og:image:width\" content=\"855\" \/>\n\t<meta property=\"og:image:height\" content=\"1290\" \/>\n<meta name=\"twitter:card\" content=\"summary_large_image\" \/>\n<meta name=\"twitter:label1\" content=\"Est. reading time\">\n\t<meta name=\"twitter:data1\" content=\"1 minuta\">\n<script type=\"application\/ld+json\" class=\"yoast-schema-graph\">{\"@context\":\"https:\/\/schema.org\",\"@graph\":[{\"@type\":\"WebSite\",\"@id\":\"https:\/\/torebunia.pl\/sklep\/#website\",\"url\":\"https:\/\/torebunia.pl\/sklep\/\",\"name\":\"Moje Blog\",\"description\":\"Kolejna witryna WordPress\",\"potentialAction\":[{\"@type\":\"SearchAction\",\"target\":\"https:\/\/torebunia.pl\/sklep\/?s={search_term_string}\",\"query-input\":\"required name=search_term_string\"}],\"inLanguage\":\"pl-PL\"},{\"@type\":\"ImageObject\",\"@id\":\"https:\/\/torebunia.pl\/sklep\/produkt\/fossil-smartwatch-ftw6031\/#primaryimage\",\"inLanguage\":\"pl-PL\",\"url\":\"https:\/\/torebunia.pl\/sklep\/wp-content\/uploads\/2021\/01\/37fbb3ba43f7b701fef9573a83259d3cce0e7e2f.jpg\",\"width\":855,\"height\":1290,\"caption\":\"Fossil - Smartwatch FTW6031\"},{\"@type\":\"WebPage\",\"@id\":\"https:\/\/torebunia.pl\/sklep\/produkt\/fossil-smartwatch-ftw6031\/#webpage\",\"url\":\"https:\/\/torebunia.pl\/sklep\/produkt\/fossil-smartwatch-ftw6031\/\",\"name\":\"Fossil - Smartwatch FTW6031\",\"isPartOf\":{\"@id\":\"https:\/\/torebunia.pl\/sklep\/#website\"},\"primaryImageOfPage\":{\"@id\":\"https:\/\/torebunia.pl\/sklep\/produkt\/fossil-smartwatch-ftw6031\/#primaryimage\"},\"datePublished\":\"2020-06-12T14:43:58+00:00\",\"dateModified\":\"2021-01-27T11:44:23+00:00\",\"inLanguage\":\"pl-PL\",\"potentialAction\":[{\"@type\":\"ReadAction\",\"target\":[\"https:\/\/torebunia.pl\/sklep\/produkt\/fossil-smartwatch-ftw6031\/\"]}]}]}<\/script>\n<!-- \/ Yoast SEO plugin. -->","_links":{"self":[{"href":"https:\/\/torebunia.pl\/sklep\/wp-json\/wp\/v2\/product\/3659","targetHints":{"allow":["GET"]}}],"collection":[{"href":"https:\/\/torebunia.pl\/sklep\/wp-json\/wp\/v2\/product"}],"about":[{"href":"https:\/\/torebunia.pl\/sklep\/wp-json\/wp\/v2\/types\/product"}],"replies":[{"embeddable":true,"href":"https:\/\/torebunia.pl\/sklep\/wp-json\/wp\/v2\/comments?post=3659"}],"wp:featuredmedia":[{"embeddable":true,"href":"https:\/\/torebunia.pl\/sklep\/wp-json\/wp\/v2\/media\/3660"}],"wp:attachment":[{"href":"https:\/\/torebunia.pl\/sklep\/wp-json\/wp\/v2\/media?parent=3659"}],"curies":[{"name":"wp","href":"https:\/\/api.w.org\/{rel}","templated":true}]}}