{"id":3601,"date":"2020-07-21T02:09:58","date_gmt":"2020-07-21T02:09:58","guid":{"rendered":"https:\/\/torebunia.pl\/sklep\/produkt\/tally-weijl-skarpetki-7-pack\/"},"modified":"2021-01-27T11:43:46","modified_gmt":"2021-01-27T11:43:46","slug":"tally-weijl-skarpetki-7-pack","status":"publish","type":"product","link":"https:\/\/torebunia.pl\/sklep\/produkt\/tally-weijl-skarpetki-7-pack\/","title":{"rendered":"Tally Weijl &#8211; Skarpetki (7-pack)"},"content":{"rendered":"<p>Parametry produktu:<\/p>\n<ul>\n<li>cena: <strong>49.9 PLN<\/strong><\/li>\n<li>marka: <strong>TALLY WEIJL<\/strong><\/li>\n<li>p\u0142e\u0107: <strong>Female<\/strong><\/li>\n<li>kategoria: <strong>ONA \/ Odzie\u017c \/ Skarpetki<\/strong><\/li>\n<li>kolor: <strong>czarny<\/strong><\/li>\n<\/ul>\n<p>Opis:<br \/>\nSkarpetki z kolekcji Tally Weijl. Model wykonany z elastycznego, g\u0142adkiego materia\u0142u. W komplecie siedem par. Wyr\u00f3\u017cnienie: wielopak Sk\u0142ad: Materia\u0142 1: 70 % Bawe\u0142na, 2 % Elastan, 28 % Poliester, Materia\u0142 2: 69 % Bawe\u0142na, 2 % Elastan, 28 % Poliester, 1 % Elastodien ID produktu: 4910-LGD0CE Kod producenta: ASOP7DAYS<\/p>\n","protected":false},"excerpt":{"rendered":"<p>Parametry produktu: cena: 49.9 PLN marka: TALLY WEIJL p\u0142e\u0107: Female kategoria: ONA \/ Odzie\u017c \/ Skarpetki kolor: czarny Opis: Skarpetki z kolekcji Tally Weijl. Model wykonany z elastycznego, g\u0142adkiego materia\u0142u.<\/p>\n","protected":false},"featured_media":3602,"comment_status":"closed","ping_status":"open","template":"","meta":[],"class_list":{"0":"post-3601","1":"product","2":"type-product","3":"status-publish","5":"hentry","6":"product_cat-odziez","7":"product_cat-ona","8":"product_cat-skarpetki","9":"product_tag-tally-weijl","10":"product_tag-tally-weijl-skarpetki-7-pack"},"yoast_head":"<!-- This site is optimized with the Yoast SEO plugin v15.6.2 - https:\/\/yoast.com\/wordpress\/plugins\/seo\/ -->\n<title>Tally Weijl - Skarpetki (7-pack)<\/title>\n<meta name=\"robots\" content=\"index, follow, max-snippet:-1, max-image-preview:large, max-video-preview:-1\" \/>\n<link rel=\"canonical\" href=\"https:\/\/torebunia.pl\/sklep\/produkt\/tally-weijl-skarpetki-7-pack\/\" \/>\n<meta property=\"og:locale\" content=\"pl_PL\" \/>\n<meta property=\"og:type\" content=\"article\" \/>\n<meta property=\"og:title\" content=\"Tally Weijl - Skarpetki (7-pack)\" \/>\n<meta property=\"og:description\" content=\"Parametry produktu: cena: 49.9 PLN marka: TALLY WEIJL p\u0142e\u0107: Female kategoria: ONA \/ Odzie\u017c \/ Skarpetki kolor: czarny Opis: Skarpetki z kolekcji Tally Weijl. Model wykonany z elastycznego, g\u0142adkiego materia\u0142u.\" \/>\n<meta property=\"og:url\" content=\"https:\/\/torebunia.pl\/sklep\/produkt\/tally-weijl-skarpetki-7-pack\/\" \/>\n<meta property=\"og:site_name\" content=\"Moje Blog\" \/>\n<meta property=\"article:modified_time\" content=\"2021-01-27T11:43:46+00:00\" \/>\n<meta property=\"og:image\" content=\"https:\/\/torebunia.pl\/sklep\/wp-content\/uploads\/2021\/01\/eadc222911d405d6f9b9c08ee0b724ea3b72c9b4.jpg\" \/>\n\t<meta property=\"og:image:width\" content=\"855\" \/>\n\t<meta property=\"og:image:height\" content=\"1290\" \/>\n<meta name=\"twitter:card\" content=\"summary_large_image\" \/>\n<script type=\"application\/ld+json\" class=\"yoast-schema-graph\">{\"@context\":\"https:\/\/schema.org\",\"@graph\":[{\"@type\":\"WebSite\",\"@id\":\"https:\/\/torebunia.pl\/sklep\/#website\",\"url\":\"https:\/\/torebunia.pl\/sklep\/\",\"name\":\"Moje Blog\",\"description\":\"Kolejna witryna WordPress\",\"potentialAction\":[{\"@type\":\"SearchAction\",\"target\":\"https:\/\/torebunia.pl\/sklep\/?s={search_term_string}\",\"query-input\":\"required name=search_term_string\"}],\"inLanguage\":\"pl-PL\"},{\"@type\":\"ImageObject\",\"@id\":\"https:\/\/torebunia.pl\/sklep\/produkt\/tally-weijl-skarpetki-7-pack\/#primaryimage\",\"inLanguage\":\"pl-PL\",\"url\":\"https:\/\/torebunia.pl\/sklep\/wp-content\/uploads\/2021\/01\/eadc222911d405d6f9b9c08ee0b724ea3b72c9b4.jpg\",\"width\":855,\"height\":1290,\"caption\":\"Tally Weijl - Skarpetki (7-pack)\"},{\"@type\":\"WebPage\",\"@id\":\"https:\/\/torebunia.pl\/sklep\/produkt\/tally-weijl-skarpetki-7-pack\/#webpage\",\"url\":\"https:\/\/torebunia.pl\/sklep\/produkt\/tally-weijl-skarpetki-7-pack\/\",\"name\":\"Tally Weijl - Skarpetki (7-pack)\",\"isPartOf\":{\"@id\":\"https:\/\/torebunia.pl\/sklep\/#website\"},\"primaryImageOfPage\":{\"@id\":\"https:\/\/torebunia.pl\/sklep\/produkt\/tally-weijl-skarpetki-7-pack\/#primaryimage\"},\"datePublished\":\"2020-07-21T02:09:58+00:00\",\"dateModified\":\"2021-01-27T11:43:46+00:00\",\"inLanguage\":\"pl-PL\",\"potentialAction\":[{\"@type\":\"ReadAction\",\"target\":[\"https:\/\/torebunia.pl\/sklep\/produkt\/tally-weijl-skarpetki-7-pack\/\"]}]}]}<\/script>\n<!-- \/ Yoast SEO plugin. -->","_links":{"self":[{"href":"https:\/\/torebunia.pl\/sklep\/wp-json\/wp\/v2\/product\/3601","targetHints":{"allow":["GET"]}}],"collection":[{"href":"https:\/\/torebunia.pl\/sklep\/wp-json\/wp\/v2\/product"}],"about":[{"href":"https:\/\/torebunia.pl\/sklep\/wp-json\/wp\/v2\/types\/product"}],"replies":[{"embeddable":true,"href":"https:\/\/torebunia.pl\/sklep\/wp-json\/wp\/v2\/comments?post=3601"}],"wp:featuredmedia":[{"embeddable":true,"href":"https:\/\/torebunia.pl\/sklep\/wp-json\/wp\/v2\/media\/3602"}],"wp:attachment":[{"href":"https:\/\/torebunia.pl\/sklep\/wp-json\/wp\/v2\/media?parent=3601"}],"curies":[{"name":"wp","href":"https:\/\/api.w.org\/{rel}","templated":true}]}}