{"id":3473,"date":"2020-09-10T14:01:14","date_gmt":"2020-09-10T14:01:14","guid":{"rendered":"https:\/\/torebunia.pl\/sklep\/produkt\/sorel-buty\/"},"modified":"2021-01-27T11:41:13","modified_gmt":"2021-01-27T11:41:13","slug":"sorel-buty","status":"publish","type":"product","link":"https:\/\/torebunia.pl\/sklep\/produkt\/sorel-buty\/","title":{"rendered":"Sorel &#8211; Buty"},"content":{"rendered":"<p>Parametry produktu:<\/p>\n<ul>\n<li>cena: <strong>699.9 PLN<\/strong><\/li>\n<li>marka: <strong>Sorel<\/strong><\/li>\n<li>p\u0142e\u0107: <strong>Female<\/strong><\/li>\n<li>kategoria: <strong>ONA \/ Obuwie \/ Outdoor<\/strong><\/li>\n<li>kolor: <strong>czarny<\/strong><\/li>\n<\/ul>\n<p>Opis:<br \/>\nButy z kolekcji Sorel. Lekko ocieplony model wykonany z po\u0142\u0105czenia sk\u00f3ry naturalnej, materia\u0142u tekstylnego i materia\u0142u syntetycznego. &#8211; Okr\u0105g\u0142y, usztywniony nosek. &#8211; Usztywniony ko\u0142nierz cholewki. &#8211; Stabilna podeszwa. &#8211; \u017b\u0142obiona podeszwa. &#8211; Usztywniony zapi\u0119tek. &#8211; Tekstylne wn\u0119trze. &#8211; Komfortowe wn\u0119trze. &#8211; Sznurowany model. &#8211; D\u0142ugo\u015b\u0107 wk\u0142adki wynosi: 24 cm. &#8211; Wymiary podane dla rozmiaru: 37. Materia\u0142: tekstylny Materia\u0142: syntetyczny Sk\u0142ad: Cholewka: Sk\u00f3ra naturalna, Wn\u0119trze: Materia\u0142 tekstylny, Podeszwa: Materia\u0142 syntetyczny, ID produktu: 4920-OBD23C Kod producenta: NL2648<\/p>\n","protected":false},"excerpt":{"rendered":"<p>Parametry produktu: cena: 699.9 PLN marka: Sorel p\u0142e\u0107: Female kategoria: ONA \/ Obuwie \/ Outdoor kolor: czarny Opis: Buty z kolekcji Sorel. Lekko ocieplony model wykonany z po\u0142\u0105czenia sk\u00f3ry naturalnej,<\/p>\n","protected":false},"featured_media":3474,"comment_status":"closed","ping_status":"open","template":"","meta":[],"class_list":{"0":"post-3473","1":"product","2":"type-product","3":"status-publish","5":"hentry","6":"product_cat-obuwie","7":"product_cat-ona","8":"product_cat-outdoor","9":"product_tag-sorel","10":"product_tag-sorel-buty"},"yoast_head":"<!-- This site is optimized with the Yoast SEO plugin v15.6.2 - https:\/\/yoast.com\/wordpress\/plugins\/seo\/ -->\n<title>Sorel - Buty<\/title>\n<meta name=\"robots\" content=\"index, follow, max-snippet:-1, max-image-preview:large, max-video-preview:-1\" \/>\n<link rel=\"canonical\" href=\"https:\/\/torebunia.pl\/sklep\/produkt\/sorel-buty\/\" \/>\n<meta property=\"og:locale\" content=\"pl_PL\" \/>\n<meta property=\"og:type\" content=\"article\" \/>\n<meta property=\"og:title\" content=\"Sorel - Buty\" \/>\n<meta property=\"og:description\" content=\"Parametry produktu: cena: 699.9 PLN marka: Sorel p\u0142e\u0107: Female kategoria: ONA \/ Obuwie \/ Outdoor kolor: czarny Opis: Buty z kolekcji Sorel. Lekko ocieplony model wykonany z po\u0142\u0105czenia sk\u00f3ry naturalnej,\" \/>\n<meta property=\"og:url\" content=\"https:\/\/torebunia.pl\/sklep\/produkt\/sorel-buty\/\" \/>\n<meta property=\"og:site_name\" content=\"Moje Blog\" \/>\n<meta property=\"article:modified_time\" content=\"2021-01-27T11:41:13+00:00\" \/>\n<meta property=\"og:image\" content=\"https:\/\/torebunia.pl\/sklep\/wp-content\/uploads\/2021\/01\/82698a004884d60643ff11241aaaef0cabfd7a16.jpg\" \/>\n\t<meta property=\"og:image:width\" content=\"855\" \/>\n\t<meta property=\"og:image:height\" content=\"1290\" \/>\n<meta name=\"twitter:card\" content=\"summary_large_image\" \/>\n<meta name=\"twitter:label1\" content=\"Est. reading time\">\n\t<meta name=\"twitter:data1\" content=\"1 minuta\">\n<script type=\"application\/ld+json\" class=\"yoast-schema-graph\">{\"@context\":\"https:\/\/schema.org\",\"@graph\":[{\"@type\":\"WebSite\",\"@id\":\"https:\/\/torebunia.pl\/sklep\/#website\",\"url\":\"https:\/\/torebunia.pl\/sklep\/\",\"name\":\"Moje Blog\",\"description\":\"Kolejna witryna WordPress\",\"potentialAction\":[{\"@type\":\"SearchAction\",\"target\":\"https:\/\/torebunia.pl\/sklep\/?s={search_term_string}\",\"query-input\":\"required name=search_term_string\"}],\"inLanguage\":\"pl-PL\"},{\"@type\":\"ImageObject\",\"@id\":\"https:\/\/torebunia.pl\/sklep\/produkt\/sorel-buty\/#primaryimage\",\"inLanguage\":\"pl-PL\",\"url\":\"https:\/\/torebunia.pl\/sklep\/wp-content\/uploads\/2021\/01\/82698a004884d60643ff11241aaaef0cabfd7a16.jpg\",\"width\":855,\"height\":1290,\"caption\":\"Sorel - Buty\"},{\"@type\":\"WebPage\",\"@id\":\"https:\/\/torebunia.pl\/sklep\/produkt\/sorel-buty\/#webpage\",\"url\":\"https:\/\/torebunia.pl\/sklep\/produkt\/sorel-buty\/\",\"name\":\"Sorel - Buty\",\"isPartOf\":{\"@id\":\"https:\/\/torebunia.pl\/sklep\/#website\"},\"primaryImageOfPage\":{\"@id\":\"https:\/\/torebunia.pl\/sklep\/produkt\/sorel-buty\/#primaryimage\"},\"datePublished\":\"2020-09-10T14:01:14+00:00\",\"dateModified\":\"2021-01-27T11:41:13+00:00\",\"inLanguage\":\"pl-PL\",\"potentialAction\":[{\"@type\":\"ReadAction\",\"target\":[\"https:\/\/torebunia.pl\/sklep\/produkt\/sorel-buty\/\"]}]}]}<\/script>\n<!-- \/ Yoast SEO plugin. -->","_links":{"self":[{"href":"https:\/\/torebunia.pl\/sklep\/wp-json\/wp\/v2\/product\/3473","targetHints":{"allow":["GET"]}}],"collection":[{"href":"https:\/\/torebunia.pl\/sklep\/wp-json\/wp\/v2\/product"}],"about":[{"href":"https:\/\/torebunia.pl\/sklep\/wp-json\/wp\/v2\/types\/product"}],"replies":[{"embeddable":true,"href":"https:\/\/torebunia.pl\/sklep\/wp-json\/wp\/v2\/comments?post=3473"}],"wp:featuredmedia":[{"embeddable":true,"href":"https:\/\/torebunia.pl\/sklep\/wp-json\/wp\/v2\/media\/3474"}],"wp:attachment":[{"href":"https:\/\/torebunia.pl\/sklep\/wp-json\/wp\/v2\/media?parent=3473"}],"curies":[{"name":"wp","href":"https:\/\/api.w.org\/{rel}","templated":true}]}}