{"id":3471,"date":"2020-06-30T05:51:57","date_gmt":"2020-06-30T05:51:57","guid":{"rendered":"https:\/\/torebunia.pl\/sklep\/produkt\/medicine-sweter-dla-psa-xmass\/"},"modified":"2021-01-27T11:41:12","modified_gmt":"2021-01-27T11:41:12","slug":"medicine-sweter-dla-psa-xmass","status":"publish","type":"product","link":"https:\/\/torebunia.pl\/sklep\/produkt\/medicine-sweter-dla-psa-xmass\/","title":{"rendered":"Medicine &#8211; Sweter dla psa Xmass"},"content":{"rendered":"<p>Parametry produktu:<\/p>\n<ul>\n<li>cena: <strong>59.9 PLN<\/strong><\/li>\n<li>marka: <strong>MEDICINE<\/strong><\/li>\n<li>p\u0142e\u0107: <strong>Female<\/strong><\/li>\n<li>kategoria: <strong>ONA \/ Akcesoria \/ Gad\u017cety i akcesoria \/ ON<\/strong><\/li>\n<li>kolor: <strong>granatowy<\/strong><\/li>\n<\/ul>\n<p>Opis:<br \/>\nSweter z kolekcji Medicine. Model wykonany z cienkiej dzianiny. &#8211; ROZMIAR XS &#8211; Punkt \u201eO\u201d ca\u0142kowity obw\u00f3d klatki 24 cm. &#8211; Punkt \u201eS\u201d ca\u0142kowity obw\u00f3d szyi 17 cm. &#8211; Punkt \u201eD\u201d d\u0142ugo\u015b\u0107 19 cm. &#8211; &#8211; XS \u2013 Szczeni\u0119ta ras ma\u0142ych, Yorkshire Terrier, Chihuahua, Ratlerek \u2013 do ok. 3 kg, S \u2013 Szczeni\u0119ta, Yorkshire Terrier, Chi\u0144ski Grzywacz, koty &#8211; do ok. 4,5 kg, M \u2013 Jack Russel, Peki\u0144czyk, Malta\u0144czyk (\u015bredni), Shih Tzu, Mini Pudelek, Jamnik, Bolo\u0144czyk, Sznaucer miniaturka, du\u017ce koty &#8211; do ok. 7 kg, L \u2013 Bigiel, \u015bredni Sznaucer, Buldog Francuski \u2013 do ok. 10 kg, XL \u2013 Border Collie, Fox Terrier, Cocker Spaniel \u2013 do ok. 25 kg. &#8211; Niezapinany model. &#8211; Cienka, elastyczna dzianina. Sk\u0142ad: 40 % Akryl, 60 % Bawe\u0142na, ID produktu: 6920-SWUA54 Kod producenta: RW18.SWUA54<\/p>\n","protected":false},"excerpt":{"rendered":"<p>Parametry produktu: cena: 59.9 PLN marka: MEDICINE p\u0142e\u0107: Female kategoria: ONA \/ Akcesoria \/ Gad\u017cety i akcesoria \/ ON kolor: granatowy Opis: Sweter z kolekcji Medicine. Model wykonany z cienkiej<\/p>\n","protected":false},"featured_media":3472,"comment_status":"closed","ping_status":"open","template":"","meta":[],"class_list":{"0":"post-3471","1":"product","2":"type-product","3":"status-publish","5":"hentry","6":"product_cat-akcesoria","7":"product_cat-gadzety-i-akcesoria","8":"product_cat-on","9":"product_cat-ona","10":"product_tag-medicine","11":"product_tag-medicine-sweter-dla-psa-xmass"},"yoast_head":"<!-- This site is optimized with the Yoast SEO plugin v15.6.2 - https:\/\/yoast.com\/wordpress\/plugins\/seo\/ -->\n<title>Medicine - Sweter dla psa Xmass<\/title>\n<meta name=\"robots\" content=\"index, follow, max-snippet:-1, max-image-preview:large, max-video-preview:-1\" \/>\n<link rel=\"canonical\" href=\"https:\/\/torebunia.pl\/sklep\/produkt\/medicine-sweter-dla-psa-xmass\/\" \/>\n<meta property=\"og:locale\" content=\"pl_PL\" \/>\n<meta property=\"og:type\" content=\"article\" \/>\n<meta property=\"og:title\" content=\"Medicine - Sweter dla psa Xmass\" \/>\n<meta property=\"og:description\" content=\"Parametry produktu: cena: 59.9 PLN marka: MEDICINE p\u0142e\u0107: Female kategoria: ONA \/ Akcesoria \/ Gad\u017cety i akcesoria \/ ON kolor: granatowy Opis: Sweter z kolekcji Medicine. Model wykonany z cienkiej\" \/>\n<meta property=\"og:url\" content=\"https:\/\/torebunia.pl\/sklep\/produkt\/medicine-sweter-dla-psa-xmass\/\" \/>\n<meta property=\"og:site_name\" content=\"Moje Blog\" \/>\n<meta property=\"article:modified_time\" content=\"2021-01-27T11:41:12+00:00\" \/>\n<meta property=\"og:image\" content=\"https:\/\/torebunia.pl\/sklep\/wp-content\/uploads\/2021\/01\/fa5e90adf65d16fa9c09f26a4782d9d319628843.jpg\" \/>\n\t<meta property=\"og:image:width\" content=\"855\" \/>\n\t<meta property=\"og:image:height\" content=\"1290\" \/>\n<meta name=\"twitter:card\" content=\"summary_large_image\" \/>\n<meta name=\"twitter:label1\" content=\"Est. reading time\">\n\t<meta name=\"twitter:data1\" content=\"1 minuta\">\n<script type=\"application\/ld+json\" class=\"yoast-schema-graph\">{\"@context\":\"https:\/\/schema.org\",\"@graph\":[{\"@type\":\"WebSite\",\"@id\":\"https:\/\/torebunia.pl\/sklep\/#website\",\"url\":\"https:\/\/torebunia.pl\/sklep\/\",\"name\":\"Moje Blog\",\"description\":\"Kolejna witryna WordPress\",\"potentialAction\":[{\"@type\":\"SearchAction\",\"target\":\"https:\/\/torebunia.pl\/sklep\/?s={search_term_string}\",\"query-input\":\"required name=search_term_string\"}],\"inLanguage\":\"pl-PL\"},{\"@type\":\"ImageObject\",\"@id\":\"https:\/\/torebunia.pl\/sklep\/produkt\/medicine-sweter-dla-psa-xmass\/#primaryimage\",\"inLanguage\":\"pl-PL\",\"url\":\"https:\/\/torebunia.pl\/sklep\/wp-content\/uploads\/2021\/01\/fa5e90adf65d16fa9c09f26a4782d9d319628843.jpg\",\"width\":855,\"height\":1290,\"caption\":\"Medicine - Sweter dla psa Xmass\"},{\"@type\":\"WebPage\",\"@id\":\"https:\/\/torebunia.pl\/sklep\/produkt\/medicine-sweter-dla-psa-xmass\/#webpage\",\"url\":\"https:\/\/torebunia.pl\/sklep\/produkt\/medicine-sweter-dla-psa-xmass\/\",\"name\":\"Medicine - Sweter dla psa Xmass\",\"isPartOf\":{\"@id\":\"https:\/\/torebunia.pl\/sklep\/#website\"},\"primaryImageOfPage\":{\"@id\":\"https:\/\/torebunia.pl\/sklep\/produkt\/medicine-sweter-dla-psa-xmass\/#primaryimage\"},\"datePublished\":\"2020-06-30T05:51:57+00:00\",\"dateModified\":\"2021-01-27T11:41:12+00:00\",\"inLanguage\":\"pl-PL\",\"potentialAction\":[{\"@type\":\"ReadAction\",\"target\":[\"https:\/\/torebunia.pl\/sklep\/produkt\/medicine-sweter-dla-psa-xmass\/\"]}]}]}<\/script>\n<!-- \/ Yoast SEO plugin. -->","_links":{"self":[{"href":"https:\/\/torebunia.pl\/sklep\/wp-json\/wp\/v2\/product\/3471","targetHints":{"allow":["GET"]}}],"collection":[{"href":"https:\/\/torebunia.pl\/sklep\/wp-json\/wp\/v2\/product"}],"about":[{"href":"https:\/\/torebunia.pl\/sklep\/wp-json\/wp\/v2\/types\/product"}],"replies":[{"embeddable":true,"href":"https:\/\/torebunia.pl\/sklep\/wp-json\/wp\/v2\/comments?post=3471"}],"wp:featuredmedia":[{"embeddable":true,"href":"https:\/\/torebunia.pl\/sklep\/wp-json\/wp\/v2\/media\/3472"}],"wp:attachment":[{"href":"https:\/\/torebunia.pl\/sklep\/wp-json\/wp\/v2\/media?parent=3471"}],"curies":[{"name":"wp","href":"https:\/\/api.w.org\/{rel}","templated":true}]}}