{"id":3349,"date":"2020-11-25T19:31:30","date_gmt":"2020-11-25T19:31:30","guid":{"rendered":"https:\/\/torebunia.pl\/sklep\/produkt\/marco-tozzi-czolenka-skorzane\/"},"modified":"2021-01-27T11:39:37","modified_gmt":"2021-01-27T11:39:37","slug":"marco-tozzi-czolenka-skorzane","status":"publish","type":"product","link":"https:\/\/torebunia.pl\/sklep\/produkt\/marco-tozzi-czolenka-skorzane\/","title":{"rendered":"Marco Tozzi &#8211; Cz\u00f3\u0142enka sk\u00f3rzane"},"content":{"rendered":"<p>Parametry produktu:<\/p>\n<ul>\n<li>cena: <strong>249.9 PLN<\/strong><\/li>\n<li>marka: <strong>Marco Tozzi<\/strong><\/li>\n<li>p\u0142e\u0107: <strong>Female<\/strong><\/li>\n<li>kategoria: <strong>ONA \/ Obuwie \/ Szpilki \/ Cz\u00f3\u0142enka<\/strong><\/li>\n<li>kolor: <strong>czarny<\/strong><\/li>\n<\/ul>\n<p>Opis:<br \/>\nCz\u00f3\u0142enka z kolekcji Marco Tozzi. Model wykonany ze sk\u00f3ry naturalnej. &#8211; Usztywniony nosek. &#8211; Usztywniony zapi\u0119tek. &#8211; Model na stabilnym obcasie. &#8211; Wysoko\u015b\u0107 obcasa: 6 cm. &#8211; D\u0142ugo\u015b\u0107 wk\u0142adki wynosi: 24 cm. &#8211; Wymiary podane dla rozmiaru: 37. Obcas: s\u0142upek Materia\u0142: sk\u00f3ra licowa Nosek: szpic Wysoko\u015b\u0107 obcasa: 5-8 cm Sk\u0142ad: Cholewka: Sk\u00f3ra naturalna, Wn\u0119trze: Materia\u0142 syntetyczny, Materia\u0142 tekstylny, Sk\u00f3ra naturalna, Podeszwa: Materia\u0142 syntetyczny ID produktu: 4901-OBD2C7 Kod producenta: 2.2.22435.24.1<\/p>\n","protected":false},"excerpt":{"rendered":"<p>Parametry produktu: cena: 249.9 PLN marka: Marco Tozzi p\u0142e\u0107: Female kategoria: ONA \/ Obuwie \/ Szpilki \/ Cz\u00f3\u0142enka kolor: czarny Opis: Cz\u00f3\u0142enka z kolekcji Marco Tozzi. Model wykonany ze sk\u00f3ry<\/p>\n","protected":false},"featured_media":3350,"comment_status":"closed","ping_status":"open","template":"","meta":[],"class_list":{"0":"post-3349","1":"product","2":"type-product","3":"status-publish","5":"hentry","6":"product_cat-czolenka","7":"product_cat-obuwie","8":"product_cat-ona","9":"product_cat-szpilki","10":"product_tag-marco-tozzi","11":"product_tag-marco-tozzi-czolenka-skorzane"},"yoast_head":"<!-- This site is optimized with the Yoast SEO plugin v15.6.2 - https:\/\/yoast.com\/wordpress\/plugins\/seo\/ -->\n<title>Marco Tozzi - Cz\u00f3\u0142enka sk\u00f3rzane<\/title>\n<meta name=\"robots\" content=\"index, follow, max-snippet:-1, max-image-preview:large, max-video-preview:-1\" \/>\n<link rel=\"canonical\" href=\"https:\/\/torebunia.pl\/sklep\/produkt\/marco-tozzi-czolenka-skorzane\/\" \/>\n<meta property=\"og:locale\" content=\"pl_PL\" \/>\n<meta property=\"og:type\" content=\"article\" \/>\n<meta property=\"og:title\" content=\"Marco Tozzi - Cz\u00f3\u0142enka sk\u00f3rzane\" \/>\n<meta property=\"og:description\" content=\"Parametry produktu: cena: 249.9 PLN marka: Marco Tozzi p\u0142e\u0107: Female kategoria: ONA \/ Obuwie \/ Szpilki \/ Cz\u00f3\u0142enka kolor: czarny Opis: Cz\u00f3\u0142enka z kolekcji Marco Tozzi. Model wykonany ze sk\u00f3ry\" \/>\n<meta property=\"og:url\" content=\"https:\/\/torebunia.pl\/sklep\/produkt\/marco-tozzi-czolenka-skorzane\/\" \/>\n<meta property=\"og:site_name\" content=\"Moje Blog\" \/>\n<meta property=\"article:modified_time\" content=\"2021-01-27T11:39:37+00:00\" \/>\n<meta property=\"og:image\" content=\"https:\/\/torebunia.pl\/sklep\/wp-content\/uploads\/2021\/01\/d758ccbce76572c5eec9a18015d8f47b6b96b103.jpg\" \/>\n\t<meta property=\"og:image:width\" content=\"855\" \/>\n\t<meta property=\"og:image:height\" content=\"1290\" \/>\n<meta name=\"twitter:card\" content=\"summary_large_image\" \/>\n<script type=\"application\/ld+json\" class=\"yoast-schema-graph\">{\"@context\":\"https:\/\/schema.org\",\"@graph\":[{\"@type\":\"WebSite\",\"@id\":\"https:\/\/torebunia.pl\/sklep\/#website\",\"url\":\"https:\/\/torebunia.pl\/sklep\/\",\"name\":\"Moje Blog\",\"description\":\"Kolejna witryna WordPress\",\"potentialAction\":[{\"@type\":\"SearchAction\",\"target\":\"https:\/\/torebunia.pl\/sklep\/?s={search_term_string}\",\"query-input\":\"required name=search_term_string\"}],\"inLanguage\":\"pl-PL\"},{\"@type\":\"ImageObject\",\"@id\":\"https:\/\/torebunia.pl\/sklep\/produkt\/marco-tozzi-czolenka-skorzane\/#primaryimage\",\"inLanguage\":\"pl-PL\",\"url\":\"https:\/\/torebunia.pl\/sklep\/wp-content\/uploads\/2021\/01\/d758ccbce76572c5eec9a18015d8f47b6b96b103.jpg\",\"width\":855,\"height\":1290,\"caption\":\"Marco Tozzi - Cz\\u00f3\\u0142enka sk\\u00f3rzane\"},{\"@type\":\"WebPage\",\"@id\":\"https:\/\/torebunia.pl\/sklep\/produkt\/marco-tozzi-czolenka-skorzane\/#webpage\",\"url\":\"https:\/\/torebunia.pl\/sklep\/produkt\/marco-tozzi-czolenka-skorzane\/\",\"name\":\"Marco Tozzi - Cz\\u00f3\\u0142enka sk\\u00f3rzane\",\"isPartOf\":{\"@id\":\"https:\/\/torebunia.pl\/sklep\/#website\"},\"primaryImageOfPage\":{\"@id\":\"https:\/\/torebunia.pl\/sklep\/produkt\/marco-tozzi-czolenka-skorzane\/#primaryimage\"},\"datePublished\":\"2020-11-25T19:31:30+00:00\",\"dateModified\":\"2021-01-27T11:39:37+00:00\",\"inLanguage\":\"pl-PL\",\"potentialAction\":[{\"@type\":\"ReadAction\",\"target\":[\"https:\/\/torebunia.pl\/sklep\/produkt\/marco-tozzi-czolenka-skorzane\/\"]}]}]}<\/script>\n<!-- \/ Yoast SEO plugin. -->","_links":{"self":[{"href":"https:\/\/torebunia.pl\/sklep\/wp-json\/wp\/v2\/product\/3349","targetHints":{"allow":["GET"]}}],"collection":[{"href":"https:\/\/torebunia.pl\/sklep\/wp-json\/wp\/v2\/product"}],"about":[{"href":"https:\/\/torebunia.pl\/sklep\/wp-json\/wp\/v2\/types\/product"}],"replies":[{"embeddable":true,"href":"https:\/\/torebunia.pl\/sklep\/wp-json\/wp\/v2\/comments?post=3349"}],"wp:featuredmedia":[{"embeddable":true,"href":"https:\/\/torebunia.pl\/sklep\/wp-json\/wp\/v2\/media\/3350"}],"wp:attachment":[{"href":"https:\/\/torebunia.pl\/sklep\/wp-json\/wp\/v2\/media?parent=3349"}],"curies":[{"name":"wp","href":"https:\/\/api.w.org\/{rel}","templated":true}]}}