{"id":3309,"date":"2020-06-09T02:33:38","date_gmt":"2020-06-09T02:33:38","guid":{"rendered":"https:\/\/torebunia.pl\/sklep\/produkt\/tommy-jeans-spodnie-2\/"},"modified":"2021-01-25T14:53:55","modified_gmt":"2021-01-25T14:53:55","slug":"tommy-jeans-spodnie-2","status":"publish","type":"product","link":"https:\/\/torebunia.pl\/sklep\/produkt\/tommy-jeans-spodnie-2\/","title":{"rendered":"Tommy Jeans &#8211; Spodnie"},"content":{"rendered":"<p>Parametry produktu:<\/p>\n<ul>\n<li>cena: <strong>399.9 PLN<\/strong><\/li>\n<li>marka: <strong>Tommy Jeans<\/strong><\/li>\n<li>p\u0142e\u0107: <strong>Female<\/strong><\/li>\n<li>kategoria: <strong>ONA \/ Odzie\u017c \/ Spodnie i legginsy \/ Dresowe<\/strong><\/li>\n<li>kolor: <strong>szary<\/strong><\/li>\n<\/ul>\n<p>Opis:<br \/>\nSpodnie z kolekcji Tommy Jeans. Model wykonany z g\u0142adkiej dzianiny. &#8211; Elastyczna listwa w pasie. &#8211; Wsuwane kieszenie. &#8211; Nogawki wyko\u0144czone \u015bci\u0105gaczem. &#8211; Szeroko\u015b\u0107 w pasie: 36 cm. &#8211; Szeroko\u015b\u0107 w biodrach: 54 cm. &#8211; Wysoko\u015b\u0107 stanu: 29 cm. &#8211; Szeroko\u015b\u0107 nogawki na dole: 12 cm. &#8211; Szeroko\u015b\u0107 nogawki: 28 cm. &#8211; D\u0142ugo\u015b\u0107: 100 cm. &#8211; Wymiary podane dla rozmiaru: S. Wz\u00f3r: g\u0142adkie Materia\u0142: dzianina Sk\u0142ad: 87 % Bawe\u0142na, 13 % Poliester ID produktu: 4900-SPD00H Kod producenta: DW0DW08657<\/p>\n","protected":false},"excerpt":{"rendered":"<p>Parametry produktu: cena: 399.9 PLN marka: Tommy Jeans p\u0142e\u0107: Female kategoria: ONA \/ Odzie\u017c \/ Spodnie i legginsy \/ Dresowe kolor: szary Opis: Spodnie z kolekcji Tommy Jeans. Model wykonany<\/p>\n","protected":false},"featured_media":3310,"comment_status":"closed","ping_status":"open","template":"","meta":[],"class_list":{"0":"post-3309","1":"product","2":"type-product","3":"status-publish","5":"hentry","6":"product_cat-dresowe","7":"product_cat-odziez","8":"product_cat-ona","9":"product_cat-spodnie-i-legginsy","10":"product_tag-tommy-jeans","11":"product_tag-tommy-jeans-spodnie"},"yoast_head":"<!-- This site is optimized with the Yoast SEO plugin v15.6.2 - https:\/\/yoast.com\/wordpress\/plugins\/seo\/ -->\n<title>Tommy Jeans - Spodnie<\/title>\n<meta name=\"robots\" content=\"index, follow, max-snippet:-1, max-image-preview:large, max-video-preview:-1\" \/>\n<link rel=\"canonical\" href=\"https:\/\/torebunia.pl\/sklep\/produkt\/tommy-jeans-spodnie-2\/\" \/>\n<meta property=\"og:locale\" content=\"pl_PL\" \/>\n<meta property=\"og:type\" content=\"article\" \/>\n<meta property=\"og:title\" content=\"Tommy Jeans - Spodnie\" \/>\n<meta property=\"og:description\" content=\"Parametry produktu: cena: 399.9 PLN marka: Tommy Jeans p\u0142e\u0107: Female kategoria: ONA \/ Odzie\u017c \/ Spodnie i legginsy \/ Dresowe kolor: szary Opis: Spodnie z kolekcji Tommy Jeans. Model wykonany\" \/>\n<meta property=\"og:url\" content=\"https:\/\/torebunia.pl\/sklep\/produkt\/tommy-jeans-spodnie-2\/\" \/>\n<meta property=\"og:site_name\" content=\"Moje Blog\" \/>\n<meta property=\"article:modified_time\" content=\"2021-01-25T14:53:55+00:00\" \/>\n<meta property=\"og:image\" content=\"https:\/\/torebunia.pl\/sklep\/wp-content\/uploads\/2021\/01\/37b75ac2cf6febe67af7e38d53fd7408d279a04f.jpg\" \/>\n\t<meta property=\"og:image:width\" content=\"855\" \/>\n\t<meta property=\"og:image:height\" content=\"1290\" \/>\n<meta name=\"twitter:card\" content=\"summary_large_image\" \/>\n<script type=\"application\/ld+json\" class=\"yoast-schema-graph\">{\"@context\":\"https:\/\/schema.org\",\"@graph\":[{\"@type\":\"WebSite\",\"@id\":\"https:\/\/torebunia.pl\/sklep\/#website\",\"url\":\"https:\/\/torebunia.pl\/sklep\/\",\"name\":\"Moje Blog\",\"description\":\"Kolejna witryna WordPress\",\"potentialAction\":[{\"@type\":\"SearchAction\",\"target\":\"https:\/\/torebunia.pl\/sklep\/?s={search_term_string}\",\"query-input\":\"required name=search_term_string\"}],\"inLanguage\":\"pl-PL\"},{\"@type\":\"ImageObject\",\"@id\":\"https:\/\/torebunia.pl\/sklep\/produkt\/tommy-jeans-spodnie-2\/#primaryimage\",\"inLanguage\":\"pl-PL\",\"url\":\"https:\/\/torebunia.pl\/sklep\/wp-content\/uploads\/2021\/01\/37b75ac2cf6febe67af7e38d53fd7408d279a04f.jpg\",\"width\":855,\"height\":1290,\"caption\":\"Tommy Jeans - Spodnie\"},{\"@type\":\"WebPage\",\"@id\":\"https:\/\/torebunia.pl\/sklep\/produkt\/tommy-jeans-spodnie-2\/#webpage\",\"url\":\"https:\/\/torebunia.pl\/sklep\/produkt\/tommy-jeans-spodnie-2\/\",\"name\":\"Tommy Jeans - Spodnie\",\"isPartOf\":{\"@id\":\"https:\/\/torebunia.pl\/sklep\/#website\"},\"primaryImageOfPage\":{\"@id\":\"https:\/\/torebunia.pl\/sklep\/produkt\/tommy-jeans-spodnie-2\/#primaryimage\"},\"datePublished\":\"2020-06-09T02:33:38+00:00\",\"dateModified\":\"2021-01-25T14:53:55+00:00\",\"inLanguage\":\"pl-PL\",\"potentialAction\":[{\"@type\":\"ReadAction\",\"target\":[\"https:\/\/torebunia.pl\/sklep\/produkt\/tommy-jeans-spodnie-2\/\"]}]}]}<\/script>\n<!-- \/ Yoast SEO plugin. -->","_links":{"self":[{"href":"https:\/\/torebunia.pl\/sklep\/wp-json\/wp\/v2\/product\/3309","targetHints":{"allow":["GET"]}}],"collection":[{"href":"https:\/\/torebunia.pl\/sklep\/wp-json\/wp\/v2\/product"}],"about":[{"href":"https:\/\/torebunia.pl\/sklep\/wp-json\/wp\/v2\/types\/product"}],"replies":[{"embeddable":true,"href":"https:\/\/torebunia.pl\/sklep\/wp-json\/wp\/v2\/comments?post=3309"}],"wp:featuredmedia":[{"embeddable":true,"href":"https:\/\/torebunia.pl\/sklep\/wp-json\/wp\/v2\/media\/3310"}],"wp:attachment":[{"href":"https:\/\/torebunia.pl\/sklep\/wp-json\/wp\/v2\/media?parent=3309"}],"curies":[{"name":"wp","href":"https:\/\/api.w.org\/{rel}","templated":true}]}}