{"id":3195,"date":"2020-05-21T21:38:00","date_gmt":"2020-05-21T21:38:00","guid":{"rendered":"https:\/\/torebunia.pl\/sklep\/produkt\/levis-rekawiczki\/"},"modified":"2021-01-25T14:50:46","modified_gmt":"2021-01-25T14:50:46","slug":"levis-rekawiczki","status":"publish","type":"product","link":"https:\/\/torebunia.pl\/sklep\/produkt\/levis-rekawiczki\/","title":{"rendered":"Levi&#8217;s &#8211; R\u0119kawiczki"},"content":{"rendered":"<p>Parametry produktu:<\/p>\n<ul>\n<li>cena: <strong>89.9 PLN<\/strong><\/li>\n<li>marka: <strong>Levi&#8217;s<\/strong><\/li>\n<li>p\u0142e\u0107: <strong>Female<\/strong><\/li>\n<li>kategoria: <strong>ONA \/ Akcesoria \/ R\u0119kawiczki<\/strong><\/li>\n<li>kolor: <strong>czarny<\/strong><\/li>\n<\/ul>\n<p>Opis:<br \/>\nR\u0119kawiczki z kolekcji Levi&#8217;s. Model wykonany z cienkiej, g\u0142adkiej dzianiny. Wz\u00f3r: g\u0142adkie Sk\u0142ad: 89 % Akryl, 4 % Bawe\u0142na, 1 % Metal, 3 % Nylon, 3 % Poliester ID produktu: 4900-RED03Z Kod producenta: 38148.0029<\/p>\n","protected":false},"excerpt":{"rendered":"<p>Parametry produktu: cena: 89.9 PLN marka: Levi&#8217;s p\u0142e\u0107: Female kategoria: ONA \/ Akcesoria \/ R\u0119kawiczki kolor: czarny Opis: R\u0119kawiczki z kolekcji Levi&#8217;s. Model wykonany z cienkiej, g\u0142adkiej dzianiny. Wz\u00f3r: g\u0142adkie<\/p>\n","protected":false},"featured_media":3196,"comment_status":"closed","ping_status":"open","template":"","meta":[],"class_list":{"0":"post-3195","1":"product","2":"type-product","3":"status-publish","5":"hentry","6":"product_cat-akcesoria","7":"product_cat-ona","8":"product_cat-rekawiczki","9":"product_tag-levis","10":"product_tag-levis-rekawiczki"},"yoast_head":"<!-- This site is optimized with the Yoast SEO plugin v15.6.2 - https:\/\/yoast.com\/wordpress\/plugins\/seo\/ -->\n<title>Levi&#039;s - R\u0119kawiczki<\/title>\n<meta name=\"robots\" content=\"index, follow, max-snippet:-1, max-image-preview:large, max-video-preview:-1\" \/>\n<link rel=\"canonical\" href=\"https:\/\/torebunia.pl\/sklep\/produkt\/levis-rekawiczki\/\" \/>\n<meta property=\"og:locale\" content=\"pl_PL\" \/>\n<meta property=\"og:type\" content=\"article\" \/>\n<meta property=\"og:title\" content=\"Levi&#039;s - R\u0119kawiczki\" \/>\n<meta property=\"og:description\" content=\"Parametry produktu: cena: 89.9 PLN marka: Levi&#8217;s p\u0142e\u0107: Female kategoria: ONA \/ Akcesoria \/ R\u0119kawiczki kolor: czarny Opis: R\u0119kawiczki z kolekcji Levi&#8217;s. Model wykonany z cienkiej, g\u0142adkiej dzianiny. Wz\u00f3r: g\u0142adkie\" \/>\n<meta property=\"og:url\" content=\"https:\/\/torebunia.pl\/sklep\/produkt\/levis-rekawiczki\/\" \/>\n<meta property=\"og:site_name\" content=\"Moje Blog\" \/>\n<meta property=\"article:modified_time\" content=\"2021-01-25T14:50:46+00:00\" \/>\n<meta property=\"og:image\" content=\"https:\/\/torebunia.pl\/sklep\/wp-content\/uploads\/2021\/01\/30978eb9be3692cc23fb9a298e302e26f2be4fff.jpg\" \/>\n\t<meta property=\"og:image:width\" content=\"855\" \/>\n\t<meta property=\"og:image:height\" content=\"1290\" \/>\n<meta name=\"twitter:card\" content=\"summary_large_image\" \/>\n<script type=\"application\/ld+json\" class=\"yoast-schema-graph\">{\"@context\":\"https:\/\/schema.org\",\"@graph\":[{\"@type\":\"WebSite\",\"@id\":\"https:\/\/torebunia.pl\/sklep\/#website\",\"url\":\"https:\/\/torebunia.pl\/sklep\/\",\"name\":\"Moje Blog\",\"description\":\"Kolejna witryna WordPress\",\"potentialAction\":[{\"@type\":\"SearchAction\",\"target\":\"https:\/\/torebunia.pl\/sklep\/?s={search_term_string}\",\"query-input\":\"required name=search_term_string\"}],\"inLanguage\":\"pl-PL\"},{\"@type\":\"ImageObject\",\"@id\":\"https:\/\/torebunia.pl\/sklep\/produkt\/levis-rekawiczki\/#primaryimage\",\"inLanguage\":\"pl-PL\",\"url\":\"https:\/\/torebunia.pl\/sklep\/wp-content\/uploads\/2021\/01\/30978eb9be3692cc23fb9a298e302e26f2be4fff.jpg\",\"width\":855,\"height\":1290,\"caption\":\"Levi's - R\\u0119kawiczki\"},{\"@type\":\"WebPage\",\"@id\":\"https:\/\/torebunia.pl\/sklep\/produkt\/levis-rekawiczki\/#webpage\",\"url\":\"https:\/\/torebunia.pl\/sklep\/produkt\/levis-rekawiczki\/\",\"name\":\"Levi's - R\\u0119kawiczki\",\"isPartOf\":{\"@id\":\"https:\/\/torebunia.pl\/sklep\/#website\"},\"primaryImageOfPage\":{\"@id\":\"https:\/\/torebunia.pl\/sklep\/produkt\/levis-rekawiczki\/#primaryimage\"},\"datePublished\":\"2020-05-21T21:38:00+00:00\",\"dateModified\":\"2021-01-25T14:50:46+00:00\",\"inLanguage\":\"pl-PL\",\"potentialAction\":[{\"@type\":\"ReadAction\",\"target\":[\"https:\/\/torebunia.pl\/sklep\/produkt\/levis-rekawiczki\/\"]}]}]}<\/script>\n<!-- \/ Yoast SEO plugin. -->","_links":{"self":[{"href":"https:\/\/torebunia.pl\/sklep\/wp-json\/wp\/v2\/product\/3195","targetHints":{"allow":["GET"]}}],"collection":[{"href":"https:\/\/torebunia.pl\/sklep\/wp-json\/wp\/v2\/product"}],"about":[{"href":"https:\/\/torebunia.pl\/sklep\/wp-json\/wp\/v2\/types\/product"}],"replies":[{"embeddable":true,"href":"https:\/\/torebunia.pl\/sklep\/wp-json\/wp\/v2\/comments?post=3195"}],"wp:featuredmedia":[{"embeddable":true,"href":"https:\/\/torebunia.pl\/sklep\/wp-json\/wp\/v2\/media\/3196"}],"wp:attachment":[{"href":"https:\/\/torebunia.pl\/sklep\/wp-json\/wp\/v2\/media?parent=3195"}],"curies":[{"name":"wp","href":"https:\/\/api.w.org\/{rel}","templated":true}]}}