{"id":3185,"date":"2020-12-13T14:22:24","date_gmt":"2020-12-13T14:22:24","guid":{"rendered":"https:\/\/torebunia.pl\/sklep\/produkt\/brave-soul-sweter-4\/"},"modified":"2021-01-25T14:50:30","modified_gmt":"2021-01-25T14:50:30","slug":"brave-soul-sweter-4","status":"publish","type":"product","link":"https:\/\/torebunia.pl\/sklep\/produkt\/brave-soul-sweter-4\/","title":{"rendered":"Brave Soul &#8211; Sweter"},"content":{"rendered":"<p>Parametry produktu:<\/p>\n<ul>\n<li>cena: <strong>89.9 PLN<\/strong><\/li>\n<li>marka: <strong>Brave Soul<\/strong><\/li>\n<li>p\u0142e\u0107: <strong>Female<\/strong><\/li>\n<li>kategoria: <strong>ONA \/ Odzie\u017c \/ Swetry \/ Przez g\u0142ow\u0119<\/strong><\/li>\n<li>kolor: <strong>bursztynowy<\/strong><\/li>\n<\/ul>\n<p>Opis:<br \/>\nSweter z kolekcji Brave Soul. Model wykonany z g\u0142adkiej dzianiny. &#8211; Model z p\u00f3\u0142golfem. &#8211; Raglanowy r\u0119kaw. &#8211; Prosty fason. &#8211; D\u0142ugi r\u0119kaw. &#8211; Dzianina \u015bredniej grubo\u015bci. &#8211; D\u0142ugo\u015b\u0107 r\u0119kawa(mierzona od dekoltu): 75 cm. &#8211; D\u0142ugo\u015b\u0107: 51 cm. &#8211; Szeroko\u015b\u0107 pod pachami: 49 cm. &#8211; Wymiary podane dla rozmiaru: S. Wz\u00f3r: g\u0142adkie Dekolt: p\u00f3\u0142golf Dzianina: \u015bredniej grubo\u015bci Sk\u0142ad: 100 % Akryl ID produktu: 4900-SWD0H5 Kod producenta: LK.555BIANCADTUR<\/p>\n","protected":false},"excerpt":{"rendered":"<p>Parametry produktu: cena: 89.9 PLN marka: Brave Soul p\u0142e\u0107: Female kategoria: ONA \/ Odzie\u017c \/ Swetry \/ Przez g\u0142ow\u0119 kolor: bursztynowy Opis: Sweter z kolekcji Brave Soul. Model wykonany z<\/p>\n","protected":false},"featured_media":3186,"comment_status":"closed","ping_status":"open","template":"","meta":[],"class_list":{"0":"post-3185","1":"product","2":"type-product","3":"status-publish","5":"hentry","6":"product_cat-odziez","7":"product_cat-ona","8":"product_cat-przez-glowe","9":"product_cat-swetry","10":"product_tag-brave-soul","11":"product_tag-brave-soul-sweter"},"yoast_head":"<!-- This site is optimized with the Yoast SEO plugin v15.6.2 - https:\/\/yoast.com\/wordpress\/plugins\/seo\/ -->\n<title>Brave Soul - Sweter<\/title>\n<meta name=\"robots\" content=\"index, follow, max-snippet:-1, max-image-preview:large, max-video-preview:-1\" \/>\n<link rel=\"canonical\" href=\"https:\/\/torebunia.pl\/sklep\/produkt\/brave-soul-sweter-4\/\" \/>\n<meta property=\"og:locale\" content=\"pl_PL\" \/>\n<meta property=\"og:type\" content=\"article\" \/>\n<meta property=\"og:title\" content=\"Brave Soul - Sweter\" \/>\n<meta property=\"og:description\" content=\"Parametry produktu: cena: 89.9 PLN marka: Brave Soul p\u0142e\u0107: Female kategoria: ONA \/ Odzie\u017c \/ Swetry \/ Przez g\u0142ow\u0119 kolor: bursztynowy Opis: Sweter z kolekcji Brave Soul. Model wykonany z\" \/>\n<meta property=\"og:url\" content=\"https:\/\/torebunia.pl\/sklep\/produkt\/brave-soul-sweter-4\/\" \/>\n<meta property=\"og:site_name\" content=\"Moje Blog\" \/>\n<meta property=\"article:modified_time\" content=\"2021-01-25T14:50:30+00:00\" \/>\n<meta property=\"og:image\" content=\"https:\/\/torebunia.pl\/sklep\/wp-content\/uploads\/2021\/01\/63a1ed37be7c066da1ca63e7e25e0c2ee321e637.jpg\" \/>\n\t<meta property=\"og:image:width\" content=\"855\" \/>\n\t<meta property=\"og:image:height\" content=\"1290\" \/>\n<meta name=\"twitter:card\" content=\"summary_large_image\" \/>\n<script type=\"application\/ld+json\" class=\"yoast-schema-graph\">{\"@context\":\"https:\/\/schema.org\",\"@graph\":[{\"@type\":\"WebSite\",\"@id\":\"https:\/\/torebunia.pl\/sklep\/#website\",\"url\":\"https:\/\/torebunia.pl\/sklep\/\",\"name\":\"Moje Blog\",\"description\":\"Kolejna witryna WordPress\",\"potentialAction\":[{\"@type\":\"SearchAction\",\"target\":\"https:\/\/torebunia.pl\/sklep\/?s={search_term_string}\",\"query-input\":\"required name=search_term_string\"}],\"inLanguage\":\"pl-PL\"},{\"@type\":\"ImageObject\",\"@id\":\"https:\/\/torebunia.pl\/sklep\/produkt\/brave-soul-sweter-4\/#primaryimage\",\"inLanguage\":\"pl-PL\",\"url\":\"https:\/\/torebunia.pl\/sklep\/wp-content\/uploads\/2021\/01\/63a1ed37be7c066da1ca63e7e25e0c2ee321e637.jpg\",\"width\":855,\"height\":1290,\"caption\":\"Brave Soul - Sweter\"},{\"@type\":\"WebPage\",\"@id\":\"https:\/\/torebunia.pl\/sklep\/produkt\/brave-soul-sweter-4\/#webpage\",\"url\":\"https:\/\/torebunia.pl\/sklep\/produkt\/brave-soul-sweter-4\/\",\"name\":\"Brave Soul - Sweter\",\"isPartOf\":{\"@id\":\"https:\/\/torebunia.pl\/sklep\/#website\"},\"primaryImageOfPage\":{\"@id\":\"https:\/\/torebunia.pl\/sklep\/produkt\/brave-soul-sweter-4\/#primaryimage\"},\"datePublished\":\"2020-12-13T14:22:24+00:00\",\"dateModified\":\"2021-01-25T14:50:30+00:00\",\"inLanguage\":\"pl-PL\",\"potentialAction\":[{\"@type\":\"ReadAction\",\"target\":[\"https:\/\/torebunia.pl\/sklep\/produkt\/brave-soul-sweter-4\/\"]}]}]}<\/script>\n<!-- \/ Yoast SEO plugin. -->","_links":{"self":[{"href":"https:\/\/torebunia.pl\/sklep\/wp-json\/wp\/v2\/product\/3185","targetHints":{"allow":["GET"]}}],"collection":[{"href":"https:\/\/torebunia.pl\/sklep\/wp-json\/wp\/v2\/product"}],"about":[{"href":"https:\/\/torebunia.pl\/sklep\/wp-json\/wp\/v2\/types\/product"}],"replies":[{"embeddable":true,"href":"https:\/\/torebunia.pl\/sklep\/wp-json\/wp\/v2\/comments?post=3185"}],"wp:featuredmedia":[{"embeddable":true,"href":"https:\/\/torebunia.pl\/sklep\/wp-json\/wp\/v2\/media\/3186"}],"wp:attachment":[{"href":"https:\/\/torebunia.pl\/sklep\/wp-json\/wp\/v2\/media?parent=3185"}],"curies":[{"name":"wp","href":"https:\/\/api.w.org\/{rel}","templated":true}]}}