{"id":3145,"date":"2020-09-17T21:45:37","date_gmt":"2020-09-17T21:45:37","guid":{"rendered":"https:\/\/torebunia.pl\/sklep\/produkt\/scotch-soda-bluza\/"},"modified":"2021-01-27T11:39:20","modified_gmt":"2021-01-27T11:39:20","slug":"scotch-soda-bluza","status":"publish","type":"product","link":"https:\/\/torebunia.pl\/sklep\/produkt\/scotch-soda-bluza\/","title":{"rendered":"Scotch &#038; Soda &#8211; Bluza"},"content":{"rendered":"<p>Parametry produktu:<\/p>\n<ul>\n<li>cena: <strong>389.9 PLN<\/strong><\/li>\n<li>marka: <strong>Scotch &#038; Soda<\/strong><\/li>\n<li>p\u0142e\u0107: <strong>Female<\/strong><\/li>\n<li>kategoria: <strong>ONA \/ Odzie\u017c \/ Bluzy \/ Przez g\u0142ow\u0119<\/strong><\/li>\n<li>kolor: <strong>multikolor<\/strong><\/li>\n<\/ul>\n<p>Opis:<br \/>\nBluza z kapturem z kolekcji Scotch &#038; Soda. Model wykonany z wzorzystej dzianiny. &#8211; Lu\u017any fason. &#8211; Raglanowy r\u0119kaw. &#8211; Model z kapturem. &#8211; Cienka, nieelastyczna dzianina. &#8211; Wyko\u0144czenie ze \u015bci\u0105gacza. &#8211; Szeroko\u015b\u0107 pod pachami: 57 cm. &#8211; D\u0142ugo\u015b\u0107 r\u0119kawa(mierzona od kaptura): 68,5 cm. &#8211; D\u0142ugo\u015b\u0107: 55 cm. &#8211; Wymiary podane dla rozmiaru: S. Wz\u00f3r: wzorzyste Kaptur: z kapturem Sk\u0142ad: 100 % Poliester ID produktu: 4900-BLD0AK Kod producenta: 159314<\/p>\n","protected":false},"excerpt":{"rendered":"<p>Parametry produktu: cena: 389.9 PLN marka: Scotch &#038; Soda p\u0142e\u0107: Female kategoria: ONA \/ Odzie\u017c \/ Bluzy \/ Przez g\u0142ow\u0119 kolor: multikolor Opis: Bluza z kapturem z kolekcji Scotch &#038;<\/p>\n","protected":false},"featured_media":3146,"comment_status":"closed","ping_status":"open","template":"","meta":[],"class_list":{"0":"post-3145","1":"product","2":"type-product","3":"status-publish","5":"hentry","6":"product_cat-bluzy","7":"product_cat-odziez","8":"product_cat-ona","9":"product_cat-przez-glowe","10":"product_tag-scotch-soda","11":"product_tag-scotch-soda-bluza"},"yoast_head":"<!-- This site is optimized with the Yoast SEO plugin v15.6.2 - https:\/\/yoast.com\/wordpress\/plugins\/seo\/ -->\n<title>Scotch &amp; Soda - Bluza<\/title>\n<meta name=\"robots\" content=\"index, follow, max-snippet:-1, max-image-preview:large, max-video-preview:-1\" \/>\n<link rel=\"canonical\" href=\"https:\/\/torebunia.pl\/sklep\/produkt\/scotch-soda-bluza\/\" \/>\n<meta property=\"og:locale\" content=\"pl_PL\" \/>\n<meta property=\"og:type\" content=\"article\" \/>\n<meta property=\"og:title\" content=\"Scotch &amp; Soda - Bluza\" \/>\n<meta property=\"og:description\" content=\"Parametry produktu: cena: 389.9 PLN marka: Scotch &#038; Soda p\u0142e\u0107: Female kategoria: ONA \/ Odzie\u017c \/ Bluzy \/ Przez g\u0142ow\u0119 kolor: multikolor Opis: Bluza z kapturem z kolekcji Scotch &#038;\" \/>\n<meta property=\"og:url\" content=\"https:\/\/torebunia.pl\/sklep\/produkt\/scotch-soda-bluza\/\" \/>\n<meta property=\"og:site_name\" content=\"Moje Blog\" \/>\n<meta property=\"article:modified_time\" content=\"2021-01-27T11:39:20+00:00\" \/>\n<meta property=\"og:image\" content=\"https:\/\/torebunia.pl\/sklep\/wp-content\/uploads\/2021\/01\/4fac3c7c1fc26f22105894b8df1943539643e96c.jpg\" \/>\n\t<meta property=\"og:image:width\" content=\"855\" \/>\n\t<meta property=\"og:image:height\" content=\"1290\" \/>\n<meta name=\"twitter:card\" content=\"summary_large_image\" \/>\n<script type=\"application\/ld+json\" class=\"yoast-schema-graph\">{\"@context\":\"https:\/\/schema.org\",\"@graph\":[{\"@type\":\"WebSite\",\"@id\":\"https:\/\/torebunia.pl\/sklep\/#website\",\"url\":\"https:\/\/torebunia.pl\/sklep\/\",\"name\":\"Moje Blog\",\"description\":\"Kolejna witryna WordPress\",\"potentialAction\":[{\"@type\":\"SearchAction\",\"target\":\"https:\/\/torebunia.pl\/sklep\/?s={search_term_string}\",\"query-input\":\"required name=search_term_string\"}],\"inLanguage\":\"pl-PL\"},{\"@type\":\"ImageObject\",\"@id\":\"https:\/\/torebunia.pl\/sklep\/produkt\/scotch-soda-bluza\/#primaryimage\",\"inLanguage\":\"pl-PL\",\"url\":\"https:\/\/torebunia.pl\/sklep\/wp-content\/uploads\/2021\/01\/4fac3c7c1fc26f22105894b8df1943539643e96c.jpg\",\"width\":855,\"height\":1290,\"caption\":\"Scotch & Soda - Bluza\"},{\"@type\":\"WebPage\",\"@id\":\"https:\/\/torebunia.pl\/sklep\/produkt\/scotch-soda-bluza\/#webpage\",\"url\":\"https:\/\/torebunia.pl\/sklep\/produkt\/scotch-soda-bluza\/\",\"name\":\"Scotch & Soda - Bluza\",\"isPartOf\":{\"@id\":\"https:\/\/torebunia.pl\/sklep\/#website\"},\"primaryImageOfPage\":{\"@id\":\"https:\/\/torebunia.pl\/sklep\/produkt\/scotch-soda-bluza\/#primaryimage\"},\"datePublished\":\"2020-09-17T21:45:37+00:00\",\"dateModified\":\"2021-01-27T11:39:20+00:00\",\"inLanguage\":\"pl-PL\",\"potentialAction\":[{\"@type\":\"ReadAction\",\"target\":[\"https:\/\/torebunia.pl\/sklep\/produkt\/scotch-soda-bluza\/\"]}]}]}<\/script>\n<!-- \/ Yoast SEO plugin. -->","_links":{"self":[{"href":"https:\/\/torebunia.pl\/sklep\/wp-json\/wp\/v2\/product\/3145","targetHints":{"allow":["GET"]}}],"collection":[{"href":"https:\/\/torebunia.pl\/sklep\/wp-json\/wp\/v2\/product"}],"about":[{"href":"https:\/\/torebunia.pl\/sklep\/wp-json\/wp\/v2\/types\/product"}],"replies":[{"embeddable":true,"href":"https:\/\/torebunia.pl\/sklep\/wp-json\/wp\/v2\/comments?post=3145"}],"wp:featuredmedia":[{"embeddable":true,"href":"https:\/\/torebunia.pl\/sklep\/wp-json\/wp\/v2\/media\/3146"}],"wp:attachment":[{"href":"https:\/\/torebunia.pl\/sklep\/wp-json\/wp\/v2\/media?parent=3145"}],"curies":[{"name":"wp","href":"https:\/\/api.w.org\/{rel}","templated":true}]}}