{"id":3119,"date":"2020-07-13T17:55:39","date_gmt":"2020-07-13T17:55:39","guid":{"rendered":"https:\/\/torebunia.pl\/sklep\/produkt\/viking-rekawiczki\/"},"modified":"2021-01-25T14:48:36","modified_gmt":"2021-01-25T14:48:36","slug":"viking-rekawiczki","status":"publish","type":"product","link":"https:\/\/torebunia.pl\/sklep\/produkt\/viking-rekawiczki\/","title":{"rendered":"Viking &#8211; R\u0119kawiczki"},"content":{"rendered":"<p>Parametry produktu:<\/p>\n<ul>\n<li>cena: <strong>199.9 PLN<\/strong><\/li>\n<li>marka: <strong>Viking<\/strong><\/li>\n<li>p\u0142e\u0107: <strong>Female<\/strong><\/li>\n<li>kategoria: <strong>ONA \/ Akcesoria \/ R\u0119kawiczki<\/strong><\/li>\n<li>kolor: <strong>czarny<\/strong><\/li>\n<\/ul>\n<p>Opis:<br \/>\nR\u0119kawiczki snowboardowe z kolekcji Viking. Model wykonany z wytrzyma\u0142ego, g\u0142adkiego materia\u0142u. &#8211; Membrana GORE-TEX\u00ae zapewnia materia\u0142owi trwa\u0142o\u015b\u0107, wodoszczelno\u015b\u0107 i wiatroszczelno\u015b\u0107. &#8211; Model wodoodporny. Wz\u00f3r: g\u0142adkie Sk\u0142ad: Materia\u0142 1: 8 % Elastan, 92 % Poliester, Materia\u0142 2: 100 % Poliester ID produktu: 4900-RED02B Kod producenta: 150220077<\/p>\n","protected":false},"excerpt":{"rendered":"<p>Parametry produktu: cena: 199.9 PLN marka: Viking p\u0142e\u0107: Female kategoria: ONA \/ Akcesoria \/ R\u0119kawiczki kolor: czarny Opis: R\u0119kawiczki snowboardowe z kolekcji Viking. Model wykonany z wytrzyma\u0142ego, g\u0142adkiego materia\u0142u. &#8211;<\/p>\n","protected":false},"featured_media":3120,"comment_status":"closed","ping_status":"open","template":"","meta":[],"class_list":{"0":"post-3119","1":"product","2":"type-product","3":"status-publish","5":"hentry","6":"product_cat-akcesoria","7":"product_cat-ona","8":"product_cat-rekawiczki","9":"product_tag-viking","10":"product_tag-viking-rekawiczki"},"yoast_head":"<!-- This site is optimized with the Yoast SEO plugin v15.6.2 - https:\/\/yoast.com\/wordpress\/plugins\/seo\/ -->\n<title>Viking - R\u0119kawiczki<\/title>\n<meta name=\"robots\" content=\"index, follow, max-snippet:-1, max-image-preview:large, max-video-preview:-1\" \/>\n<link rel=\"canonical\" href=\"https:\/\/torebunia.pl\/sklep\/produkt\/viking-rekawiczki\/\" \/>\n<meta property=\"og:locale\" content=\"pl_PL\" \/>\n<meta property=\"og:type\" content=\"article\" \/>\n<meta property=\"og:title\" content=\"Viking - R\u0119kawiczki\" \/>\n<meta property=\"og:description\" content=\"Parametry produktu: cena: 199.9 PLN marka: Viking p\u0142e\u0107: Female kategoria: ONA \/ Akcesoria \/ R\u0119kawiczki kolor: czarny Opis: R\u0119kawiczki snowboardowe z kolekcji Viking. Model wykonany z wytrzyma\u0142ego, g\u0142adkiego materia\u0142u. &#8211;\" \/>\n<meta property=\"og:url\" content=\"https:\/\/torebunia.pl\/sklep\/produkt\/viking-rekawiczki\/\" \/>\n<meta property=\"og:site_name\" content=\"Moje Blog\" \/>\n<meta property=\"article:modified_time\" content=\"2021-01-25T14:48:36+00:00\" \/>\n<meta property=\"og:image\" content=\"https:\/\/torebunia.pl\/sklep\/wp-content\/uploads\/2021\/01\/534b650a5a4427dec8ed0bb445cfdd278dc7b4c6.jpg\" \/>\n\t<meta property=\"og:image:width\" content=\"855\" \/>\n\t<meta property=\"og:image:height\" content=\"1290\" \/>\n<meta name=\"twitter:card\" content=\"summary_large_image\" \/>\n<script type=\"application\/ld+json\" class=\"yoast-schema-graph\">{\"@context\":\"https:\/\/schema.org\",\"@graph\":[{\"@type\":\"WebSite\",\"@id\":\"https:\/\/torebunia.pl\/sklep\/#website\",\"url\":\"https:\/\/torebunia.pl\/sklep\/\",\"name\":\"Moje Blog\",\"description\":\"Kolejna witryna WordPress\",\"potentialAction\":[{\"@type\":\"SearchAction\",\"target\":\"https:\/\/torebunia.pl\/sklep\/?s={search_term_string}\",\"query-input\":\"required name=search_term_string\"}],\"inLanguage\":\"pl-PL\"},{\"@type\":\"ImageObject\",\"@id\":\"https:\/\/torebunia.pl\/sklep\/produkt\/viking-rekawiczki\/#primaryimage\",\"inLanguage\":\"pl-PL\",\"url\":\"https:\/\/torebunia.pl\/sklep\/wp-content\/uploads\/2021\/01\/534b650a5a4427dec8ed0bb445cfdd278dc7b4c6.jpg\",\"width\":855,\"height\":1290,\"caption\":\"Viking - R\\u0119kawiczki\"},{\"@type\":\"WebPage\",\"@id\":\"https:\/\/torebunia.pl\/sklep\/produkt\/viking-rekawiczki\/#webpage\",\"url\":\"https:\/\/torebunia.pl\/sklep\/produkt\/viking-rekawiczki\/\",\"name\":\"Viking - R\\u0119kawiczki\",\"isPartOf\":{\"@id\":\"https:\/\/torebunia.pl\/sklep\/#website\"},\"primaryImageOfPage\":{\"@id\":\"https:\/\/torebunia.pl\/sklep\/produkt\/viking-rekawiczki\/#primaryimage\"},\"datePublished\":\"2020-07-13T17:55:39+00:00\",\"dateModified\":\"2021-01-25T14:48:36+00:00\",\"inLanguage\":\"pl-PL\",\"potentialAction\":[{\"@type\":\"ReadAction\",\"target\":[\"https:\/\/torebunia.pl\/sklep\/produkt\/viking-rekawiczki\/\"]}]}]}<\/script>\n<!-- \/ Yoast SEO plugin. -->","_links":{"self":[{"href":"https:\/\/torebunia.pl\/sklep\/wp-json\/wp\/v2\/product\/3119","targetHints":{"allow":["GET"]}}],"collection":[{"href":"https:\/\/torebunia.pl\/sklep\/wp-json\/wp\/v2\/product"}],"about":[{"href":"https:\/\/torebunia.pl\/sklep\/wp-json\/wp\/v2\/types\/product"}],"replies":[{"embeddable":true,"href":"https:\/\/torebunia.pl\/sklep\/wp-json\/wp\/v2\/comments?post=3119"}],"wp:featuredmedia":[{"embeddable":true,"href":"https:\/\/torebunia.pl\/sklep\/wp-json\/wp\/v2\/media\/3120"}],"wp:attachment":[{"href":"https:\/\/torebunia.pl\/sklep\/wp-json\/wp\/v2\/media?parent=3119"}],"curies":[{"name":"wp","href":"https:\/\/api.w.org\/{rel}","templated":true}]}}