{"id":3115,"date":"2020-12-11T18:36:14","date_gmt":"2020-12-11T18:36:14","guid":{"rendered":"https:\/\/torebunia.pl\/sklep\/produkt\/twinset-plaszcz\/"},"modified":"2021-01-25T14:48:30","modified_gmt":"2021-01-25T14:48:30","slug":"twinset-plaszcz","status":"publish","type":"product","link":"https:\/\/torebunia.pl\/sklep\/produkt\/twinset-plaszcz\/","title":{"rendered":"Twinset &#8211; P\u0142aszcz"},"content":{"rendered":"<p>Parametry produktu:<\/p>\n<ul>\n<li>cena: <strong>1749.0 PLN<\/strong><\/li>\n<li>marka: <strong>TWINSET<\/strong><\/li>\n<li>p\u0142e\u0107: <strong>Female<\/strong><\/li>\n<li>kategoria: <strong>ONA \/ Odzie\u017c \/ Kurtki i p\u0142aszcze \/ P\u0142aszcze<\/strong><\/li>\n<li>kolor: <strong>kremowy<\/strong><\/li>\n<\/ul>\n<p>Opis:<br \/>\nDost\u0119pne rozmiary s\u0105 przeliczone z w\u0142oskiej rozmiar\u00f3wki producenta na standardow\u0105 rozmiar\u00f3wk\u0119 europejsk\u0105. Zamawiany rozmiar mo\u017ce r\u00f3\u017cni\u0107 si\u0119 od widocznego na metce (IT 38\/XXS = EU XS). Dla pewno\u015bci prosimy o zapoznanie si\u0119 z tabel\u0105 rozmiarow\u0105. P\u0142aszcz z kolekcji Twinset. Nieocieplony model wykonany z imitacji futra. &#8211; Nieocieplony model na podszewce. &#8211; Prosty fason. &#8211; Wsuwane kieszenie. &#8211; Zapi\u0119cie na haftki. &#8211; D\u0142ugo\u015b\u0107 r\u0119kawa: 61 cm. &#8211; D\u0142ugo\u015b\u0107: 131 cm. &#8211; Szeroko\u015b\u0107 pod pachami: 53 cm. &#8211; Szeroko\u015b\u0107 w ramionach: 43 cm. &#8211; Wymiary podane dla rozmiaru: 36. Podszewka: z podszewk\u0105 Kaptur: bez kaptura Ocieplenie: nieocieplane Materia\u0142: imitacja futra Sk\u0142ad: Podszewka: 100 % Poliester, Materia\u0142 zasadniczy: 100 % Poliester ID produktu: 4900-KPD06O Kod producenta: 202TP2332<\/p>\n","protected":false},"excerpt":{"rendered":"<p>Parametry produktu: cena: 1749.0 PLN marka: TWINSET p\u0142e\u0107: Female kategoria: ONA \/ Odzie\u017c \/ Kurtki i p\u0142aszcze \/ P\u0142aszcze kolor: kremowy Opis: Dost\u0119pne rozmiary s\u0105 przeliczone z w\u0142oskiej rozmiar\u00f3wki producenta<\/p>\n","protected":false},"featured_media":3116,"comment_status":"closed","ping_status":"open","template":"","meta":[],"class_list":{"0":"post-3115","1":"product","2":"type-product","3":"status-publish","5":"hentry","6":"product_cat-kurtki-i-plaszcze","7":"product_cat-odziez","8":"product_cat-ona","9":"product_cat-plaszcze","10":"product_tag-twinset","11":"product_tag-twinset-plaszcz"},"yoast_head":"<!-- This site is optimized with the Yoast SEO plugin v15.6.2 - https:\/\/yoast.com\/wordpress\/plugins\/seo\/ -->\n<title>Twinset - P\u0142aszcz<\/title>\n<meta name=\"robots\" content=\"index, follow, max-snippet:-1, max-image-preview:large, max-video-preview:-1\" \/>\n<link rel=\"canonical\" href=\"https:\/\/torebunia.pl\/sklep\/produkt\/twinset-plaszcz\/\" \/>\n<meta property=\"og:locale\" content=\"pl_PL\" \/>\n<meta property=\"og:type\" content=\"article\" \/>\n<meta property=\"og:title\" content=\"Twinset - P\u0142aszcz\" \/>\n<meta property=\"og:description\" content=\"Parametry produktu: cena: 1749.0 PLN marka: TWINSET p\u0142e\u0107: Female kategoria: ONA \/ Odzie\u017c \/ Kurtki i p\u0142aszcze \/ P\u0142aszcze kolor: kremowy Opis: Dost\u0119pne rozmiary s\u0105 przeliczone z w\u0142oskiej rozmiar\u00f3wki producenta\" \/>\n<meta property=\"og:url\" content=\"https:\/\/torebunia.pl\/sklep\/produkt\/twinset-plaszcz\/\" \/>\n<meta property=\"og:site_name\" content=\"Moje Blog\" \/>\n<meta property=\"article:modified_time\" content=\"2021-01-25T14:48:30+00:00\" \/>\n<meta property=\"og:image\" content=\"https:\/\/torebunia.pl\/sklep\/wp-content\/uploads\/2021\/01\/0da3c41ddebbf499e55ebbfa53f9b8d98e51bc8a.jpg\" \/>\n\t<meta property=\"og:image:width\" content=\"855\" \/>\n\t<meta property=\"og:image:height\" content=\"1290\" \/>\n<meta name=\"twitter:card\" content=\"summary_large_image\" \/>\n<meta name=\"twitter:label1\" content=\"Est. reading time\">\n\t<meta name=\"twitter:data1\" content=\"1 minuta\">\n<script type=\"application\/ld+json\" class=\"yoast-schema-graph\">{\"@context\":\"https:\/\/schema.org\",\"@graph\":[{\"@type\":\"WebSite\",\"@id\":\"https:\/\/torebunia.pl\/sklep\/#website\",\"url\":\"https:\/\/torebunia.pl\/sklep\/\",\"name\":\"Moje Blog\",\"description\":\"Kolejna witryna WordPress\",\"potentialAction\":[{\"@type\":\"SearchAction\",\"target\":\"https:\/\/torebunia.pl\/sklep\/?s={search_term_string}\",\"query-input\":\"required name=search_term_string\"}],\"inLanguage\":\"pl-PL\"},{\"@type\":\"ImageObject\",\"@id\":\"https:\/\/torebunia.pl\/sklep\/produkt\/twinset-plaszcz\/#primaryimage\",\"inLanguage\":\"pl-PL\",\"url\":\"https:\/\/torebunia.pl\/sklep\/wp-content\/uploads\/2021\/01\/0da3c41ddebbf499e55ebbfa53f9b8d98e51bc8a.jpg\",\"width\":855,\"height\":1290,\"caption\":\"Twinset - P\\u0142aszcz\"},{\"@type\":\"WebPage\",\"@id\":\"https:\/\/torebunia.pl\/sklep\/produkt\/twinset-plaszcz\/#webpage\",\"url\":\"https:\/\/torebunia.pl\/sklep\/produkt\/twinset-plaszcz\/\",\"name\":\"Twinset - P\\u0142aszcz\",\"isPartOf\":{\"@id\":\"https:\/\/torebunia.pl\/sklep\/#website\"},\"primaryImageOfPage\":{\"@id\":\"https:\/\/torebunia.pl\/sklep\/produkt\/twinset-plaszcz\/#primaryimage\"},\"datePublished\":\"2020-12-11T18:36:14+00:00\",\"dateModified\":\"2021-01-25T14:48:30+00:00\",\"inLanguage\":\"pl-PL\",\"potentialAction\":[{\"@type\":\"ReadAction\",\"target\":[\"https:\/\/torebunia.pl\/sklep\/produkt\/twinset-plaszcz\/\"]}]}]}<\/script>\n<!-- \/ Yoast SEO plugin. -->","_links":{"self":[{"href":"https:\/\/torebunia.pl\/sklep\/wp-json\/wp\/v2\/product\/3115","targetHints":{"allow":["GET"]}}],"collection":[{"href":"https:\/\/torebunia.pl\/sklep\/wp-json\/wp\/v2\/product"}],"about":[{"href":"https:\/\/torebunia.pl\/sklep\/wp-json\/wp\/v2\/types\/product"}],"replies":[{"embeddable":true,"href":"https:\/\/torebunia.pl\/sklep\/wp-json\/wp\/v2\/comments?post=3115"}],"wp:featuredmedia":[{"embeddable":true,"href":"https:\/\/torebunia.pl\/sklep\/wp-json\/wp\/v2\/media\/3116"}],"wp:attachment":[{"href":"https:\/\/torebunia.pl\/sklep\/wp-json\/wp\/v2\/media?parent=3115"}],"curies":[{"name":"wp","href":"https:\/\/api.w.org\/{rel}","templated":true}]}}