{"id":3081,"date":"2020-08-16T23:10:16","date_gmt":"2020-08-16T23:10:16","guid":{"rendered":"https:\/\/torebunia.pl\/sklep\/produkt\/aldo-workery-skorzane-reilly-2\/"},"modified":"2021-01-27T11:38:57","modified_gmt":"2021-01-27T11:38:57","slug":"aldo-workery-skorzane-reilly-2","status":"publish","type":"product","link":"https:\/\/torebunia.pl\/sklep\/produkt\/aldo-workery-skorzane-reilly-2\/","title":{"rendered":"Aldo &#8211; Workery sk\u00f3rzane Reilly"},"content":{"rendered":"<p>Parametry produktu:<\/p>\n<ul>\n<li>cena: <strong>559.9 PLN<\/strong><\/li>\n<li>marka: <strong>Aldo<\/strong><\/li>\n<li>p\u0142e\u0107: <strong>Female<\/strong><\/li>\n<li>kategoria: <strong>ONA \/ Obuwie \/ Kozaki i botki \/ Botki<\/strong><\/li>\n<li>kolor: <strong>bia\u0142y<\/strong><\/li>\n<\/ul>\n<p>Opis:<br \/>\nWorkery z kolekcji Aldo. Model wykonany ze sk\u00f3ry naturalnej. &#8211; Zapi\u0119cie na suwak. &#8211; Okr\u0105g\u0142y nosek. &#8211; Gumowa podeszwa. &#8211; Usztywniony zapi\u0119tek. &#8211; Tekstylne wn\u0119trze. &#8211; Model na platformie. &#8211; Sznurowany model. &#8211; Wysoko\u015b\u0107 platformy: 2,5 cm. &#8211; Wysoko\u015b\u0107 obcasa: 4 cm. &#8211; D\u0142ugo\u015b\u0107 wk\u0142adki wynosi: 23,5 cm. &#8211; Wymiary podane dla rozmiaru: 37. Obcas: platforma Ocieplenie: nieocieplane Materia\u0142: sk\u00f3ra licowa Wysoko\u015b\u0107 obcasa: do 5 cm Fason: workery Zapi\u0119cie: sznurowanie Zapi\u0119cie: na zamek Sk\u0142ad: Cholewka: Sk\u00f3ra naturalna, Wn\u0119trze: Materia\u0142 syntetyczny, Materia\u0142 tekstylny, Podeszwa: Materia\u0142 syntetyczny ID produktu: 4900-OBD17W Kod producenta: 13087687.REILLY<\/p>\n","protected":false},"excerpt":{"rendered":"<p>Parametry produktu: cena: 559.9 PLN marka: Aldo p\u0142e\u0107: Female kategoria: ONA \/ Obuwie \/ Kozaki i botki \/ Botki kolor: bia\u0142y Opis: Workery z kolekcji Aldo. Model wykonany ze sk\u00f3ry<\/p>\n","protected":false},"featured_media":3082,"comment_status":"closed","ping_status":"open","template":"","meta":[],"class_list":{"0":"post-3081","1":"product","2":"type-product","3":"status-publish","5":"hentry","6":"product_cat-botki","7":"product_cat-kozaki-i-botki","8":"product_cat-obuwie","9":"product_cat-ona","10":"product_tag-aldo","11":"product_tag-aldo-workery-skorzane-reilly"},"yoast_head":"<!-- This site is optimized with the Yoast SEO plugin v15.6.2 - https:\/\/yoast.com\/wordpress\/plugins\/seo\/ -->\n<title>Aldo - Workery sk\u00f3rzane Reilly<\/title>\n<meta name=\"robots\" content=\"index, follow, max-snippet:-1, max-image-preview:large, max-video-preview:-1\" \/>\n<link rel=\"canonical\" href=\"https:\/\/torebunia.pl\/sklep\/produkt\/aldo-workery-skorzane-reilly-2\/\" \/>\n<meta property=\"og:locale\" content=\"pl_PL\" \/>\n<meta property=\"og:type\" content=\"article\" \/>\n<meta property=\"og:title\" content=\"Aldo - Workery sk\u00f3rzane Reilly\" \/>\n<meta property=\"og:description\" content=\"Parametry produktu: cena: 559.9 PLN marka: Aldo p\u0142e\u0107: Female kategoria: ONA \/ Obuwie \/ Kozaki i botki \/ Botki kolor: bia\u0142y Opis: Workery z kolekcji Aldo. Model wykonany ze sk\u00f3ry\" \/>\n<meta property=\"og:url\" content=\"https:\/\/torebunia.pl\/sklep\/produkt\/aldo-workery-skorzane-reilly-2\/\" \/>\n<meta property=\"og:site_name\" content=\"Moje Blog\" \/>\n<meta property=\"article:modified_time\" content=\"2021-01-27T11:38:57+00:00\" \/>\n<meta property=\"og:image\" content=\"https:\/\/torebunia.pl\/sklep\/wp-content\/uploads\/2021\/01\/d43703e123c0892b37a4933b59e6ea0496b0a773-1.jpg\" \/>\n\t<meta property=\"og:image:width\" content=\"855\" \/>\n\t<meta property=\"og:image:height\" content=\"1290\" \/>\n<meta name=\"twitter:card\" content=\"summary_large_image\" \/>\n<meta name=\"twitter:label1\" content=\"Est. reading time\">\n\t<meta name=\"twitter:data1\" content=\"1 minuta\">\n<script type=\"application\/ld+json\" class=\"yoast-schema-graph\">{\"@context\":\"https:\/\/schema.org\",\"@graph\":[{\"@type\":\"WebSite\",\"@id\":\"https:\/\/torebunia.pl\/sklep\/#website\",\"url\":\"https:\/\/torebunia.pl\/sklep\/\",\"name\":\"Moje Blog\",\"description\":\"Kolejna witryna WordPress\",\"potentialAction\":[{\"@type\":\"SearchAction\",\"target\":\"https:\/\/torebunia.pl\/sklep\/?s={search_term_string}\",\"query-input\":\"required name=search_term_string\"}],\"inLanguage\":\"pl-PL\"},{\"@type\":\"ImageObject\",\"@id\":\"https:\/\/torebunia.pl\/sklep\/produkt\/aldo-workery-skorzane-reilly-2\/#primaryimage\",\"inLanguage\":\"pl-PL\",\"url\":\"https:\/\/torebunia.pl\/sklep\/wp-content\/uploads\/2021\/01\/d43703e123c0892b37a4933b59e6ea0496b0a773-1.jpg\",\"width\":855,\"height\":1290,\"caption\":\"Aldo - Workery sk\\u00f3rzane Reilly\"},{\"@type\":\"WebPage\",\"@id\":\"https:\/\/torebunia.pl\/sklep\/produkt\/aldo-workery-skorzane-reilly-2\/#webpage\",\"url\":\"https:\/\/torebunia.pl\/sklep\/produkt\/aldo-workery-skorzane-reilly-2\/\",\"name\":\"Aldo - Workery sk\\u00f3rzane Reilly\",\"isPartOf\":{\"@id\":\"https:\/\/torebunia.pl\/sklep\/#website\"},\"primaryImageOfPage\":{\"@id\":\"https:\/\/torebunia.pl\/sklep\/produkt\/aldo-workery-skorzane-reilly-2\/#primaryimage\"},\"datePublished\":\"2020-08-16T23:10:16+00:00\",\"dateModified\":\"2021-01-27T11:38:57+00:00\",\"inLanguage\":\"pl-PL\",\"potentialAction\":[{\"@type\":\"ReadAction\",\"target\":[\"https:\/\/torebunia.pl\/sklep\/produkt\/aldo-workery-skorzane-reilly-2\/\"]}]}]}<\/script>\n<!-- \/ Yoast SEO plugin. -->","_links":{"self":[{"href":"https:\/\/torebunia.pl\/sklep\/wp-json\/wp\/v2\/product\/3081","targetHints":{"allow":["GET"]}}],"collection":[{"href":"https:\/\/torebunia.pl\/sklep\/wp-json\/wp\/v2\/product"}],"about":[{"href":"https:\/\/torebunia.pl\/sklep\/wp-json\/wp\/v2\/types\/product"}],"replies":[{"embeddable":true,"href":"https:\/\/torebunia.pl\/sklep\/wp-json\/wp\/v2\/comments?post=3081"}],"wp:featuredmedia":[{"embeddable":true,"href":"https:\/\/torebunia.pl\/sklep\/wp-json\/wp\/v2\/media\/3082"}],"wp:attachment":[{"href":"https:\/\/torebunia.pl\/sklep\/wp-json\/wp\/v2\/media?parent=3081"}],"curies":[{"name":"wp","href":"https:\/\/api.w.org\/{rel}","templated":true}]}}