{"id":2961,"date":"2020-07-19T02:54:05","date_gmt":"2020-07-19T02:54:05","guid":{"rendered":"https:\/\/torebunia.pl\/sklep\/produkt\/calvin-klein-torebka\/"},"modified":"2021-01-25T14:44:03","modified_gmt":"2021-01-25T14:44:03","slug":"calvin-klein-torebka","status":"publish","type":"product","link":"https:\/\/torebunia.pl\/sklep\/produkt\/calvin-klein-torebka\/","title":{"rendered":"Calvin Klein &#8211; Torebka"},"content":{"rendered":"<p>Parametry produktu:<\/p>\n<ul>\n<li>cena: <strong>749.9 PLN<\/strong><\/li>\n<li>marka: <strong>Calvin Klein<\/strong><\/li>\n<li>p\u0142e\u0107: <strong>Female<\/strong><\/li>\n<li>kategoria: <strong>ONA \/ Akcesoria \/ Torebki \/ Crossbody i listonoszki<\/strong><\/li>\n<li>kolor: <strong>z\u0142oty br\u0105z<\/strong><\/li>\n<\/ul>\n<p>Opis:<br \/>\n\u015aredniej wielko\u015bci torebka z kolekcji Calvin Klein. Model zapinany wykonany ze sk\u00f3ry ekologicznej. &#8211; Zapi\u0119cie na magnes. &#8211; Torebka do noszenia w r\u0119ku lub na ramieniu. &#8211; Dopinany d\u0142u\u017cszy pasek z regulacj\u0105. &#8211; Nie mie\u015bci formatu A4. &#8211; Ozdobny detal z przodu. &#8211; G\u0142\u0119boko\u015b\u0107: 9,5 cm. &#8211; Wysoko\u015b\u0107: 23 cm. &#8211; Szeroko\u015b\u0107 u podstawy: 27 cm. Wz\u00f3r: g\u0142adkie Wielko\u015b\u0107: nie mie\u015bci A4 Materia\u0142: imitacja sk\u00f3ry licowej Pasek: odpinany pasek Sk\u0142ad: 100 % Poliuretan ID produktu: 4900-TOD0AB Kod producenta: K60K607091<\/p>\n","protected":false},"excerpt":{"rendered":"<p>Parametry produktu: cena: 749.9 PLN marka: Calvin Klein p\u0142e\u0107: Female kategoria: ONA \/ Akcesoria \/ Torebki \/ Crossbody i listonoszki kolor: z\u0142oty br\u0105z Opis: \u015aredniej wielko\u015bci torebka z kolekcji Calvin<\/p>\n","protected":false},"featured_media":2962,"comment_status":"closed","ping_status":"open","template":"","meta":[],"class_list":{"0":"post-2961","1":"product","2":"type-product","3":"status-publish","5":"hentry","6":"product_cat-akcesoria","7":"product_cat-crossbody-i-listonoszki","8":"product_cat-ona","9":"product_cat-torebki","10":"product_tag-calvin-klein","11":"product_tag-calvin-klein-torebka"},"yoast_head":"<!-- This site is optimized with the Yoast SEO plugin v15.6.2 - https:\/\/yoast.com\/wordpress\/plugins\/seo\/ -->\n<title>Calvin Klein - Torebka<\/title>\n<meta name=\"robots\" content=\"index, follow, max-snippet:-1, max-image-preview:large, max-video-preview:-1\" \/>\n<link rel=\"canonical\" href=\"https:\/\/torebunia.pl\/sklep\/produkt\/calvin-klein-torebka\/\" \/>\n<meta property=\"og:locale\" content=\"pl_PL\" \/>\n<meta property=\"og:type\" content=\"article\" \/>\n<meta property=\"og:title\" content=\"Calvin Klein - Torebka\" \/>\n<meta property=\"og:description\" content=\"Parametry produktu: cena: 749.9 PLN marka: Calvin Klein p\u0142e\u0107: Female kategoria: ONA \/ Akcesoria \/ Torebki \/ Crossbody i listonoszki kolor: z\u0142oty br\u0105z Opis: \u015aredniej wielko\u015bci torebka z kolekcji Calvin\" \/>\n<meta property=\"og:url\" content=\"https:\/\/torebunia.pl\/sklep\/produkt\/calvin-klein-torebka\/\" \/>\n<meta property=\"og:site_name\" content=\"Moje Blog\" \/>\n<meta property=\"article:modified_time\" content=\"2021-01-25T14:44:03+00:00\" \/>\n<meta property=\"og:image\" content=\"https:\/\/torebunia.pl\/sklep\/wp-content\/uploads\/2021\/01\/f1d84c0450ba97f9f7a45a1bcc3ebf3931190fd0.jpg\" \/>\n\t<meta property=\"og:image:width\" content=\"855\" \/>\n\t<meta property=\"og:image:height\" content=\"1290\" \/>\n<meta name=\"twitter:card\" content=\"summary_large_image\" \/>\n<meta name=\"twitter:label1\" content=\"Est. reading time\">\n\t<meta name=\"twitter:data1\" content=\"1 minuta\">\n<script type=\"application\/ld+json\" class=\"yoast-schema-graph\">{\"@context\":\"https:\/\/schema.org\",\"@graph\":[{\"@type\":\"WebSite\",\"@id\":\"https:\/\/torebunia.pl\/sklep\/#website\",\"url\":\"https:\/\/torebunia.pl\/sklep\/\",\"name\":\"Moje Blog\",\"description\":\"Kolejna witryna WordPress\",\"potentialAction\":[{\"@type\":\"SearchAction\",\"target\":\"https:\/\/torebunia.pl\/sklep\/?s={search_term_string}\",\"query-input\":\"required name=search_term_string\"}],\"inLanguage\":\"pl-PL\"},{\"@type\":\"ImageObject\",\"@id\":\"https:\/\/torebunia.pl\/sklep\/produkt\/calvin-klein-torebka\/#primaryimage\",\"inLanguage\":\"pl-PL\",\"url\":\"https:\/\/torebunia.pl\/sklep\/wp-content\/uploads\/2021\/01\/f1d84c0450ba97f9f7a45a1bcc3ebf3931190fd0.jpg\",\"width\":855,\"height\":1290,\"caption\":\"Calvin Klein - Torebka\"},{\"@type\":\"WebPage\",\"@id\":\"https:\/\/torebunia.pl\/sklep\/produkt\/calvin-klein-torebka\/#webpage\",\"url\":\"https:\/\/torebunia.pl\/sklep\/produkt\/calvin-klein-torebka\/\",\"name\":\"Calvin Klein - Torebka\",\"isPartOf\":{\"@id\":\"https:\/\/torebunia.pl\/sklep\/#website\"},\"primaryImageOfPage\":{\"@id\":\"https:\/\/torebunia.pl\/sklep\/produkt\/calvin-klein-torebka\/#primaryimage\"},\"datePublished\":\"2020-07-19T02:54:05+00:00\",\"dateModified\":\"2021-01-25T14:44:03+00:00\",\"inLanguage\":\"pl-PL\",\"potentialAction\":[{\"@type\":\"ReadAction\",\"target\":[\"https:\/\/torebunia.pl\/sklep\/produkt\/calvin-klein-torebka\/\"]}]}]}<\/script>\n<!-- \/ Yoast SEO plugin. -->","_links":{"self":[{"href":"https:\/\/torebunia.pl\/sklep\/wp-json\/wp\/v2\/product\/2961","targetHints":{"allow":["GET"]}}],"collection":[{"href":"https:\/\/torebunia.pl\/sklep\/wp-json\/wp\/v2\/product"}],"about":[{"href":"https:\/\/torebunia.pl\/sklep\/wp-json\/wp\/v2\/types\/product"}],"replies":[{"embeddable":true,"href":"https:\/\/torebunia.pl\/sklep\/wp-json\/wp\/v2\/comments?post=2961"}],"wp:featuredmedia":[{"embeddable":true,"href":"https:\/\/torebunia.pl\/sklep\/wp-json\/wp\/v2\/media\/2962"}],"wp:attachment":[{"href":"https:\/\/torebunia.pl\/sklep\/wp-json\/wp\/v2\/media?parent=2961"}],"curies":[{"name":"wp","href":"https:\/\/api.w.org\/{rel}","templated":true}]}}