{"id":2945,"date":"2020-04-13T03:07:27","date_gmt":"2020-04-13T03:07:27","guid":{"rendered":"https:\/\/torebunia.pl\/sklep\/produkt\/vero-moda-plaszcz-3\/"},"modified":"2021-01-25T14:43:39","modified_gmt":"2021-01-25T14:43:39","slug":"vero-moda-plaszcz-3","status":"publish","type":"product","link":"https:\/\/torebunia.pl\/sklep\/produkt\/vero-moda-plaszcz-3\/","title":{"rendered":"Vero Moda &#8211; P\u0142aszcz"},"content":{"rendered":"<p>Parametry produktu:<\/p>\n<ul>\n<li>cena: <strong>259.9 PLN<\/strong><\/li>\n<li>marka: <strong>Vero Moda<\/strong><\/li>\n<li>p\u0142e\u0107: <strong>Female<\/strong><\/li>\n<li>kategoria: <strong>ONA \/ Odzie\u017c \/ Kurtki i p\u0142aszcze \/ P\u0142aszcze<\/strong><\/li>\n<li>kolor: <strong>czarny<\/strong><\/li>\n<\/ul>\n<p>Opis:<br \/>\nP\u0142aszcz z kolekcji Vero Moda. Przej\u015bciowy model wykonany z g\u0142adkiego materia\u0142u. &#8211; Nieocieplony model na podszewce. &#8211; Prosty fason. &#8211; Wsuwane kieszenie. &#8211; Dwurz\u0119dowe zapi\u0119cie na guziki. &#8211; Klasyczne klapy. &#8211; Szeroko\u015b\u0107 pod pachami: 46 cm. &#8211; Szeroko\u015b\u0107 w ramionach: 36 cm. &#8211; D\u0142ugo\u015b\u0107 r\u0119kawa: 61 cm. &#8211; D\u0142ugo\u015b\u0107: 95 cm. &#8211; Wymiary podane dla rozmiaru: S. Podszewka: z podszewk\u0105 Kaptur: bez kaptura Fason: dwurz\u0119dowy Ocieplenie: nieocieplane Ocieplenie: przej\u015bciowe Sk\u0142ad: Podszewka: 100 % Poliester, Materia\u0142 zasadniczy: 1 % Elastan, 89 % Poliester, 10 % Wiskoza ID produktu: 4900-KPD06S Kod producenta: 10236931<\/p>\n","protected":false},"excerpt":{"rendered":"<p>Parametry produktu: cena: 259.9 PLN marka: Vero Moda p\u0142e\u0107: Female kategoria: ONA \/ Odzie\u017c \/ Kurtki i p\u0142aszcze \/ P\u0142aszcze kolor: czarny Opis: P\u0142aszcz z kolekcji Vero Moda. Przej\u015bciowy model<\/p>\n","protected":false},"featured_media":2946,"comment_status":"closed","ping_status":"open","template":"","meta":[],"class_list":{"0":"post-2945","1":"product","2":"type-product","3":"status-publish","5":"hentry","6":"product_cat-kurtki-i-plaszcze","7":"product_cat-odziez","8":"product_cat-ona","9":"product_cat-plaszcze","10":"product_tag-vero-moda","11":"product_tag-vero-moda-plaszcz"},"yoast_head":"<!-- This site is optimized with the Yoast SEO plugin v15.6.2 - https:\/\/yoast.com\/wordpress\/plugins\/seo\/ -->\n<title>Vero Moda - P\u0142aszcz<\/title>\n<meta name=\"robots\" content=\"index, follow, max-snippet:-1, max-image-preview:large, max-video-preview:-1\" \/>\n<link rel=\"canonical\" href=\"https:\/\/torebunia.pl\/sklep\/produkt\/vero-moda-plaszcz-3\/\" \/>\n<meta property=\"og:locale\" content=\"pl_PL\" \/>\n<meta property=\"og:type\" content=\"article\" \/>\n<meta property=\"og:title\" content=\"Vero Moda - P\u0142aszcz\" \/>\n<meta property=\"og:description\" content=\"Parametry produktu: cena: 259.9 PLN marka: Vero Moda p\u0142e\u0107: Female kategoria: ONA \/ Odzie\u017c \/ Kurtki i p\u0142aszcze \/ P\u0142aszcze kolor: czarny Opis: P\u0142aszcz z kolekcji Vero Moda. Przej\u015bciowy model\" \/>\n<meta property=\"og:url\" content=\"https:\/\/torebunia.pl\/sklep\/produkt\/vero-moda-plaszcz-3\/\" \/>\n<meta property=\"og:site_name\" content=\"Moje Blog\" \/>\n<meta property=\"article:modified_time\" content=\"2021-01-25T14:43:39+00:00\" \/>\n<meta property=\"og:image\" content=\"https:\/\/torebunia.pl\/sklep\/wp-content\/uploads\/2021\/01\/89251b4dfb6ff0d3c716f012682965497cb08f09.jpg\" \/>\n\t<meta property=\"og:image:width\" content=\"855\" \/>\n\t<meta property=\"og:image:height\" content=\"1290\" \/>\n<meta name=\"twitter:card\" content=\"summary_large_image\" \/>\n<meta name=\"twitter:label1\" content=\"Est. reading time\">\n\t<meta name=\"twitter:data1\" content=\"1 minuta\">\n<script type=\"application\/ld+json\" class=\"yoast-schema-graph\">{\"@context\":\"https:\/\/schema.org\",\"@graph\":[{\"@type\":\"WebSite\",\"@id\":\"https:\/\/torebunia.pl\/sklep\/#website\",\"url\":\"https:\/\/torebunia.pl\/sklep\/\",\"name\":\"Moje Blog\",\"description\":\"Kolejna witryna WordPress\",\"potentialAction\":[{\"@type\":\"SearchAction\",\"target\":\"https:\/\/torebunia.pl\/sklep\/?s={search_term_string}\",\"query-input\":\"required name=search_term_string\"}],\"inLanguage\":\"pl-PL\"},{\"@type\":\"ImageObject\",\"@id\":\"https:\/\/torebunia.pl\/sklep\/produkt\/vero-moda-plaszcz-3\/#primaryimage\",\"inLanguage\":\"pl-PL\",\"url\":\"https:\/\/torebunia.pl\/sklep\/wp-content\/uploads\/2021\/01\/89251b4dfb6ff0d3c716f012682965497cb08f09.jpg\",\"width\":855,\"height\":1290,\"caption\":\"Vero Moda - P\\u0142aszcz\"},{\"@type\":\"WebPage\",\"@id\":\"https:\/\/torebunia.pl\/sklep\/produkt\/vero-moda-plaszcz-3\/#webpage\",\"url\":\"https:\/\/torebunia.pl\/sklep\/produkt\/vero-moda-plaszcz-3\/\",\"name\":\"Vero Moda - P\\u0142aszcz\",\"isPartOf\":{\"@id\":\"https:\/\/torebunia.pl\/sklep\/#website\"},\"primaryImageOfPage\":{\"@id\":\"https:\/\/torebunia.pl\/sklep\/produkt\/vero-moda-plaszcz-3\/#primaryimage\"},\"datePublished\":\"2020-04-13T03:07:27+00:00\",\"dateModified\":\"2021-01-25T14:43:39+00:00\",\"inLanguage\":\"pl-PL\",\"potentialAction\":[{\"@type\":\"ReadAction\",\"target\":[\"https:\/\/torebunia.pl\/sklep\/produkt\/vero-moda-plaszcz-3\/\"]}]}]}<\/script>\n<!-- \/ Yoast SEO plugin. -->","_links":{"self":[{"href":"https:\/\/torebunia.pl\/sklep\/wp-json\/wp\/v2\/product\/2945","targetHints":{"allow":["GET"]}}],"collection":[{"href":"https:\/\/torebunia.pl\/sklep\/wp-json\/wp\/v2\/product"}],"about":[{"href":"https:\/\/torebunia.pl\/sklep\/wp-json\/wp\/v2\/types\/product"}],"replies":[{"embeddable":true,"href":"https:\/\/torebunia.pl\/sklep\/wp-json\/wp\/v2\/comments?post=2945"}],"wp:featuredmedia":[{"embeddable":true,"href":"https:\/\/torebunia.pl\/sklep\/wp-json\/wp\/v2\/media\/2946"}],"wp:attachment":[{"href":"https:\/\/torebunia.pl\/sklep\/wp-json\/wp\/v2\/media?parent=2945"}],"curies":[{"name":"wp","href":"https:\/\/api.w.org\/{rel}","templated":true}]}}