{"id":2783,"date":"2020-03-03T20:53:24","date_gmt":"2020-03-03T20:53:24","guid":{"rendered":"https:\/\/torebunia.pl\/sklep\/produkt\/lacoste-polo\/"},"modified":"2021-01-25T14:39:24","modified_gmt":"2021-01-25T14:39:24","slug":"lacoste-polo","status":"publish","type":"product","link":"https:\/\/torebunia.pl\/sklep\/produkt\/lacoste-polo\/","title":{"rendered":"Lacoste &#8211; Polo"},"content":{"rendered":"<p>Parametry produktu:<\/p>\n<ul>\n<li>cena: <strong>429.9 PLN<\/strong><\/li>\n<li>marka: <strong>Lacoste<\/strong><\/li>\n<li>p\u0142e\u0107: <strong>Female<\/strong><\/li>\n<li>kategoria: <strong>ONA \/ Odzie\u017c \/ Topy i t-shirty \/ Z kr\u00f3tkim r\u0119kawem<\/strong><\/li>\n<li>kolor: <strong>zielony<\/strong><\/li>\n<\/ul>\n<p>Opis:<br \/>\nPolo z kolekcji Lacoste. Model wykonany z lekko elastycznej dzianiny. &#8211; Model z ko\u0142nierzykiem. &#8211; Kr\u00f3tkie zapi\u0119cie na guziki. &#8211; Dopasowany fason. &#8211; D\u0142ugo\u015b\u0107: 60 cm. &#8211; Szeroko\u015b\u0107 pod pachami: 42 cm. &#8211; Wymiary podane dla rozmiaru: 34. Wz\u00f3r: g\u0142adkie Dekolt: zapinany Materia\u0142: z elastanem Okazje: casual Sk\u0142ad: 94 % Bawe\u0142na, 6 % Elastan ID produktu: 4901-TSD0WR Kod producenta: PF5462<\/p>\n","protected":false},"excerpt":{"rendered":"<p>Parametry produktu: cena: 429.9 PLN marka: Lacoste p\u0142e\u0107: Female kategoria: ONA \/ Odzie\u017c \/ Topy i t-shirty \/ Z kr\u00f3tkim r\u0119kawem kolor: zielony Opis: Polo z kolekcji Lacoste. Model wykonany<\/p>\n","protected":false},"featured_media":2784,"comment_status":"closed","ping_status":"open","template":"","meta":[],"class_list":{"0":"post-2783","1":"product","2":"type-product","3":"status-publish","5":"hentry","6":"product_cat-odziez","7":"product_cat-ona","8":"product_cat-topy-i-t-shirty","9":"product_cat-z-krotkim-rekawem","10":"product_tag-lacoste","11":"product_tag-lacoste-polo"},"yoast_head":"<!-- This site is optimized with the Yoast SEO plugin v15.6.2 - https:\/\/yoast.com\/wordpress\/plugins\/seo\/ -->\n<title>Lacoste - Polo<\/title>\n<meta name=\"robots\" content=\"index, follow, max-snippet:-1, max-image-preview:large, max-video-preview:-1\" \/>\n<link rel=\"canonical\" href=\"https:\/\/torebunia.pl\/sklep\/produkt\/lacoste-polo\/\" \/>\n<meta property=\"og:locale\" content=\"pl_PL\" \/>\n<meta property=\"og:type\" content=\"article\" \/>\n<meta property=\"og:title\" content=\"Lacoste - Polo\" \/>\n<meta property=\"og:description\" content=\"Parametry produktu: cena: 429.9 PLN marka: Lacoste p\u0142e\u0107: Female kategoria: ONA \/ Odzie\u017c \/ Topy i t-shirty \/ Z kr\u00f3tkim r\u0119kawem kolor: zielony Opis: Polo z kolekcji Lacoste. Model wykonany\" \/>\n<meta property=\"og:url\" content=\"https:\/\/torebunia.pl\/sklep\/produkt\/lacoste-polo\/\" \/>\n<meta property=\"og:site_name\" content=\"Moje Blog\" \/>\n<meta property=\"article:modified_time\" content=\"2021-01-25T14:39:24+00:00\" \/>\n<meta property=\"og:image\" content=\"https:\/\/torebunia.pl\/sklep\/wp-content\/uploads\/2021\/01\/ace7e5a1f8921e56db8c5ae0cc42844d764a7b09.jpg\" \/>\n\t<meta property=\"og:image:width\" content=\"855\" \/>\n\t<meta property=\"og:image:height\" content=\"1290\" \/>\n<meta name=\"twitter:card\" content=\"summary_large_image\" \/>\n<script type=\"application\/ld+json\" class=\"yoast-schema-graph\">{\"@context\":\"https:\/\/schema.org\",\"@graph\":[{\"@type\":\"WebSite\",\"@id\":\"https:\/\/torebunia.pl\/sklep\/#website\",\"url\":\"https:\/\/torebunia.pl\/sklep\/\",\"name\":\"Moje Blog\",\"description\":\"Kolejna witryna WordPress\",\"potentialAction\":[{\"@type\":\"SearchAction\",\"target\":\"https:\/\/torebunia.pl\/sklep\/?s={search_term_string}\",\"query-input\":\"required name=search_term_string\"}],\"inLanguage\":\"pl-PL\"},{\"@type\":\"ImageObject\",\"@id\":\"https:\/\/torebunia.pl\/sklep\/produkt\/lacoste-polo\/#primaryimage\",\"inLanguage\":\"pl-PL\",\"url\":\"https:\/\/torebunia.pl\/sklep\/wp-content\/uploads\/2021\/01\/ace7e5a1f8921e56db8c5ae0cc42844d764a7b09.jpg\",\"width\":855,\"height\":1290,\"caption\":\"Lacoste - Polo\"},{\"@type\":\"WebPage\",\"@id\":\"https:\/\/torebunia.pl\/sklep\/produkt\/lacoste-polo\/#webpage\",\"url\":\"https:\/\/torebunia.pl\/sklep\/produkt\/lacoste-polo\/\",\"name\":\"Lacoste - Polo\",\"isPartOf\":{\"@id\":\"https:\/\/torebunia.pl\/sklep\/#website\"},\"primaryImageOfPage\":{\"@id\":\"https:\/\/torebunia.pl\/sklep\/produkt\/lacoste-polo\/#primaryimage\"},\"datePublished\":\"2020-03-03T20:53:24+00:00\",\"dateModified\":\"2021-01-25T14:39:24+00:00\",\"inLanguage\":\"pl-PL\",\"potentialAction\":[{\"@type\":\"ReadAction\",\"target\":[\"https:\/\/torebunia.pl\/sklep\/produkt\/lacoste-polo\/\"]}]}]}<\/script>\n<!-- \/ Yoast SEO plugin. -->","_links":{"self":[{"href":"https:\/\/torebunia.pl\/sklep\/wp-json\/wp\/v2\/product\/2783","targetHints":{"allow":["GET"]}}],"collection":[{"href":"https:\/\/torebunia.pl\/sklep\/wp-json\/wp\/v2\/product"}],"about":[{"href":"https:\/\/torebunia.pl\/sklep\/wp-json\/wp\/v2\/types\/product"}],"replies":[{"embeddable":true,"href":"https:\/\/torebunia.pl\/sklep\/wp-json\/wp\/v2\/comments?post=2783"}],"wp:featuredmedia":[{"embeddable":true,"href":"https:\/\/torebunia.pl\/sklep\/wp-json\/wp\/v2\/media\/2784"}],"wp:attachment":[{"href":"https:\/\/torebunia.pl\/sklep\/wp-json\/wp\/v2\/media?parent=2783"}],"curies":[{"name":"wp","href":"https:\/\/api.w.org\/{rel}","templated":true}]}}