{"id":2771,"date":"2020-11-29T05:31:54","date_gmt":"2020-11-29T05:31:54","guid":{"rendered":"https:\/\/torebunia.pl\/sklep\/produkt\/tommy-jeans-bluza-dw0dw07787\/"},"modified":"2021-01-25T14:39:06","modified_gmt":"2021-01-25T14:39:06","slug":"tommy-jeans-bluza-dw0dw07787","status":"publish","type":"product","link":"https:\/\/torebunia.pl\/sklep\/produkt\/tommy-jeans-bluza-dw0dw07787\/","title":{"rendered":"Tommy Jeans &#8211; Bluza DW0DW07787"},"content":{"rendered":"<p>Parametry produktu:<\/p>\n<ul>\n<li>cena: <strong>449.9 PLN<\/strong><\/li>\n<li>marka: <strong>Tommy Jeans<\/strong><\/li>\n<li>p\u0142e\u0107: <strong>Female<\/strong><\/li>\n<li>kategoria: <strong>ONA \/ Odzie\u017c \/ Bluzy \/ Przez g\u0142ow\u0119<\/strong><\/li>\n<li>kolor: <strong>niebieski<\/strong><\/li>\n<\/ul>\n<p>Opis:<br \/>\nBluza z kapturem z kolekcji Tommy Jeans. Model wykonany z grubej, lekko elastycznej dzianiny. &#8211; Obni\u017cona linia ramion. &#8211; Kiesze\u0144 z przodu. &#8211; Wyko\u0144czenie ze \u015bci\u0105gacza. &#8211; Model z aplikacj\u0105. &#8211; D\u0142ugo\u015b\u0107 r\u0119kawa(mierzona od kaptura): 71 cm. &#8211; D\u0142ugo\u015b\u0107: 62 cm. &#8211; Szeroko\u015b\u0107 pod pachami: 56 cm. &#8211; Wymiary podane dla rozmiaru: S. Wz\u00f3r: aplikacja Materia\u0142: bawe\u0142na Kaptur: z kapturem ID produktu: 4901-BLD00O Kod producenta: DW0DW07787<\/p>\n","protected":false},"excerpt":{"rendered":"<p>Parametry produktu: cena: 449.9 PLN marka: Tommy Jeans p\u0142e\u0107: Female kategoria: ONA \/ Odzie\u017c \/ Bluzy \/ Przez g\u0142ow\u0119 kolor: niebieski Opis: Bluza z kapturem z kolekcji Tommy Jeans. Model<\/p>\n","protected":false},"featured_media":2772,"comment_status":"closed","ping_status":"open","template":"","meta":[],"class_list":{"0":"post-2771","1":"product","2":"type-product","3":"status-publish","5":"hentry","6":"product_cat-bluzy","7":"product_cat-odziez","8":"product_cat-ona","9":"product_cat-przez-glowe","10":"product_tag-tommy-jeans","11":"product_tag-tommy-jeans-bluza-dw0dw07787"},"yoast_head":"<!-- This site is optimized with the Yoast SEO plugin v15.6.2 - https:\/\/yoast.com\/wordpress\/plugins\/seo\/ -->\n<title>Tommy Jeans - Bluza DW0DW07787<\/title>\n<meta name=\"robots\" content=\"index, follow, max-snippet:-1, max-image-preview:large, max-video-preview:-1\" \/>\n<link rel=\"canonical\" href=\"https:\/\/torebunia.pl\/sklep\/produkt\/tommy-jeans-bluza-dw0dw07787\/\" \/>\n<meta property=\"og:locale\" content=\"pl_PL\" \/>\n<meta property=\"og:type\" content=\"article\" \/>\n<meta property=\"og:title\" content=\"Tommy Jeans - Bluza DW0DW07787\" \/>\n<meta property=\"og:description\" content=\"Parametry produktu: cena: 449.9 PLN marka: Tommy Jeans p\u0142e\u0107: Female kategoria: ONA \/ Odzie\u017c \/ Bluzy \/ Przez g\u0142ow\u0119 kolor: niebieski Opis: Bluza z kapturem z kolekcji Tommy Jeans. Model\" \/>\n<meta property=\"og:url\" content=\"https:\/\/torebunia.pl\/sklep\/produkt\/tommy-jeans-bluza-dw0dw07787\/\" \/>\n<meta property=\"og:site_name\" content=\"Moje Blog\" \/>\n<meta property=\"article:modified_time\" content=\"2021-01-25T14:39:06+00:00\" \/>\n<meta property=\"og:image\" content=\"https:\/\/torebunia.pl\/sklep\/wp-content\/uploads\/2021\/01\/8df54e46231f908418130a3f05d3ba5991c3478f.jpg\" \/>\n\t<meta property=\"og:image:width\" content=\"855\" \/>\n\t<meta property=\"og:image:height\" content=\"1290\" \/>\n<meta name=\"twitter:card\" content=\"summary_large_image\" \/>\n<script type=\"application\/ld+json\" class=\"yoast-schema-graph\">{\"@context\":\"https:\/\/schema.org\",\"@graph\":[{\"@type\":\"WebSite\",\"@id\":\"https:\/\/torebunia.pl\/sklep\/#website\",\"url\":\"https:\/\/torebunia.pl\/sklep\/\",\"name\":\"Moje Blog\",\"description\":\"Kolejna witryna WordPress\",\"potentialAction\":[{\"@type\":\"SearchAction\",\"target\":\"https:\/\/torebunia.pl\/sklep\/?s={search_term_string}\",\"query-input\":\"required name=search_term_string\"}],\"inLanguage\":\"pl-PL\"},{\"@type\":\"ImageObject\",\"@id\":\"https:\/\/torebunia.pl\/sklep\/produkt\/tommy-jeans-bluza-dw0dw07787\/#primaryimage\",\"inLanguage\":\"pl-PL\",\"url\":\"https:\/\/torebunia.pl\/sklep\/wp-content\/uploads\/2021\/01\/8df54e46231f908418130a3f05d3ba5991c3478f.jpg\",\"width\":855,\"height\":1290,\"caption\":\"Tommy Jeans - Bluza DW0DW07787\"},{\"@type\":\"WebPage\",\"@id\":\"https:\/\/torebunia.pl\/sklep\/produkt\/tommy-jeans-bluza-dw0dw07787\/#webpage\",\"url\":\"https:\/\/torebunia.pl\/sklep\/produkt\/tommy-jeans-bluza-dw0dw07787\/\",\"name\":\"Tommy Jeans - Bluza DW0DW07787\",\"isPartOf\":{\"@id\":\"https:\/\/torebunia.pl\/sklep\/#website\"},\"primaryImageOfPage\":{\"@id\":\"https:\/\/torebunia.pl\/sklep\/produkt\/tommy-jeans-bluza-dw0dw07787\/#primaryimage\"},\"datePublished\":\"2020-11-29T05:31:54+00:00\",\"dateModified\":\"2021-01-25T14:39:06+00:00\",\"inLanguage\":\"pl-PL\",\"potentialAction\":[{\"@type\":\"ReadAction\",\"target\":[\"https:\/\/torebunia.pl\/sklep\/produkt\/tommy-jeans-bluza-dw0dw07787\/\"]}]}]}<\/script>\n<!-- \/ Yoast SEO plugin. -->","_links":{"self":[{"href":"https:\/\/torebunia.pl\/sklep\/wp-json\/wp\/v2\/product\/2771","targetHints":{"allow":["GET"]}}],"collection":[{"href":"https:\/\/torebunia.pl\/sklep\/wp-json\/wp\/v2\/product"}],"about":[{"href":"https:\/\/torebunia.pl\/sklep\/wp-json\/wp\/v2\/types\/product"}],"replies":[{"embeddable":true,"href":"https:\/\/torebunia.pl\/sklep\/wp-json\/wp\/v2\/comments?post=2771"}],"wp:featuredmedia":[{"embeddable":true,"href":"https:\/\/torebunia.pl\/sklep\/wp-json\/wp\/v2\/media\/2772"}],"wp:attachment":[{"href":"https:\/\/torebunia.pl\/sklep\/wp-json\/wp\/v2\/media?parent=2771"}],"curies":[{"name":"wp","href":"https:\/\/api.w.org\/{rel}","templated":true}]}}