{"id":2767,"date":"2020-09-07T10:27:53","date_gmt":"2020-09-07T10:27:53","guid":{"rendered":"https:\/\/torebunia.pl\/sklep\/produkt\/jacqueline-de-yong-sukienka-3\/"},"modified":"2021-01-25T14:38:58","modified_gmt":"2021-01-25T14:38:58","slug":"jacqueline-de-yong-sukienka-3","status":"publish","type":"product","link":"https:\/\/torebunia.pl\/sklep\/produkt\/jacqueline-de-yong-sukienka-3\/","title":{"rendered":"Jacqueline de Yong &#8211; Sukienka"},"content":{"rendered":"<p>Parametry produktu:<\/p>\n<ul>\n<li>cena: <strong>119.9 PLN<\/strong><\/li>\n<li>marka: <strong>Jacqueline de Yong<\/strong><\/li>\n<li>p\u0142e\u0107: <strong>Female<\/strong><\/li>\n<li>kategoria: <strong>ONA \/ Odzie\u017c \/ Sukienki<\/strong><\/li>\n<li>kolor: <strong>czarny<\/strong><\/li>\n<\/ul>\n<p>Opis:<br \/>\nSukienka z kolekcji Jacqueline de Yong. Rozkloszowany model wykonany z g\u0142adkiej tkaniny. &#8211; Rozkloszowany fason. &#8211; Spiczasty dekolt. &#8211; Regulowane rami\u0105czka. &#8211; G\u0142adka tkanina. &#8211; Szeroko\u015b\u0107 pod pachami: 44 cm. &#8211; D\u0142ugo\u015b\u0107: 115 cm. &#8211; Wymiary podane dla rozmiaru: 36. Wz\u00f3r: g\u0142adkie Materia\u0142: tkanina R\u0119kaw: na rami\u0105czkach Dekolt: szpic D\u0142ugo\u015b\u0107: mini Okazje: casual Fason: rozkloszowany Sk\u0142ad: 100 % Poliester ID produktu: 4901-SUD0FW Kod producenta: 15194462<\/p>\n","protected":false},"excerpt":{"rendered":"<p>Parametry produktu: cena: 119.9 PLN marka: Jacqueline de Yong p\u0142e\u0107: Female kategoria: ONA \/ Odzie\u017c \/ Sukienki kolor: czarny Opis: Sukienka z kolekcji Jacqueline de Yong. Rozkloszowany model wykonany z<\/p>\n","protected":false},"featured_media":2768,"comment_status":"closed","ping_status":"open","template":"","meta":[],"class_list":{"0":"post-2767","1":"product","2":"type-product","3":"status-publish","5":"hentry","6":"product_cat-odziez","7":"product_cat-ona","8":"product_cat-sukienki","9":"product_tag-jacqueline-de-yong","10":"product_tag-jacqueline-de-yong-sukienka"},"yoast_head":"<!-- This site is optimized with the Yoast SEO plugin v15.6.2 - https:\/\/yoast.com\/wordpress\/plugins\/seo\/ -->\n<title>Jacqueline de Yong - Sukienka<\/title>\n<meta name=\"robots\" content=\"index, follow, max-snippet:-1, max-image-preview:large, max-video-preview:-1\" \/>\n<link rel=\"canonical\" href=\"https:\/\/torebunia.pl\/sklep\/produkt\/jacqueline-de-yong-sukienka-3\/\" \/>\n<meta property=\"og:locale\" content=\"pl_PL\" \/>\n<meta property=\"og:type\" content=\"article\" \/>\n<meta property=\"og:title\" content=\"Jacqueline de Yong - Sukienka\" \/>\n<meta property=\"og:description\" content=\"Parametry produktu: cena: 119.9 PLN marka: Jacqueline de Yong p\u0142e\u0107: Female kategoria: ONA \/ Odzie\u017c \/ Sukienki kolor: czarny Opis: Sukienka z kolekcji Jacqueline de Yong. Rozkloszowany model wykonany z\" \/>\n<meta property=\"og:url\" content=\"https:\/\/torebunia.pl\/sklep\/produkt\/jacqueline-de-yong-sukienka-3\/\" \/>\n<meta property=\"og:site_name\" content=\"Moje Blog\" \/>\n<meta property=\"article:modified_time\" content=\"2021-01-25T14:38:58+00:00\" \/>\n<meta property=\"og:image\" content=\"https:\/\/torebunia.pl\/sklep\/wp-content\/uploads\/2021\/01\/e9ec3f68af0a5667340d6f30050508aeba21ac02.jpg\" \/>\n\t<meta property=\"og:image:width\" content=\"855\" \/>\n\t<meta property=\"og:image:height\" content=\"1290\" \/>\n<meta name=\"twitter:card\" content=\"summary_large_image\" \/>\n<script type=\"application\/ld+json\" class=\"yoast-schema-graph\">{\"@context\":\"https:\/\/schema.org\",\"@graph\":[{\"@type\":\"WebSite\",\"@id\":\"https:\/\/torebunia.pl\/sklep\/#website\",\"url\":\"https:\/\/torebunia.pl\/sklep\/\",\"name\":\"Moje Blog\",\"description\":\"Kolejna witryna WordPress\",\"potentialAction\":[{\"@type\":\"SearchAction\",\"target\":\"https:\/\/torebunia.pl\/sklep\/?s={search_term_string}\",\"query-input\":\"required name=search_term_string\"}],\"inLanguage\":\"pl-PL\"},{\"@type\":\"ImageObject\",\"@id\":\"https:\/\/torebunia.pl\/sklep\/produkt\/jacqueline-de-yong-sukienka-3\/#primaryimage\",\"inLanguage\":\"pl-PL\",\"url\":\"https:\/\/torebunia.pl\/sklep\/wp-content\/uploads\/2021\/01\/e9ec3f68af0a5667340d6f30050508aeba21ac02.jpg\",\"width\":855,\"height\":1290,\"caption\":\"Jacqueline de Yong - Sukienka\"},{\"@type\":\"WebPage\",\"@id\":\"https:\/\/torebunia.pl\/sklep\/produkt\/jacqueline-de-yong-sukienka-3\/#webpage\",\"url\":\"https:\/\/torebunia.pl\/sklep\/produkt\/jacqueline-de-yong-sukienka-3\/\",\"name\":\"Jacqueline de Yong - Sukienka\",\"isPartOf\":{\"@id\":\"https:\/\/torebunia.pl\/sklep\/#website\"},\"primaryImageOfPage\":{\"@id\":\"https:\/\/torebunia.pl\/sklep\/produkt\/jacqueline-de-yong-sukienka-3\/#primaryimage\"},\"datePublished\":\"2020-09-07T10:27:53+00:00\",\"dateModified\":\"2021-01-25T14:38:58+00:00\",\"inLanguage\":\"pl-PL\",\"potentialAction\":[{\"@type\":\"ReadAction\",\"target\":[\"https:\/\/torebunia.pl\/sklep\/produkt\/jacqueline-de-yong-sukienka-3\/\"]}]}]}<\/script>\n<!-- \/ Yoast SEO plugin. -->","_links":{"self":[{"href":"https:\/\/torebunia.pl\/sklep\/wp-json\/wp\/v2\/product\/2767","targetHints":{"allow":["GET"]}}],"collection":[{"href":"https:\/\/torebunia.pl\/sklep\/wp-json\/wp\/v2\/product"}],"about":[{"href":"https:\/\/torebunia.pl\/sklep\/wp-json\/wp\/v2\/types\/product"}],"replies":[{"embeddable":true,"href":"https:\/\/torebunia.pl\/sklep\/wp-json\/wp\/v2\/comments?post=2767"}],"wp:featuredmedia":[{"embeddable":true,"href":"https:\/\/torebunia.pl\/sklep\/wp-json\/wp\/v2\/media\/2768"}],"wp:attachment":[{"href":"https:\/\/torebunia.pl\/sklep\/wp-json\/wp\/v2\/media?parent=2767"}],"curies":[{"name":"wp","href":"https:\/\/api.w.org\/{rel}","templated":true}]}}