{"id":2735,"date":"2020-03-03T10:57:51","date_gmt":"2020-03-03T10:57:51","guid":{"rendered":"https:\/\/torebunia.pl\/sklep\/produkt\/fila-buty-grunge-ii-mid\/"},"modified":"2021-01-25T14:38:08","modified_gmt":"2021-01-25T14:38:08","slug":"fila-buty-grunge-ii-mid","status":"publish","type":"product","link":"https:\/\/torebunia.pl\/sklep\/produkt\/fila-buty-grunge-ii-mid\/","title":{"rendered":"Fila &#8211; Buty Grunge II Mid"},"content":{"rendered":"<p>Parametry produktu:<\/p>\n<ul>\n<li>cena: <strong>469.9 PLN<\/strong><\/li>\n<li>marka: <strong>Fila<\/strong><\/li>\n<li>p\u0142e\u0107: <strong>Female<\/strong><\/li>\n<li>kategoria: <strong>ONA \/ Obuwie \/ Sneakersy i sportowe \/ Sneakersy<\/strong><\/li>\n<li>kolor: <strong>ostry r\u00f3\u017cowy<\/strong><\/li>\n<\/ul>\n<p>Opis:<br \/>\nButy z kolekcji Fila. Model wykonany z po\u0142\u0105czenia sk\u00f3ry naturalnej i materia\u0142u tekstylnego. &#8211; Mocno usztywniony nosek. &#8211; Podwy\u017cszona cholewka. &#8211; \u017b\u0142obiona podeszwa. &#8211; Tekstylne wn\u0119trze. &#8211; Sznurowany model. &#8211; D\u0142ugo\u015b\u0107 wk\u0142adki wynosi: 23,5 cm. &#8211; Wymiary podane dla rozmiaru: 37. Materia\u0142: sk\u00f3ra zamszowa Materia\u0142: tekstylny Obcas: p\u0142aski Sk\u0142ad: Cholewka: Materia\u0142 tekstylny, Sk\u00f3ra naturalna, Wn\u0119trze: Materia\u0142 tekstylny, Podeszwa: Materia\u0142 syntetyczny ID produktu: 4910-OBD2M0 Kod producenta: 1010740<\/p>\n","protected":false},"excerpt":{"rendered":"<p>Parametry produktu: cena: 469.9 PLN marka: Fila p\u0142e\u0107: Female kategoria: ONA \/ Obuwie \/ Sneakersy i sportowe \/ Sneakersy kolor: ostry r\u00f3\u017cowy Opis: Buty z kolekcji Fila. Model wykonany z<\/p>\n","protected":false},"featured_media":2736,"comment_status":"closed","ping_status":"open","template":"","meta":[],"class_list":{"0":"post-2735","1":"product","2":"type-product","3":"status-publish","5":"hentry","6":"product_cat-obuwie","7":"product_cat-ona","8":"product_cat-sneakersy","9":"product_cat-sneakersy-i-sportowe","10":"product_tag-fila","11":"product_tag-fila-buty-grunge-ii-mid"},"yoast_head":"<!-- This site is optimized with the Yoast SEO plugin v15.6.2 - https:\/\/yoast.com\/wordpress\/plugins\/seo\/ -->\n<title>Fila - Buty Grunge II Mid<\/title>\n<meta name=\"robots\" content=\"index, follow, max-snippet:-1, max-image-preview:large, max-video-preview:-1\" \/>\n<link rel=\"canonical\" href=\"https:\/\/torebunia.pl\/sklep\/produkt\/fila-buty-grunge-ii-mid\/\" \/>\n<meta property=\"og:locale\" content=\"pl_PL\" \/>\n<meta property=\"og:type\" content=\"article\" \/>\n<meta property=\"og:title\" content=\"Fila - Buty Grunge II Mid\" \/>\n<meta property=\"og:description\" content=\"Parametry produktu: cena: 469.9 PLN marka: Fila p\u0142e\u0107: Female kategoria: ONA \/ Obuwie \/ Sneakersy i sportowe \/ Sneakersy kolor: ostry r\u00f3\u017cowy Opis: Buty z kolekcji Fila. Model wykonany z\" \/>\n<meta property=\"og:url\" content=\"https:\/\/torebunia.pl\/sklep\/produkt\/fila-buty-grunge-ii-mid\/\" \/>\n<meta property=\"og:site_name\" content=\"Moje Blog\" \/>\n<meta property=\"article:modified_time\" content=\"2021-01-25T14:38:08+00:00\" \/>\n<meta property=\"og:image\" content=\"https:\/\/torebunia.pl\/sklep\/wp-content\/uploads\/2021\/01\/34d01210d32618a6be9143240794906b84cd0d5d.jpg\" \/>\n\t<meta property=\"og:image:width\" content=\"855\" \/>\n\t<meta property=\"og:image:height\" content=\"1290\" \/>\n<meta name=\"twitter:card\" content=\"summary_large_image\" \/>\n<script type=\"application\/ld+json\" class=\"yoast-schema-graph\">{\"@context\":\"https:\/\/schema.org\",\"@graph\":[{\"@type\":\"WebSite\",\"@id\":\"https:\/\/torebunia.pl\/sklep\/#website\",\"url\":\"https:\/\/torebunia.pl\/sklep\/\",\"name\":\"Moje Blog\",\"description\":\"Kolejna witryna WordPress\",\"potentialAction\":[{\"@type\":\"SearchAction\",\"target\":\"https:\/\/torebunia.pl\/sklep\/?s={search_term_string}\",\"query-input\":\"required name=search_term_string\"}],\"inLanguage\":\"pl-PL\"},{\"@type\":\"ImageObject\",\"@id\":\"https:\/\/torebunia.pl\/sklep\/produkt\/fila-buty-grunge-ii-mid\/#primaryimage\",\"inLanguage\":\"pl-PL\",\"url\":\"https:\/\/torebunia.pl\/sklep\/wp-content\/uploads\/2021\/01\/34d01210d32618a6be9143240794906b84cd0d5d.jpg\",\"width\":855,\"height\":1290,\"caption\":\"Fila - Buty Grunge II Mid\"},{\"@type\":\"WebPage\",\"@id\":\"https:\/\/torebunia.pl\/sklep\/produkt\/fila-buty-grunge-ii-mid\/#webpage\",\"url\":\"https:\/\/torebunia.pl\/sklep\/produkt\/fila-buty-grunge-ii-mid\/\",\"name\":\"Fila - Buty Grunge II Mid\",\"isPartOf\":{\"@id\":\"https:\/\/torebunia.pl\/sklep\/#website\"},\"primaryImageOfPage\":{\"@id\":\"https:\/\/torebunia.pl\/sklep\/produkt\/fila-buty-grunge-ii-mid\/#primaryimage\"},\"datePublished\":\"2020-03-03T10:57:51+00:00\",\"dateModified\":\"2021-01-25T14:38:08+00:00\",\"inLanguage\":\"pl-PL\",\"potentialAction\":[{\"@type\":\"ReadAction\",\"target\":[\"https:\/\/torebunia.pl\/sklep\/produkt\/fila-buty-grunge-ii-mid\/\"]}]}]}<\/script>\n<!-- \/ Yoast SEO plugin. -->","_links":{"self":[{"href":"https:\/\/torebunia.pl\/sklep\/wp-json\/wp\/v2\/product\/2735","targetHints":{"allow":["GET"]}}],"collection":[{"href":"https:\/\/torebunia.pl\/sklep\/wp-json\/wp\/v2\/product"}],"about":[{"href":"https:\/\/torebunia.pl\/sklep\/wp-json\/wp\/v2\/types\/product"}],"replies":[{"embeddable":true,"href":"https:\/\/torebunia.pl\/sklep\/wp-json\/wp\/v2\/comments?post=2735"}],"wp:featuredmedia":[{"embeddable":true,"href":"https:\/\/torebunia.pl\/sklep\/wp-json\/wp\/v2\/media\/2736"}],"wp:attachment":[{"href":"https:\/\/torebunia.pl\/sklep\/wp-json\/wp\/v2\/media?parent=2735"}],"curies":[{"name":"wp","href":"https:\/\/api.w.org\/{rel}","templated":true}]}}