{"id":2691,"date":"2020-07-04T12:27:38","date_gmt":"2020-07-04T12:27:38","guid":{"rendered":"https:\/\/torebunia.pl\/sklep\/produkt\/karl-lagerfeld-naszyjnik-i-kolczyki\/"},"modified":"2021-01-25T14:36:58","modified_gmt":"2021-01-25T14:36:58","slug":"karl-lagerfeld-naszyjnik-i-kolczyki","status":"publish","type":"product","link":"https:\/\/torebunia.pl\/sklep\/produkt\/karl-lagerfeld-naszyjnik-i-kolczyki\/","title":{"rendered":"Karl Lagerfeld &#8211; Naszyjnik i kolczyki"},"content":{"rendered":"<p>Parametry produktu:<\/p>\n<ul>\n<li>cena: <strong>429.9 PLN<\/strong><\/li>\n<li>marka: <strong>Karl Lagerfeld<\/strong><\/li>\n<li>p\u0142e\u0107: <strong>Female<\/strong><\/li>\n<li>kategoria: <strong>ONA \/ Akcesoria \/ Bi\u017cuteria \/ Komplety<\/strong><\/li>\n<li>kolor: <strong>srebrny<\/strong><\/li>\n<\/ul>\n<p>Opis:<br \/>\nNaszyjnik i kolczyki z kolekcji Karl Lagerfeld. Model z ozdob\u0105 z kryszta\u0142k\u00f3w wykonany z metalu. Sk\u0142ad: Kryszta\u0142 Swarovskiego ID produktu: 4901-AKD0EM Kod producenta: 5512307<\/p>\n","protected":false},"excerpt":{"rendered":"<p>Parametry produktu: cena: 429.9 PLN marka: Karl Lagerfeld p\u0142e\u0107: Female kategoria: ONA \/ Akcesoria \/ Bi\u017cuteria \/ Komplety kolor: srebrny Opis: Naszyjnik i kolczyki z kolekcji Karl Lagerfeld. Model z<\/p>\n","protected":false},"featured_media":2692,"comment_status":"closed","ping_status":"open","template":"","meta":[],"class_list":{"0":"post-2691","1":"product","2":"type-product","3":"status-publish","5":"hentry","6":"product_cat-akcesoria","7":"product_cat-bizuteria","8":"product_cat-komplety","9":"product_cat-ona","10":"product_tag-karl-lagerfeld","11":"product_tag-karl-lagerfeld-naszyjnik-i-kolczyki"},"yoast_head":"<!-- This site is optimized with the Yoast SEO plugin v15.6.2 - https:\/\/yoast.com\/wordpress\/plugins\/seo\/ -->\n<title>Karl Lagerfeld - Naszyjnik i kolczyki<\/title>\n<meta name=\"robots\" content=\"index, follow, max-snippet:-1, max-image-preview:large, max-video-preview:-1\" \/>\n<link rel=\"canonical\" href=\"https:\/\/torebunia.pl\/sklep\/produkt\/karl-lagerfeld-naszyjnik-i-kolczyki\/\" \/>\n<meta property=\"og:locale\" content=\"pl_PL\" \/>\n<meta property=\"og:type\" content=\"article\" \/>\n<meta property=\"og:title\" content=\"Karl Lagerfeld - Naszyjnik i kolczyki\" \/>\n<meta property=\"og:description\" content=\"Parametry produktu: cena: 429.9 PLN marka: Karl Lagerfeld p\u0142e\u0107: Female kategoria: ONA \/ Akcesoria \/ Bi\u017cuteria \/ Komplety kolor: srebrny Opis: Naszyjnik i kolczyki z kolekcji Karl Lagerfeld. Model z\" \/>\n<meta property=\"og:url\" content=\"https:\/\/torebunia.pl\/sklep\/produkt\/karl-lagerfeld-naszyjnik-i-kolczyki\/\" \/>\n<meta property=\"og:site_name\" content=\"Moje Blog\" \/>\n<meta property=\"article:modified_time\" content=\"2021-01-25T14:36:58+00:00\" \/>\n<meta property=\"og:image\" content=\"https:\/\/torebunia.pl\/sklep\/wp-content\/uploads\/2021\/01\/642a051d0d65af42f6b35e9559325b5af8541bc3.jpg\" \/>\n\t<meta property=\"og:image:width\" content=\"855\" \/>\n\t<meta property=\"og:image:height\" content=\"1290\" \/>\n<meta name=\"twitter:card\" content=\"summary_large_image\" \/>\n<script type=\"application\/ld+json\" class=\"yoast-schema-graph\">{\"@context\":\"https:\/\/schema.org\",\"@graph\":[{\"@type\":\"WebSite\",\"@id\":\"https:\/\/torebunia.pl\/sklep\/#website\",\"url\":\"https:\/\/torebunia.pl\/sklep\/\",\"name\":\"Moje Blog\",\"description\":\"Kolejna witryna WordPress\",\"potentialAction\":[{\"@type\":\"SearchAction\",\"target\":\"https:\/\/torebunia.pl\/sklep\/?s={search_term_string}\",\"query-input\":\"required name=search_term_string\"}],\"inLanguage\":\"pl-PL\"},{\"@type\":\"ImageObject\",\"@id\":\"https:\/\/torebunia.pl\/sklep\/produkt\/karl-lagerfeld-naszyjnik-i-kolczyki\/#primaryimage\",\"inLanguage\":\"pl-PL\",\"url\":\"https:\/\/torebunia.pl\/sklep\/wp-content\/uploads\/2021\/01\/642a051d0d65af42f6b35e9559325b5af8541bc3.jpg\",\"width\":855,\"height\":1290,\"caption\":\"Karl Lagerfeld - Naszyjnik i kolczyki\"},{\"@type\":\"WebPage\",\"@id\":\"https:\/\/torebunia.pl\/sklep\/produkt\/karl-lagerfeld-naszyjnik-i-kolczyki\/#webpage\",\"url\":\"https:\/\/torebunia.pl\/sklep\/produkt\/karl-lagerfeld-naszyjnik-i-kolczyki\/\",\"name\":\"Karl Lagerfeld - Naszyjnik i kolczyki\",\"isPartOf\":{\"@id\":\"https:\/\/torebunia.pl\/sklep\/#website\"},\"primaryImageOfPage\":{\"@id\":\"https:\/\/torebunia.pl\/sklep\/produkt\/karl-lagerfeld-naszyjnik-i-kolczyki\/#primaryimage\"},\"datePublished\":\"2020-07-04T12:27:38+00:00\",\"dateModified\":\"2021-01-25T14:36:58+00:00\",\"inLanguage\":\"pl-PL\",\"potentialAction\":[{\"@type\":\"ReadAction\",\"target\":[\"https:\/\/torebunia.pl\/sklep\/produkt\/karl-lagerfeld-naszyjnik-i-kolczyki\/\"]}]}]}<\/script>\n<!-- \/ Yoast SEO plugin. -->","_links":{"self":[{"href":"https:\/\/torebunia.pl\/sklep\/wp-json\/wp\/v2\/product\/2691","targetHints":{"allow":["GET"]}}],"collection":[{"href":"https:\/\/torebunia.pl\/sklep\/wp-json\/wp\/v2\/product"}],"about":[{"href":"https:\/\/torebunia.pl\/sklep\/wp-json\/wp\/v2\/types\/product"}],"replies":[{"embeddable":true,"href":"https:\/\/torebunia.pl\/sklep\/wp-json\/wp\/v2\/comments?post=2691"}],"wp:featuredmedia":[{"embeddable":true,"href":"https:\/\/torebunia.pl\/sklep\/wp-json\/wp\/v2\/media\/2692"}],"wp:attachment":[{"href":"https:\/\/torebunia.pl\/sklep\/wp-json\/wp\/v2\/media?parent=2691"}],"curies":[{"name":"wp","href":"https:\/\/api.w.org\/{rel}","templated":true}]}}