{"id":2659,"date":"2020-11-14T06:58:01","date_gmt":"2020-11-14T06:58:01","guid":{"rendered":"https:\/\/torebunia.pl\/sklep\/produkt\/tommy-jeans-kardigan\/"},"modified":"2021-01-27T11:36:43","modified_gmt":"2021-01-27T11:36:43","slug":"tommy-jeans-kardigan","status":"publish","type":"product","link":"https:\/\/torebunia.pl\/sklep\/produkt\/tommy-jeans-kardigan\/","title":{"rendered":"Tommy Jeans &#8211; Kardigan"},"content":{"rendered":"<p>Parametry produktu:<\/p>\n<ul>\n<li>cena: <strong>649.9 PLN<\/strong><\/li>\n<li>marka: <strong>Tommy Jeans<\/strong><\/li>\n<li>p\u0142e\u0107: <strong>Female<\/strong><\/li>\n<li>kategoria: <strong>ONA \/ Odzie\u017c \/ Swetry \/ Rozpinane<\/strong><\/li>\n<li>kolor: <strong>multikolor<\/strong><\/li>\n<\/ul>\n<p>Opis:<br \/>\nKardigan z kolekcji Tommy Jeans. Model wykonany z grubej dzianiny z we\u0142n\u0105. &#8211; Prosty fason. &#8211; Obni\u017cona linia ramion. &#8211; Zapi\u0119cie na guziki. &#8211; Wzorzysta dzianina. &#8211; D\u0142ugo\u015b\u0107 r\u0119kawa(mierzona od ko\u0142nierza): 72 cm. &#8211; D\u0142ugo\u015b\u0107: 69,5 cm. &#8211; Szeroko\u015b\u0107 pod pachami: 56 cm. &#8211; Wymiary podane dla rozmiaru: S. Wz\u00f3r: wzorzyste Materia\u0142: z domieszk\u0105 we\u0142ny Dzianina: gruba Sk\u0142ad: 71 % Akryl, 29 % We\u0142na ID produktu: 4900-SWD05N Kod producenta: DW0DW08865<\/p>\n","protected":false},"excerpt":{"rendered":"<p>Parametry produktu: cena: 649.9 PLN marka: Tommy Jeans p\u0142e\u0107: Female kategoria: ONA \/ Odzie\u017c \/ Swetry \/ Rozpinane kolor: multikolor Opis: Kardigan z kolekcji Tommy Jeans. Model wykonany z grubej<\/p>\n","protected":false},"featured_media":2660,"comment_status":"closed","ping_status":"open","template":"","meta":[],"class_list":{"0":"post-2659","1":"product","2":"type-product","3":"status-publish","5":"hentry","6":"product_cat-odziez","7":"product_cat-ona","8":"product_cat-rozpinane","9":"product_cat-swetry","10":"product_tag-tommy-jeans","11":"product_tag-tommy-jeans-kardigan"},"yoast_head":"<!-- This site is optimized with the Yoast SEO plugin v15.6.2 - https:\/\/yoast.com\/wordpress\/plugins\/seo\/ -->\n<title>Tommy Jeans - Kardigan<\/title>\n<meta name=\"robots\" content=\"index, follow, max-snippet:-1, max-image-preview:large, max-video-preview:-1\" \/>\n<link rel=\"canonical\" href=\"https:\/\/torebunia.pl\/sklep\/produkt\/tommy-jeans-kardigan\/\" \/>\n<meta property=\"og:locale\" content=\"pl_PL\" \/>\n<meta property=\"og:type\" content=\"article\" \/>\n<meta property=\"og:title\" content=\"Tommy Jeans - Kardigan\" \/>\n<meta property=\"og:description\" content=\"Parametry produktu: cena: 649.9 PLN marka: Tommy Jeans p\u0142e\u0107: Female kategoria: ONA \/ Odzie\u017c \/ Swetry \/ Rozpinane kolor: multikolor Opis: Kardigan z kolekcji Tommy Jeans. Model wykonany z grubej\" \/>\n<meta property=\"og:url\" content=\"https:\/\/torebunia.pl\/sklep\/produkt\/tommy-jeans-kardigan\/\" \/>\n<meta property=\"og:site_name\" content=\"Moje Blog\" \/>\n<meta property=\"article:modified_time\" content=\"2021-01-27T11:36:43+00:00\" \/>\n<meta property=\"og:image\" content=\"https:\/\/torebunia.pl\/sklep\/wp-content\/uploads\/2021\/01\/35150b275c872cec7e7a6ecc771589ca5b567434.jpg\" \/>\n\t<meta property=\"og:image:width\" content=\"855\" \/>\n\t<meta property=\"og:image:height\" content=\"1290\" \/>\n<meta name=\"twitter:card\" content=\"summary_large_image\" \/>\n<script type=\"application\/ld+json\" class=\"yoast-schema-graph\">{\"@context\":\"https:\/\/schema.org\",\"@graph\":[{\"@type\":\"WebSite\",\"@id\":\"https:\/\/torebunia.pl\/sklep\/#website\",\"url\":\"https:\/\/torebunia.pl\/sklep\/\",\"name\":\"Moje Blog\",\"description\":\"Kolejna witryna WordPress\",\"potentialAction\":[{\"@type\":\"SearchAction\",\"target\":\"https:\/\/torebunia.pl\/sklep\/?s={search_term_string}\",\"query-input\":\"required name=search_term_string\"}],\"inLanguage\":\"pl-PL\"},{\"@type\":\"ImageObject\",\"@id\":\"https:\/\/torebunia.pl\/sklep\/produkt\/tommy-jeans-kardigan\/#primaryimage\",\"inLanguage\":\"pl-PL\",\"url\":\"https:\/\/torebunia.pl\/sklep\/wp-content\/uploads\/2021\/01\/35150b275c872cec7e7a6ecc771589ca5b567434.jpg\",\"width\":855,\"height\":1290,\"caption\":\"Tommy Jeans - Kardigan\"},{\"@type\":\"WebPage\",\"@id\":\"https:\/\/torebunia.pl\/sklep\/produkt\/tommy-jeans-kardigan\/#webpage\",\"url\":\"https:\/\/torebunia.pl\/sklep\/produkt\/tommy-jeans-kardigan\/\",\"name\":\"Tommy Jeans - Kardigan\",\"isPartOf\":{\"@id\":\"https:\/\/torebunia.pl\/sklep\/#website\"},\"primaryImageOfPage\":{\"@id\":\"https:\/\/torebunia.pl\/sklep\/produkt\/tommy-jeans-kardigan\/#primaryimage\"},\"datePublished\":\"2020-11-14T06:58:01+00:00\",\"dateModified\":\"2021-01-27T11:36:43+00:00\",\"inLanguage\":\"pl-PL\",\"potentialAction\":[{\"@type\":\"ReadAction\",\"target\":[\"https:\/\/torebunia.pl\/sklep\/produkt\/tommy-jeans-kardigan\/\"]}]}]}<\/script>\n<!-- \/ Yoast SEO plugin. -->","_links":{"self":[{"href":"https:\/\/torebunia.pl\/sklep\/wp-json\/wp\/v2\/product\/2659","targetHints":{"allow":["GET"]}}],"collection":[{"href":"https:\/\/torebunia.pl\/sklep\/wp-json\/wp\/v2\/product"}],"about":[{"href":"https:\/\/torebunia.pl\/sklep\/wp-json\/wp\/v2\/types\/product"}],"replies":[{"embeddable":true,"href":"https:\/\/torebunia.pl\/sklep\/wp-json\/wp\/v2\/comments?post=2659"}],"wp:featuredmedia":[{"embeddable":true,"href":"https:\/\/torebunia.pl\/sklep\/wp-json\/wp\/v2\/media\/2660"}],"wp:attachment":[{"href":"https:\/\/torebunia.pl\/sklep\/wp-json\/wp\/v2\/media?parent=2659"}],"curies":[{"name":"wp","href":"https:\/\/api.w.org\/{rel}","templated":true}]}}