{"id":2603,"date":"2020-03-22T18:41:22","date_gmt":"2020-03-22T18:41:22","guid":{"rendered":"https:\/\/torebunia.pl\/sklep\/produkt\/answear-lab-spodnica\/"},"modified":"2021-01-25T14:34:29","modified_gmt":"2021-01-25T14:34:29","slug":"answear-lab-spodnica","status":"publish","type":"product","link":"https:\/\/torebunia.pl\/sklep\/produkt\/answear-lab-spodnica\/","title":{"rendered":"Answear Lab &#8211; Sp\u00f3dnica"},"content":{"rendered":"<p>Parametry produktu:<\/p>\n<ul>\n<li>cena: <strong>119.9 PLN<\/strong><\/li>\n<li>marka: <strong>Answear Lab<\/strong><\/li>\n<li>p\u0142e\u0107: <strong>Female<\/strong><\/li>\n<li>kategoria: <strong>ONA \/ Odzie\u017c \/ Sp\u00f3dnice<\/strong><\/li>\n<li>kolor: <strong>czarny<\/strong><\/li>\n<\/ul>\n<p>Opis:<br \/>\nSp\u00f3dnica z kolekcji Answear. Model o rozkloszowanym kroju, wykonany z tiulowego materia\u0142u. &#8211; Rozkloszowany fason. &#8211; Podwy\u017cszony stan. &#8211; Elastyczna listwa w pasie. &#8211; Cienki materia\u0142. &#8211; Model na podszewce. &#8211; Model z ozdobnymi falbanami. &#8211; Szeroko\u015b\u0107 w pasie: 28,5 cm. &#8211; D\u0142ugo\u015b\u0107: 91 cm. &#8211; Wymiary podane dla rozmiaru: S. Wz\u00f3r: g\u0142adkie Materia\u0142: dzianina D\u0142ugo\u015b\u0107: maxi Okazje: casual Fason: rozkloszowany Okazje: koktajl Sk\u0142ad: 100 % Poliester ID produktu: -100-SDD00I Kod producenta: 1503.J<\/p>\n","protected":false},"excerpt":{"rendered":"<p>Parametry produktu: cena: 119.9 PLN marka: Answear Lab p\u0142e\u0107: Female kategoria: ONA \/ Odzie\u017c \/ Sp\u00f3dnice kolor: czarny Opis: Sp\u00f3dnica z kolekcji Answear. Model o rozkloszowanym kroju, wykonany z tiulowego<\/p>\n","protected":false},"featured_media":2604,"comment_status":"closed","ping_status":"open","template":"","meta":[],"class_list":{"0":"post-2603","1":"product","2":"type-product","3":"status-publish","5":"hentry","6":"product_cat-odziez","7":"product_cat-ona","8":"product_cat-spodnice","9":"product_tag-answear-lab","10":"product_tag-answear-lab-spodnica"},"yoast_head":"<!-- This site is optimized with the Yoast SEO plugin v15.6.2 - https:\/\/yoast.com\/wordpress\/plugins\/seo\/ -->\n<title>Answear Lab - Sp\u00f3dnica<\/title>\n<meta name=\"robots\" content=\"index, follow, max-snippet:-1, max-image-preview:large, max-video-preview:-1\" \/>\n<link rel=\"canonical\" href=\"https:\/\/torebunia.pl\/sklep\/produkt\/answear-lab-spodnica\/\" \/>\n<meta property=\"og:locale\" content=\"pl_PL\" \/>\n<meta property=\"og:type\" content=\"article\" \/>\n<meta property=\"og:title\" content=\"Answear Lab - Sp\u00f3dnica\" \/>\n<meta property=\"og:description\" content=\"Parametry produktu: cena: 119.9 PLN marka: Answear Lab p\u0142e\u0107: Female kategoria: ONA \/ Odzie\u017c \/ Sp\u00f3dnice kolor: czarny Opis: Sp\u00f3dnica z kolekcji Answear. Model o rozkloszowanym kroju, wykonany z tiulowego\" \/>\n<meta property=\"og:url\" content=\"https:\/\/torebunia.pl\/sklep\/produkt\/answear-lab-spodnica\/\" \/>\n<meta property=\"og:site_name\" content=\"Moje Blog\" \/>\n<meta property=\"article:modified_time\" content=\"2021-01-25T14:34:29+00:00\" \/>\n<meta property=\"og:image\" content=\"https:\/\/torebunia.pl\/sklep\/wp-content\/uploads\/2021\/01\/a5793b5bff58f32f408f6e6b1f1b6ee32bcfce4b.jpg\" \/>\n\t<meta property=\"og:image:width\" content=\"855\" \/>\n\t<meta property=\"og:image:height\" content=\"1290\" \/>\n<meta name=\"twitter:card\" content=\"summary_large_image\" \/>\n<script type=\"application\/ld+json\" class=\"yoast-schema-graph\">{\"@context\":\"https:\/\/schema.org\",\"@graph\":[{\"@type\":\"WebSite\",\"@id\":\"https:\/\/torebunia.pl\/sklep\/#website\",\"url\":\"https:\/\/torebunia.pl\/sklep\/\",\"name\":\"Moje Blog\",\"description\":\"Kolejna witryna WordPress\",\"potentialAction\":[{\"@type\":\"SearchAction\",\"target\":\"https:\/\/torebunia.pl\/sklep\/?s={search_term_string}\",\"query-input\":\"required name=search_term_string\"}],\"inLanguage\":\"pl-PL\"},{\"@type\":\"ImageObject\",\"@id\":\"https:\/\/torebunia.pl\/sklep\/produkt\/answear-lab-spodnica\/#primaryimage\",\"inLanguage\":\"pl-PL\",\"url\":\"https:\/\/torebunia.pl\/sklep\/wp-content\/uploads\/2021\/01\/a5793b5bff58f32f408f6e6b1f1b6ee32bcfce4b.jpg\",\"width\":855,\"height\":1290,\"caption\":\"Answear Lab - Sp\\u00f3dnica\"},{\"@type\":\"WebPage\",\"@id\":\"https:\/\/torebunia.pl\/sklep\/produkt\/answear-lab-spodnica\/#webpage\",\"url\":\"https:\/\/torebunia.pl\/sklep\/produkt\/answear-lab-spodnica\/\",\"name\":\"Answear Lab - Sp\\u00f3dnica\",\"isPartOf\":{\"@id\":\"https:\/\/torebunia.pl\/sklep\/#website\"},\"primaryImageOfPage\":{\"@id\":\"https:\/\/torebunia.pl\/sklep\/produkt\/answear-lab-spodnica\/#primaryimage\"},\"datePublished\":\"2020-03-22T18:41:22+00:00\",\"dateModified\":\"2021-01-25T14:34:29+00:00\",\"inLanguage\":\"pl-PL\",\"potentialAction\":[{\"@type\":\"ReadAction\",\"target\":[\"https:\/\/torebunia.pl\/sklep\/produkt\/answear-lab-spodnica\/\"]}]}]}<\/script>\n<!-- \/ Yoast SEO plugin. -->","_links":{"self":[{"href":"https:\/\/torebunia.pl\/sklep\/wp-json\/wp\/v2\/product\/2603","targetHints":{"allow":["GET"]}}],"collection":[{"href":"https:\/\/torebunia.pl\/sklep\/wp-json\/wp\/v2\/product"}],"about":[{"href":"https:\/\/torebunia.pl\/sklep\/wp-json\/wp\/v2\/types\/product"}],"replies":[{"embeddable":true,"href":"https:\/\/torebunia.pl\/sklep\/wp-json\/wp\/v2\/comments?post=2603"}],"wp:featuredmedia":[{"embeddable":true,"href":"https:\/\/torebunia.pl\/sklep\/wp-json\/wp\/v2\/media\/2604"}],"wp:attachment":[{"href":"https:\/\/torebunia.pl\/sklep\/wp-json\/wp\/v2\/media?parent=2603"}],"curies":[{"name":"wp","href":"https:\/\/api.w.org\/{rel}","templated":true}]}}