{"id":2567,"date":"2020-06-16T16:18:46","date_gmt":"2020-06-16T16:18:46","guid":{"rendered":"https:\/\/torebunia.pl\/sklep\/produkt\/adidas-originals-buty-skorzane-sambarose-w\/"},"modified":"2021-01-25T14:33:24","modified_gmt":"2021-01-25T14:33:24","slug":"adidas-originals-buty-skorzane-sambarose-w","status":"publish","type":"product","link":"https:\/\/torebunia.pl\/sklep\/produkt\/adidas-originals-buty-skorzane-sambarose-w\/","title":{"rendered":"adidas Originals &#8211; Buty sk\u00f3rzane Sambarose W"},"content":{"rendered":"<p>Parametry produktu:<\/p>\n<ul>\n<li>cena: <strong>399.9 PLN<\/strong><\/li>\n<li>marka: <strong>adidas Originals<\/strong><\/li>\n<li>p\u0142e\u0107: <strong>Female<\/strong><\/li>\n<li>kategoria: <strong>ONA \/ Obuwie \/ Sneakersy i sportowe \/ Sneakersy<\/strong><\/li>\n<li>kolor: <strong>bia\u0142y<\/strong><\/li>\n<\/ul>\n<p>Opis:<br \/>\nButy z kolekcji adidas Originals. Model wykonany ze sk\u00f3ry naturalnej. &#8211; Okr\u0105g\u0142y nosek. &#8211; Gumowa podeszwa. &#8211; Usztywniony zapi\u0119tek. &#8211; Tekstylne wn\u0119trze. &#8211; Sznurowany model. &#8211; D\u0142ugo\u015b\u0107 wk\u0142adki wynosi: 23,5 cm. &#8211; Wymiary podane dla rozmiaru: 38. Obcas: p\u0142aski Materia\u0142: sk\u00f3ra licowa Sk\u0142ad: Cholewka: Sk\u00f3ra naturalna, Wn\u0119trze: Materia\u0142 syntetyczny, Materia\u0142 tekstylny, Podeszwa: Materia\u0142 syntetyczny ID produktu: 4900-OBD1C3 Kod producenta: FV0767<\/p>\n","protected":false},"excerpt":{"rendered":"<p>Parametry produktu: cena: 399.9 PLN marka: adidas Originals p\u0142e\u0107: Female kategoria: ONA \/ Obuwie \/ Sneakersy i sportowe \/ Sneakersy kolor: bia\u0142y Opis: Buty z kolekcji adidas Originals. Model wykonany<\/p>\n","protected":false},"featured_media":2568,"comment_status":"closed","ping_status":"open","template":"","meta":[],"class_list":{"0":"post-2567","1":"product","2":"type-product","3":"status-publish","5":"hentry","6":"product_cat-obuwie","7":"product_cat-ona","8":"product_cat-sneakersy","9":"product_cat-sneakersy-i-sportowe","10":"product_tag-adidas-originals","11":"product_tag-adidas-originals-buty-skorzane-sambarose-w"},"yoast_head":"<!-- This site is optimized with the Yoast SEO plugin v15.6.2 - https:\/\/yoast.com\/wordpress\/plugins\/seo\/ -->\n<title>adidas Originals - Buty sk\u00f3rzane Sambarose W<\/title>\n<meta name=\"robots\" content=\"index, follow, max-snippet:-1, max-image-preview:large, max-video-preview:-1\" \/>\n<link rel=\"canonical\" href=\"https:\/\/torebunia.pl\/sklep\/produkt\/adidas-originals-buty-skorzane-sambarose-w\/\" \/>\n<meta property=\"og:locale\" content=\"pl_PL\" \/>\n<meta property=\"og:type\" content=\"article\" \/>\n<meta property=\"og:title\" content=\"adidas Originals - Buty sk\u00f3rzane Sambarose W\" \/>\n<meta property=\"og:description\" content=\"Parametry produktu: cena: 399.9 PLN marka: adidas Originals p\u0142e\u0107: Female kategoria: ONA \/ Obuwie \/ Sneakersy i sportowe \/ Sneakersy kolor: bia\u0142y Opis: Buty z kolekcji adidas Originals. Model wykonany\" \/>\n<meta property=\"og:url\" content=\"https:\/\/torebunia.pl\/sklep\/produkt\/adidas-originals-buty-skorzane-sambarose-w\/\" \/>\n<meta property=\"og:site_name\" content=\"Moje Blog\" \/>\n<meta property=\"article:modified_time\" content=\"2021-01-25T14:33:24+00:00\" \/>\n<meta property=\"og:image\" content=\"https:\/\/torebunia.pl\/sklep\/wp-content\/uploads\/2021\/01\/3421004b04349822b893481cc429fbdfba31c808.jpg\" \/>\n\t<meta property=\"og:image:width\" content=\"855\" \/>\n\t<meta property=\"og:image:height\" content=\"1290\" \/>\n<meta name=\"twitter:card\" content=\"summary_large_image\" \/>\n<script type=\"application\/ld+json\" class=\"yoast-schema-graph\">{\"@context\":\"https:\/\/schema.org\",\"@graph\":[{\"@type\":\"WebSite\",\"@id\":\"https:\/\/torebunia.pl\/sklep\/#website\",\"url\":\"https:\/\/torebunia.pl\/sklep\/\",\"name\":\"Moje Blog\",\"description\":\"Kolejna witryna WordPress\",\"potentialAction\":[{\"@type\":\"SearchAction\",\"target\":\"https:\/\/torebunia.pl\/sklep\/?s={search_term_string}\",\"query-input\":\"required name=search_term_string\"}],\"inLanguage\":\"pl-PL\"},{\"@type\":\"ImageObject\",\"@id\":\"https:\/\/torebunia.pl\/sklep\/produkt\/adidas-originals-buty-skorzane-sambarose-w\/#primaryimage\",\"inLanguage\":\"pl-PL\",\"url\":\"https:\/\/torebunia.pl\/sklep\/wp-content\/uploads\/2021\/01\/3421004b04349822b893481cc429fbdfba31c808.jpg\",\"width\":855,\"height\":1290,\"caption\":\"adidas Originals - Buty sk\\u00f3rzane Sambarose W\"},{\"@type\":\"WebPage\",\"@id\":\"https:\/\/torebunia.pl\/sklep\/produkt\/adidas-originals-buty-skorzane-sambarose-w\/#webpage\",\"url\":\"https:\/\/torebunia.pl\/sklep\/produkt\/adidas-originals-buty-skorzane-sambarose-w\/\",\"name\":\"adidas Originals - Buty sk\\u00f3rzane Sambarose W\",\"isPartOf\":{\"@id\":\"https:\/\/torebunia.pl\/sklep\/#website\"},\"primaryImageOfPage\":{\"@id\":\"https:\/\/torebunia.pl\/sklep\/produkt\/adidas-originals-buty-skorzane-sambarose-w\/#primaryimage\"},\"datePublished\":\"2020-06-16T16:18:46+00:00\",\"dateModified\":\"2021-01-25T14:33:24+00:00\",\"inLanguage\":\"pl-PL\",\"potentialAction\":[{\"@type\":\"ReadAction\",\"target\":[\"https:\/\/torebunia.pl\/sklep\/produkt\/adidas-originals-buty-skorzane-sambarose-w\/\"]}]}]}<\/script>\n<!-- \/ Yoast SEO plugin. -->","_links":{"self":[{"href":"https:\/\/torebunia.pl\/sklep\/wp-json\/wp\/v2\/product\/2567","targetHints":{"allow":["GET"]}}],"collection":[{"href":"https:\/\/torebunia.pl\/sklep\/wp-json\/wp\/v2\/product"}],"about":[{"href":"https:\/\/torebunia.pl\/sklep\/wp-json\/wp\/v2\/types\/product"}],"replies":[{"embeddable":true,"href":"https:\/\/torebunia.pl\/sklep\/wp-json\/wp\/v2\/comments?post=2567"}],"wp:featuredmedia":[{"embeddable":true,"href":"https:\/\/torebunia.pl\/sklep\/wp-json\/wp\/v2\/media\/2568"}],"wp:attachment":[{"href":"https:\/\/torebunia.pl\/sklep\/wp-json\/wp\/v2\/media?parent=2567"}],"curies":[{"name":"wp","href":"https:\/\/api.w.org\/{rel}","templated":true}]}}