{"id":2561,"date":"2020-04-24T04:58:11","date_gmt":"2020-04-24T04:58:11","guid":{"rendered":"https:\/\/torebunia.pl\/sklep\/produkt\/tally-weijl-bluzka\/"},"modified":"2021-01-25T14:33:12","modified_gmt":"2021-01-25T14:33:12","slug":"tally-weijl-bluzka","status":"publish","type":"product","link":"https:\/\/torebunia.pl\/sklep\/produkt\/tally-weijl-bluzka\/","title":{"rendered":"Tally Weijl &#8211; Bluzka"},"content":{"rendered":"<p>Parametry produktu:<\/p>\n<ul>\n<li>cena: <strong>79.9 PLN<\/strong><\/li>\n<li>marka: <strong>TALLY WEIJL<\/strong><\/li>\n<li>p\u0142e\u0107: <strong>Female<\/strong><\/li>\n<li>kategoria: <strong>ONA \/ Odzie\u017c \/ Bluzki i koszule \/ Bluzki<\/strong><\/li>\n<li>kolor: <strong>cielisty<\/strong><\/li>\n<\/ul>\n<p>Opis:<br \/>\nBluzka z kolekcji Tally Weijl. Model wykonany z cienkiej, elastycznej dzianiny. Posiada okr\u0105g\u0142y dekolt. &#8211; Lu\u017any model. &#8211; Okr\u0105g\u0142y dekolt. &#8211; Cienka, elastyczna dzianina. &#8211; Model z materia\u0142u z cekinami. &#8211; G\u0142adka dzianina. &#8211; D\u0142ugo\u015b\u0107: 47 cm. &#8211; Szeroko\u015b\u0107 pod pachami: 44 cm. &#8211; Wymiary podane dla rozmiaru: S. Wz\u00f3r: g\u0142adkie Fason: regular Dekolt: okr\u0105g\u0142y R\u0119kaw: kr\u00f3tki Materia\u0142: z elastanem Okazje: casual Sk\u0142ad: 95 % Bawe\u0142na, 5 % Elastan ID produktu: 4900-TSD0SA Kod producenta: STSPEFESTA<\/p>\n","protected":false},"excerpt":{"rendered":"<p>Parametry produktu: cena: 79.9 PLN marka: TALLY WEIJL p\u0142e\u0107: Female kategoria: ONA \/ Odzie\u017c \/ Bluzki i koszule \/ Bluzki kolor: cielisty Opis: Bluzka z kolekcji Tally Weijl. Model wykonany<\/p>\n","protected":false},"featured_media":2562,"comment_status":"closed","ping_status":"open","template":"","meta":[],"class_list":{"0":"post-2561","1":"product","2":"type-product","3":"status-publish","5":"hentry","6":"product_cat-bluzki","7":"product_cat-bluzki-i-koszule","8":"product_cat-odziez","9":"product_cat-ona","10":"product_tag-tally-weijl","11":"product_tag-tally-weijl-bluzka"},"yoast_head":"<!-- This site is optimized with the Yoast SEO plugin v15.6.2 - https:\/\/yoast.com\/wordpress\/plugins\/seo\/ -->\n<title>Tally Weijl - Bluzka<\/title>\n<meta name=\"robots\" content=\"index, follow, max-snippet:-1, max-image-preview:large, max-video-preview:-1\" \/>\n<link rel=\"canonical\" href=\"https:\/\/torebunia.pl\/sklep\/produkt\/tally-weijl-bluzka\/\" \/>\n<meta property=\"og:locale\" content=\"pl_PL\" \/>\n<meta property=\"og:type\" content=\"article\" \/>\n<meta property=\"og:title\" content=\"Tally Weijl - Bluzka\" \/>\n<meta property=\"og:description\" content=\"Parametry produktu: cena: 79.9 PLN marka: TALLY WEIJL p\u0142e\u0107: Female kategoria: ONA \/ Odzie\u017c \/ Bluzki i koszule \/ Bluzki kolor: cielisty Opis: Bluzka z kolekcji Tally Weijl. Model wykonany\" \/>\n<meta property=\"og:url\" content=\"https:\/\/torebunia.pl\/sklep\/produkt\/tally-weijl-bluzka\/\" \/>\n<meta property=\"og:site_name\" content=\"Moje Blog\" \/>\n<meta property=\"article:modified_time\" content=\"2021-01-25T14:33:12+00:00\" \/>\n<meta property=\"og:image\" content=\"https:\/\/torebunia.pl\/sklep\/wp-content\/uploads\/2021\/01\/dde86a557e11afded048ed820b7308523326ae24.jpg\" \/>\n\t<meta property=\"og:image:width\" content=\"855\" \/>\n\t<meta property=\"og:image:height\" content=\"1290\" \/>\n<meta name=\"twitter:card\" content=\"summary_large_image\" \/>\n<meta name=\"twitter:label1\" content=\"Est. reading time\">\n\t<meta name=\"twitter:data1\" content=\"1 minuta\">\n<script type=\"application\/ld+json\" class=\"yoast-schema-graph\">{\"@context\":\"https:\/\/schema.org\",\"@graph\":[{\"@type\":\"WebSite\",\"@id\":\"https:\/\/torebunia.pl\/sklep\/#website\",\"url\":\"https:\/\/torebunia.pl\/sklep\/\",\"name\":\"Moje Blog\",\"description\":\"Kolejna witryna WordPress\",\"potentialAction\":[{\"@type\":\"SearchAction\",\"target\":\"https:\/\/torebunia.pl\/sklep\/?s={search_term_string}\",\"query-input\":\"required name=search_term_string\"}],\"inLanguage\":\"pl-PL\"},{\"@type\":\"ImageObject\",\"@id\":\"https:\/\/torebunia.pl\/sklep\/produkt\/tally-weijl-bluzka\/#primaryimage\",\"inLanguage\":\"pl-PL\",\"url\":\"https:\/\/torebunia.pl\/sklep\/wp-content\/uploads\/2021\/01\/dde86a557e11afded048ed820b7308523326ae24.jpg\",\"width\":855,\"height\":1290,\"caption\":\"Tally Weijl - Bluzka\"},{\"@type\":\"WebPage\",\"@id\":\"https:\/\/torebunia.pl\/sklep\/produkt\/tally-weijl-bluzka\/#webpage\",\"url\":\"https:\/\/torebunia.pl\/sklep\/produkt\/tally-weijl-bluzka\/\",\"name\":\"Tally Weijl - Bluzka\",\"isPartOf\":{\"@id\":\"https:\/\/torebunia.pl\/sklep\/#website\"},\"primaryImageOfPage\":{\"@id\":\"https:\/\/torebunia.pl\/sklep\/produkt\/tally-weijl-bluzka\/#primaryimage\"},\"datePublished\":\"2020-04-24T04:58:11+00:00\",\"dateModified\":\"2021-01-25T14:33:12+00:00\",\"inLanguage\":\"pl-PL\",\"potentialAction\":[{\"@type\":\"ReadAction\",\"target\":[\"https:\/\/torebunia.pl\/sklep\/produkt\/tally-weijl-bluzka\/\"]}]}]}<\/script>\n<!-- \/ Yoast SEO plugin. -->","_links":{"self":[{"href":"https:\/\/torebunia.pl\/sklep\/wp-json\/wp\/v2\/product\/2561","targetHints":{"allow":["GET"]}}],"collection":[{"href":"https:\/\/torebunia.pl\/sklep\/wp-json\/wp\/v2\/product"}],"about":[{"href":"https:\/\/torebunia.pl\/sklep\/wp-json\/wp\/v2\/types\/product"}],"replies":[{"embeddable":true,"href":"https:\/\/torebunia.pl\/sklep\/wp-json\/wp\/v2\/comments?post=2561"}],"wp:featuredmedia":[{"embeddable":true,"href":"https:\/\/torebunia.pl\/sklep\/wp-json\/wp\/v2\/media\/2562"}],"wp:attachment":[{"href":"https:\/\/torebunia.pl\/sklep\/wp-json\/wp\/v2\/media?parent=2561"}],"curies":[{"name":"wp","href":"https:\/\/api.w.org\/{rel}","templated":true}]}}