{"id":2513,"date":"2020-11-30T11:16:20","date_gmt":"2020-11-30T11:16:20","guid":{"rendered":"https:\/\/torebunia.pl\/sklep\/produkt\/new-era-czapka-2\/"},"modified":"2021-01-25T14:31:48","modified_gmt":"2021-01-25T14:31:48","slug":"new-era-czapka-2","status":"publish","type":"product","link":"https:\/\/torebunia.pl\/sklep\/produkt\/new-era-czapka-2\/","title":{"rendered":"New Era &#8211; Czapka"},"content":{"rendered":"<p>Parametry produktu:<\/p>\n<ul>\n<li>cena: <strong>119.9 PLN<\/strong><\/li>\n<li>marka: <strong>New Era<\/strong><\/li>\n<li>p\u0142e\u0107: <strong>Female<\/strong><\/li>\n<li>kategoria: <strong>ONA \/ ON \/ Akcesoria \/ Czapki i kapelusze<\/strong><\/li>\n<li>kolor: <strong>czerwony<\/strong><\/li>\n<\/ul>\n<p>Opis:<br \/>\nCzapka z kolekcji New Era. Model wykonany z dzianiny z aplikacj\u0105. &#8211; Elastyczna dzianina. &#8211; Wywijana kraw\u0119d\u017a. Wz\u00f3r: aplikacja Dzianina: \u015bredniej grubo\u015bci Sk\u0142ad: 100 % Akryl ID produktu: 4900-CAU07M Kod producenta: 12489936<\/p>\n","protected":false},"excerpt":{"rendered":"<p>Parametry produktu: cena: 119.9 PLN marka: New Era p\u0142e\u0107: Female kategoria: ONA \/ ON \/ Akcesoria \/ Czapki i kapelusze kolor: czerwony Opis: Czapka z kolekcji New Era. Model wykonany<\/p>\n","protected":false},"featured_media":2514,"comment_status":"closed","ping_status":"open","template":"","meta":[],"class_list":{"0":"post-2513","1":"product","2":"type-product","3":"status-publish","5":"hentry","6":"product_cat-akcesoria","7":"product_cat-czapki-i-kapelusze","8":"product_cat-on","9":"product_cat-ona","10":"product_tag-new-era","11":"product_tag-new-era-czapka"},"yoast_head":"<!-- This site is optimized with the Yoast SEO plugin v15.6.2 - https:\/\/yoast.com\/wordpress\/plugins\/seo\/ -->\n<title>New Era - Czapka<\/title>\n<meta name=\"robots\" content=\"index, follow, max-snippet:-1, max-image-preview:large, max-video-preview:-1\" \/>\n<link rel=\"canonical\" href=\"https:\/\/torebunia.pl\/sklep\/produkt\/new-era-czapka-2\/\" \/>\n<meta property=\"og:locale\" content=\"pl_PL\" \/>\n<meta property=\"og:type\" content=\"article\" \/>\n<meta property=\"og:title\" content=\"New Era - Czapka\" \/>\n<meta property=\"og:description\" content=\"Parametry produktu: cena: 119.9 PLN marka: New Era p\u0142e\u0107: Female kategoria: ONA \/ ON \/ Akcesoria \/ Czapki i kapelusze kolor: czerwony Opis: Czapka z kolekcji New Era. Model wykonany\" \/>\n<meta property=\"og:url\" content=\"https:\/\/torebunia.pl\/sklep\/produkt\/new-era-czapka-2\/\" \/>\n<meta property=\"og:site_name\" content=\"Moje Blog\" \/>\n<meta property=\"article:modified_time\" content=\"2021-01-25T14:31:48+00:00\" \/>\n<meta property=\"og:image\" content=\"https:\/\/torebunia.pl\/sklep\/wp-content\/uploads\/2021\/01\/3295e85bf69e7fbe006c6bc8e964ddfdb82739f1.jpg\" \/>\n\t<meta property=\"og:image:width\" content=\"855\" \/>\n\t<meta property=\"og:image:height\" content=\"1290\" \/>\n<meta name=\"twitter:card\" content=\"summary_large_image\" \/>\n<script type=\"application\/ld+json\" class=\"yoast-schema-graph\">{\"@context\":\"https:\/\/schema.org\",\"@graph\":[{\"@type\":\"WebSite\",\"@id\":\"https:\/\/torebunia.pl\/sklep\/#website\",\"url\":\"https:\/\/torebunia.pl\/sklep\/\",\"name\":\"Moje Blog\",\"description\":\"Kolejna witryna WordPress\",\"potentialAction\":[{\"@type\":\"SearchAction\",\"target\":\"https:\/\/torebunia.pl\/sklep\/?s={search_term_string}\",\"query-input\":\"required name=search_term_string\"}],\"inLanguage\":\"pl-PL\"},{\"@type\":\"ImageObject\",\"@id\":\"https:\/\/torebunia.pl\/sklep\/produkt\/new-era-czapka-2\/#primaryimage\",\"inLanguage\":\"pl-PL\",\"url\":\"https:\/\/torebunia.pl\/sklep\/wp-content\/uploads\/2021\/01\/3295e85bf69e7fbe006c6bc8e964ddfdb82739f1.jpg\",\"width\":855,\"height\":1290,\"caption\":\"New Era - Czapka\"},{\"@type\":\"WebPage\",\"@id\":\"https:\/\/torebunia.pl\/sklep\/produkt\/new-era-czapka-2\/#webpage\",\"url\":\"https:\/\/torebunia.pl\/sklep\/produkt\/new-era-czapka-2\/\",\"name\":\"New Era - Czapka\",\"isPartOf\":{\"@id\":\"https:\/\/torebunia.pl\/sklep\/#website\"},\"primaryImageOfPage\":{\"@id\":\"https:\/\/torebunia.pl\/sklep\/produkt\/new-era-czapka-2\/#primaryimage\"},\"datePublished\":\"2020-11-30T11:16:20+00:00\",\"dateModified\":\"2021-01-25T14:31:48+00:00\",\"inLanguage\":\"pl-PL\",\"potentialAction\":[{\"@type\":\"ReadAction\",\"target\":[\"https:\/\/torebunia.pl\/sklep\/produkt\/new-era-czapka-2\/\"]}]}]}<\/script>\n<!-- \/ Yoast SEO plugin. -->","_links":{"self":[{"href":"https:\/\/torebunia.pl\/sklep\/wp-json\/wp\/v2\/product\/2513","targetHints":{"allow":["GET"]}}],"collection":[{"href":"https:\/\/torebunia.pl\/sklep\/wp-json\/wp\/v2\/product"}],"about":[{"href":"https:\/\/torebunia.pl\/sklep\/wp-json\/wp\/v2\/types\/product"}],"replies":[{"embeddable":true,"href":"https:\/\/torebunia.pl\/sklep\/wp-json\/wp\/v2\/comments?post=2513"}],"wp:featuredmedia":[{"embeddable":true,"href":"https:\/\/torebunia.pl\/sklep\/wp-json\/wp\/v2\/media\/2514"}],"wp:attachment":[{"href":"https:\/\/torebunia.pl\/sklep\/wp-json\/wp\/v2\/media?parent=2513"}],"curies":[{"name":"wp","href":"https:\/\/api.w.org\/{rel}","templated":true}]}}