{"id":2505,"date":"2020-03-26T18:03:38","date_gmt":"2020-03-26T18:03:38","guid":{"rendered":"https:\/\/torebunia.pl\/sklep\/produkt\/tommy-jeans-jeansy-nora-3\/"},"modified":"2021-01-25T14:31:36","modified_gmt":"2021-01-25T14:31:36","slug":"tommy-jeans-jeansy-nora-3","status":"publish","type":"product","link":"https:\/\/torebunia.pl\/sklep\/produkt\/tommy-jeans-jeansy-nora-3\/","title":{"rendered":"Tommy Jeans &#8211; Jeansy Nora"},"content":{"rendered":"<p>Parametry produktu:<\/p>\n<ul>\n<li>cena: <strong>579.9 PLN<\/strong><\/li>\n<li>marka: <strong>Tommy Jeans<\/strong><\/li>\n<li>p\u0142e\u0107: <strong>Female<\/strong><\/li>\n<li>kategoria: <strong>ONA \/ Odzie\u017c \/ Jeansy \/ Slim i skinny<\/strong><\/li>\n<li>kolor: <strong>granatowy<\/strong><\/li>\n<\/ul>\n<p>Opis:<br \/>\nJeansy z kolekcji Tommy Jeans w fasonie skinny z regularn\u0105 tali\u0105. Model wykonany ze spranego denimu. &#8211; Fason skinny. &#8211; Wsuwane kieszenie. &#8211; Regularna talia. &#8211; Zapi\u0119cie na guzik i suwak. &#8211; Ozdobnie sprany denim. &#8211; Szeroko\u015b\u0107 w pasie: 33 cm. &#8211; Szeroko\u015b\u0107 w biodrach: 37 cm. &#8211; Wysoko\u015b\u0107 stanu: 24 cm. &#8211; Szeroko\u015b\u0107 nogawki na dole: 12 cm. &#8211; Szeroko\u015b\u0107 nogawki: 23 cm. &#8211; D\u0142ugo\u015b\u0107: 102 cm. &#8211; Wymiary podane dla rozmiaru: 27\/32. Talia: medium Kolor jeansu: granatowy Sk\u0142ad: 76 % Bawe\u0142na, 4 % Elastan, 20 % Poliester ID produktu: 4900-SJD04C Kod producenta: DW0DW09024<\/p>\n","protected":false},"excerpt":{"rendered":"<p>Parametry produktu: cena: 579.9 PLN marka: Tommy Jeans p\u0142e\u0107: Female kategoria: ONA \/ Odzie\u017c \/ Jeansy \/ Slim i skinny kolor: granatowy Opis: Jeansy z kolekcji Tommy Jeans w fasonie<\/p>\n","protected":false},"featured_media":2506,"comment_status":"closed","ping_status":"open","template":"","meta":[],"class_list":{"0":"post-2505","1":"product","2":"type-product","3":"status-publish","5":"hentry","6":"product_cat-jeansy","7":"product_cat-odziez","8":"product_cat-ona","9":"product_cat-slim-i-skinny","10":"product_tag-tommy-jeans","11":"product_tag-tommy-jeans-jeansy-nora"},"yoast_head":"<!-- This site is optimized with the Yoast SEO plugin v15.6.2 - https:\/\/yoast.com\/wordpress\/plugins\/seo\/ -->\n<title>Tommy Jeans - Jeansy Nora<\/title>\n<meta name=\"robots\" content=\"index, follow, max-snippet:-1, max-image-preview:large, max-video-preview:-1\" \/>\n<link rel=\"canonical\" href=\"https:\/\/torebunia.pl\/sklep\/produkt\/tommy-jeans-jeansy-nora-3\/\" \/>\n<meta property=\"og:locale\" content=\"pl_PL\" \/>\n<meta property=\"og:type\" content=\"article\" \/>\n<meta property=\"og:title\" content=\"Tommy Jeans - Jeansy Nora\" \/>\n<meta property=\"og:description\" content=\"Parametry produktu: cena: 579.9 PLN marka: Tommy Jeans p\u0142e\u0107: Female kategoria: ONA \/ Odzie\u017c \/ Jeansy \/ Slim i skinny kolor: granatowy Opis: Jeansy z kolekcji Tommy Jeans w fasonie\" \/>\n<meta property=\"og:url\" content=\"https:\/\/torebunia.pl\/sklep\/produkt\/tommy-jeans-jeansy-nora-3\/\" \/>\n<meta property=\"og:site_name\" content=\"Moje Blog\" \/>\n<meta property=\"article:modified_time\" content=\"2021-01-25T14:31:36+00:00\" \/>\n<meta property=\"og:image\" content=\"https:\/\/torebunia.pl\/sklep\/wp-content\/uploads\/2021\/01\/365db53a29aeaacad84f84ce82145db7885bbff4.jpg\" \/>\n\t<meta property=\"og:image:width\" content=\"855\" \/>\n\t<meta property=\"og:image:height\" content=\"1290\" \/>\n<meta name=\"twitter:card\" content=\"summary_large_image\" \/>\n<meta name=\"twitter:label1\" content=\"Est. reading time\">\n\t<meta name=\"twitter:data1\" content=\"1 minuta\">\n<script type=\"application\/ld+json\" class=\"yoast-schema-graph\">{\"@context\":\"https:\/\/schema.org\",\"@graph\":[{\"@type\":\"WebSite\",\"@id\":\"https:\/\/torebunia.pl\/sklep\/#website\",\"url\":\"https:\/\/torebunia.pl\/sklep\/\",\"name\":\"Moje Blog\",\"description\":\"Kolejna witryna WordPress\",\"potentialAction\":[{\"@type\":\"SearchAction\",\"target\":\"https:\/\/torebunia.pl\/sklep\/?s={search_term_string}\",\"query-input\":\"required name=search_term_string\"}],\"inLanguage\":\"pl-PL\"},{\"@type\":\"ImageObject\",\"@id\":\"https:\/\/torebunia.pl\/sklep\/produkt\/tommy-jeans-jeansy-nora-3\/#primaryimage\",\"inLanguage\":\"pl-PL\",\"url\":\"https:\/\/torebunia.pl\/sklep\/wp-content\/uploads\/2021\/01\/365db53a29aeaacad84f84ce82145db7885bbff4.jpg\",\"width\":855,\"height\":1290,\"caption\":\"Tommy Jeans - Jeansy Nora\"},{\"@type\":\"WebPage\",\"@id\":\"https:\/\/torebunia.pl\/sklep\/produkt\/tommy-jeans-jeansy-nora-3\/#webpage\",\"url\":\"https:\/\/torebunia.pl\/sklep\/produkt\/tommy-jeans-jeansy-nora-3\/\",\"name\":\"Tommy Jeans - Jeansy Nora\",\"isPartOf\":{\"@id\":\"https:\/\/torebunia.pl\/sklep\/#website\"},\"primaryImageOfPage\":{\"@id\":\"https:\/\/torebunia.pl\/sklep\/produkt\/tommy-jeans-jeansy-nora-3\/#primaryimage\"},\"datePublished\":\"2020-03-26T18:03:38+00:00\",\"dateModified\":\"2021-01-25T14:31:36+00:00\",\"inLanguage\":\"pl-PL\",\"potentialAction\":[{\"@type\":\"ReadAction\",\"target\":[\"https:\/\/torebunia.pl\/sklep\/produkt\/tommy-jeans-jeansy-nora-3\/\"]}]}]}<\/script>\n<!-- \/ Yoast SEO plugin. -->","_links":{"self":[{"href":"https:\/\/torebunia.pl\/sklep\/wp-json\/wp\/v2\/product\/2505","targetHints":{"allow":["GET"]}}],"collection":[{"href":"https:\/\/torebunia.pl\/sklep\/wp-json\/wp\/v2\/product"}],"about":[{"href":"https:\/\/torebunia.pl\/sklep\/wp-json\/wp\/v2\/types\/product"}],"replies":[{"embeddable":true,"href":"https:\/\/torebunia.pl\/sklep\/wp-json\/wp\/v2\/comments?post=2505"}],"wp:featuredmedia":[{"embeddable":true,"href":"https:\/\/torebunia.pl\/sklep\/wp-json\/wp\/v2\/media\/2506"}],"wp:attachment":[{"href":"https:\/\/torebunia.pl\/sklep\/wp-json\/wp\/v2\/media?parent=2505"}],"curies":[{"name":"wp","href":"https:\/\/api.w.org\/{rel}","templated":true}]}}