{"id":2439,"date":"2020-11-04T12:36:20","date_gmt":"2020-11-04T12:36:20","guid":{"rendered":"https:\/\/torebunia.pl\/sklep\/produkt\/karl-lagerfeld-biustonosz-kapielowy-2\/"},"modified":"2021-01-25T14:29:46","modified_gmt":"2021-01-25T14:29:46","slug":"karl-lagerfeld-biustonosz-kapielowy-2","status":"publish","type":"product","link":"https:\/\/torebunia.pl\/sklep\/produkt\/karl-lagerfeld-biustonosz-kapielowy-2\/","title":{"rendered":"Karl Lagerfeld &#8211; Biustonosz k\u0105pielowy"},"content":{"rendered":"<p>Parametry produktu:<\/p>\n<ul>\n<li>cena: <strong>319.9 PLN<\/strong><\/li>\n<li>marka: <strong>Karl Lagerfeld<\/strong><\/li>\n<li>p\u0142e\u0107: <strong>Female<\/strong><\/li>\n<li>kategoria: <strong>ONA \/ Odzie\u017c \/ Stroje k\u0105pielowe \/ Dwucz\u0119\u015bciowe<\/strong><\/li>\n<li>kolor: <strong>czerwony<\/strong><\/li>\n<\/ul>\n<p>Opis:<br \/>\nDost\u0119pne rozmiary s\u0105 przeliczone z w\u0142oskiej rozmiar\u00f3wki producenta na standardow\u0105 rozmiar\u00f3wk\u0119 europejsk\u0105. Zamawiany rozmiar mo\u017ce r\u00f3\u017cni\u0107 si\u0119 od widocznego na metce (IT 38\/XXS = EU XS). Dla pewno\u015bci prosimy o zapoznanie si\u0119 z tabel\u0105 rozmiarow\u0105. Biustonosz k\u0105pielowy z kolekcji Karl Lagerfeld. Model wykonany z elastycznego materia\u0142u. &#8211; Zapi\u0119cie na zatrzask. &#8211; Lekko usztywniona miseczka. &#8211; Miseczka z wyjmowanymi wk\u0142adkami. &#8211; Cienka, elastyczna dzianina. Wz\u00f3r: g\u0142adkie Rodzaj: g\u00f3ra Miseczka: lekko usztywniana Miseczka: bez fiszbin\u00f3w Sk\u0142ad: 18 % Elastan, 82 % Poliamid ID produktu: 4900-BID0SF Kod producenta: KL20WTP04<\/p>\n","protected":false},"excerpt":{"rendered":"<p>Parametry produktu: cena: 319.9 PLN marka: Karl Lagerfeld p\u0142e\u0107: Female kategoria: ONA \/ Odzie\u017c \/ Stroje k\u0105pielowe \/ Dwucz\u0119\u015bciowe kolor: czerwony Opis: Dost\u0119pne rozmiary s\u0105 przeliczone z w\u0142oskiej rozmiar\u00f3wki producenta<\/p>\n","protected":false},"featured_media":2440,"comment_status":"closed","ping_status":"open","template":"","meta":[],"class_list":{"0":"post-2439","1":"product","2":"type-product","3":"status-publish","5":"hentry","6":"product_cat-dwuczesciowe","7":"product_cat-odziez","8":"product_cat-ona","9":"product_cat-stroje-kapielowe","10":"product_tag-karl-lagerfeld","11":"product_tag-karl-lagerfeld-biustonosz-kapielowy"},"yoast_head":"<!-- This site is optimized with the Yoast SEO plugin v15.6.2 - https:\/\/yoast.com\/wordpress\/plugins\/seo\/ -->\n<title>Karl Lagerfeld - Biustonosz k\u0105pielowy<\/title>\n<meta name=\"robots\" content=\"index, follow, max-snippet:-1, max-image-preview:large, max-video-preview:-1\" \/>\n<link rel=\"canonical\" href=\"https:\/\/torebunia.pl\/sklep\/produkt\/karl-lagerfeld-biustonosz-kapielowy-2\/\" \/>\n<meta property=\"og:locale\" content=\"pl_PL\" \/>\n<meta property=\"og:type\" content=\"article\" \/>\n<meta property=\"og:title\" content=\"Karl Lagerfeld - Biustonosz k\u0105pielowy\" \/>\n<meta property=\"og:description\" content=\"Parametry produktu: cena: 319.9 PLN marka: Karl Lagerfeld p\u0142e\u0107: Female kategoria: ONA \/ Odzie\u017c \/ Stroje k\u0105pielowe \/ Dwucz\u0119\u015bciowe kolor: czerwony Opis: Dost\u0119pne rozmiary s\u0105 przeliczone z w\u0142oskiej rozmiar\u00f3wki producenta\" \/>\n<meta property=\"og:url\" content=\"https:\/\/torebunia.pl\/sklep\/produkt\/karl-lagerfeld-biustonosz-kapielowy-2\/\" \/>\n<meta property=\"og:site_name\" content=\"Moje Blog\" \/>\n<meta property=\"article:modified_time\" content=\"2021-01-25T14:29:46+00:00\" \/>\n<meta property=\"og:image\" content=\"https:\/\/torebunia.pl\/sklep\/wp-content\/uploads\/2021\/01\/6ea20ebf5641c75b4b4b418e65ec1f28046dbbba.jpg\" \/>\n\t<meta property=\"og:image:width\" content=\"855\" \/>\n\t<meta property=\"og:image:height\" content=\"1290\" \/>\n<meta name=\"twitter:card\" content=\"summary_large_image\" \/>\n<meta name=\"twitter:label1\" content=\"Est. reading time\">\n\t<meta name=\"twitter:data1\" content=\"1 minuta\">\n<script type=\"application\/ld+json\" class=\"yoast-schema-graph\">{\"@context\":\"https:\/\/schema.org\",\"@graph\":[{\"@type\":\"WebSite\",\"@id\":\"https:\/\/torebunia.pl\/sklep\/#website\",\"url\":\"https:\/\/torebunia.pl\/sklep\/\",\"name\":\"Moje Blog\",\"description\":\"Kolejna witryna WordPress\",\"potentialAction\":[{\"@type\":\"SearchAction\",\"target\":\"https:\/\/torebunia.pl\/sklep\/?s={search_term_string}\",\"query-input\":\"required name=search_term_string\"}],\"inLanguage\":\"pl-PL\"},{\"@type\":\"ImageObject\",\"@id\":\"https:\/\/torebunia.pl\/sklep\/produkt\/karl-lagerfeld-biustonosz-kapielowy-2\/#primaryimage\",\"inLanguage\":\"pl-PL\",\"url\":\"https:\/\/torebunia.pl\/sklep\/wp-content\/uploads\/2021\/01\/6ea20ebf5641c75b4b4b418e65ec1f28046dbbba.jpg\",\"width\":855,\"height\":1290,\"caption\":\"Karl Lagerfeld - Biustonosz k\\u0105pielowy\"},{\"@type\":\"WebPage\",\"@id\":\"https:\/\/torebunia.pl\/sklep\/produkt\/karl-lagerfeld-biustonosz-kapielowy-2\/#webpage\",\"url\":\"https:\/\/torebunia.pl\/sklep\/produkt\/karl-lagerfeld-biustonosz-kapielowy-2\/\",\"name\":\"Karl Lagerfeld - Biustonosz k\\u0105pielowy\",\"isPartOf\":{\"@id\":\"https:\/\/torebunia.pl\/sklep\/#website\"},\"primaryImageOfPage\":{\"@id\":\"https:\/\/torebunia.pl\/sklep\/produkt\/karl-lagerfeld-biustonosz-kapielowy-2\/#primaryimage\"},\"datePublished\":\"2020-11-04T12:36:20+00:00\",\"dateModified\":\"2021-01-25T14:29:46+00:00\",\"inLanguage\":\"pl-PL\",\"potentialAction\":[{\"@type\":\"ReadAction\",\"target\":[\"https:\/\/torebunia.pl\/sklep\/produkt\/karl-lagerfeld-biustonosz-kapielowy-2\/\"]}]}]}<\/script>\n<!-- \/ Yoast SEO plugin. -->","_links":{"self":[{"href":"https:\/\/torebunia.pl\/sklep\/wp-json\/wp\/v2\/product\/2439","targetHints":{"allow":["GET"]}}],"collection":[{"href":"https:\/\/torebunia.pl\/sklep\/wp-json\/wp\/v2\/product"}],"about":[{"href":"https:\/\/torebunia.pl\/sklep\/wp-json\/wp\/v2\/types\/product"}],"replies":[{"embeddable":true,"href":"https:\/\/torebunia.pl\/sklep\/wp-json\/wp\/v2\/comments?post=2439"}],"wp:featuredmedia":[{"embeddable":true,"href":"https:\/\/torebunia.pl\/sklep\/wp-json\/wp\/v2\/media\/2440"}],"wp:attachment":[{"href":"https:\/\/torebunia.pl\/sklep\/wp-json\/wp\/v2\/media?parent=2439"}],"curies":[{"name":"wp","href":"https:\/\/api.w.org\/{rel}","templated":true}]}}