{"id":2371,"date":"2020-06-11T22:14:49","date_gmt":"2020-06-11T22:14:49","guid":{"rendered":"https:\/\/torebunia.pl\/sklep\/produkt\/champion-bluza\/"},"modified":"2021-01-25T14:27:48","modified_gmt":"2021-01-25T14:27:48","slug":"champion-bluza","status":"publish","type":"product","link":"https:\/\/torebunia.pl\/sklep\/produkt\/champion-bluza\/","title":{"rendered":"Champion &#8211; Bluza"},"content":{"rendered":"<p>Parametry produktu:<\/p>\n<ul>\n<li>cena: <strong>339.9 PLN<\/strong><\/li>\n<li>marka: <strong>Champion<\/strong><\/li>\n<li>p\u0142e\u0107: <strong>Female<\/strong><\/li>\n<li>kategoria: <strong>ONA \/ Odzie\u017c \/ Bluzy \/ Przez g\u0142ow\u0119<\/strong><\/li>\n<li>kolor: <strong>bia\u0142y<\/strong><\/li>\n<\/ul>\n<p>Opis:<br \/>\nBluza z kapturem z kolekcji Champion. Model zapinany na suwak wykonany z dzianiny z aplikacj\u0105. &#8211; Prosty fason. &#8211; Mi\u0119kko wy\u015bcie\u0142any model. &#8211; Wsuwana kiesze\u0144. &#8211; Kaptur \u015bci\u0105gany troczkami. &#8211; Kr\u00f3tkie zapi\u0119cie na suwak. &#8211; Dolna kraw\u0119d\u017a wyko\u0144czona \u015bci\u0105gaczem. &#8211; D\u0142ugo\u015b\u0107 r\u0119kawa(mierzona od kaptura): 67 cm. &#8211; D\u0142ugo\u015b\u0107: 61 cm. &#8211; Szeroko\u015b\u0107 pod pachami: 49 ccm. &#8211; Wymiary podane dla rozmiaru: S. Wz\u00f3r: aplikacja Materia\u0142: bawe\u0142na Kaptur: z kapturem Sk\u0142ad: 100 % Bawe\u0142na ID produktu: 4901-BLD0JD Kod producenta: 111925<\/p>\n","protected":false},"excerpt":{"rendered":"<p>Parametry produktu: cena: 339.9 PLN marka: Champion p\u0142e\u0107: Female kategoria: ONA \/ Odzie\u017c \/ Bluzy \/ Przez g\u0142ow\u0119 kolor: bia\u0142y Opis: Bluza z kapturem z kolekcji Champion. Model zapinany na<\/p>\n","protected":false},"featured_media":2372,"comment_status":"closed","ping_status":"open","template":"","meta":[],"class_list":{"0":"post-2371","1":"product","2":"type-product","3":"status-publish","5":"hentry","6":"product_cat-bluzy","7":"product_cat-odziez","8":"product_cat-ona","9":"product_cat-przez-glowe","10":"product_tag-champion","11":"product_tag-champion-bluza"},"yoast_head":"<!-- This site is optimized with the Yoast SEO plugin v15.6.2 - https:\/\/yoast.com\/wordpress\/plugins\/seo\/ -->\n<title>Champion - Bluza<\/title>\n<meta name=\"robots\" content=\"index, follow, max-snippet:-1, max-image-preview:large, max-video-preview:-1\" \/>\n<link rel=\"canonical\" href=\"https:\/\/torebunia.pl\/sklep\/produkt\/champion-bluza\/\" \/>\n<meta property=\"og:locale\" content=\"pl_PL\" \/>\n<meta property=\"og:type\" content=\"article\" \/>\n<meta property=\"og:title\" content=\"Champion - Bluza\" \/>\n<meta property=\"og:description\" content=\"Parametry produktu: cena: 339.9 PLN marka: Champion p\u0142e\u0107: Female kategoria: ONA \/ Odzie\u017c \/ Bluzy \/ Przez g\u0142ow\u0119 kolor: bia\u0142y Opis: Bluza z kapturem z kolekcji Champion. Model zapinany na\" \/>\n<meta property=\"og:url\" content=\"https:\/\/torebunia.pl\/sklep\/produkt\/champion-bluza\/\" \/>\n<meta property=\"og:site_name\" content=\"Moje Blog\" \/>\n<meta property=\"article:modified_time\" content=\"2021-01-25T14:27:48+00:00\" \/>\n<meta property=\"og:image\" content=\"https:\/\/torebunia.pl\/sklep\/wp-content\/uploads\/2021\/01\/dab0ae0ddea8db5a52d3a8fbc5a26af633f4b92c.jpg\" \/>\n\t<meta property=\"og:image:width\" content=\"855\" \/>\n\t<meta property=\"og:image:height\" content=\"1290\" \/>\n<meta name=\"twitter:card\" content=\"summary_large_image\" \/>\n<meta name=\"twitter:label1\" content=\"Est. reading time\">\n\t<meta name=\"twitter:data1\" content=\"1 minuta\">\n<script type=\"application\/ld+json\" class=\"yoast-schema-graph\">{\"@context\":\"https:\/\/schema.org\",\"@graph\":[{\"@type\":\"WebSite\",\"@id\":\"https:\/\/torebunia.pl\/sklep\/#website\",\"url\":\"https:\/\/torebunia.pl\/sklep\/\",\"name\":\"Moje Blog\",\"description\":\"Kolejna witryna WordPress\",\"potentialAction\":[{\"@type\":\"SearchAction\",\"target\":\"https:\/\/torebunia.pl\/sklep\/?s={search_term_string}\",\"query-input\":\"required name=search_term_string\"}],\"inLanguage\":\"pl-PL\"},{\"@type\":\"ImageObject\",\"@id\":\"https:\/\/torebunia.pl\/sklep\/produkt\/champion-bluza\/#primaryimage\",\"inLanguage\":\"pl-PL\",\"url\":\"https:\/\/torebunia.pl\/sklep\/wp-content\/uploads\/2021\/01\/dab0ae0ddea8db5a52d3a8fbc5a26af633f4b92c.jpg\",\"width\":855,\"height\":1290,\"caption\":\"Champion - Bluza\"},{\"@type\":\"WebPage\",\"@id\":\"https:\/\/torebunia.pl\/sklep\/produkt\/champion-bluza\/#webpage\",\"url\":\"https:\/\/torebunia.pl\/sklep\/produkt\/champion-bluza\/\",\"name\":\"Champion - Bluza\",\"isPartOf\":{\"@id\":\"https:\/\/torebunia.pl\/sklep\/#website\"},\"primaryImageOfPage\":{\"@id\":\"https:\/\/torebunia.pl\/sklep\/produkt\/champion-bluza\/#primaryimage\"},\"datePublished\":\"2020-06-11T22:14:49+00:00\",\"dateModified\":\"2021-01-25T14:27:48+00:00\",\"inLanguage\":\"pl-PL\",\"potentialAction\":[{\"@type\":\"ReadAction\",\"target\":[\"https:\/\/torebunia.pl\/sklep\/produkt\/champion-bluza\/\"]}]}]}<\/script>\n<!-- \/ Yoast SEO plugin. -->","_links":{"self":[{"href":"https:\/\/torebunia.pl\/sklep\/wp-json\/wp\/v2\/product\/2371","targetHints":{"allow":["GET"]}}],"collection":[{"href":"https:\/\/torebunia.pl\/sklep\/wp-json\/wp\/v2\/product"}],"about":[{"href":"https:\/\/torebunia.pl\/sklep\/wp-json\/wp\/v2\/types\/product"}],"replies":[{"embeddable":true,"href":"https:\/\/torebunia.pl\/sklep\/wp-json\/wp\/v2\/comments?post=2371"}],"wp:featuredmedia":[{"embeddable":true,"href":"https:\/\/torebunia.pl\/sklep\/wp-json\/wp\/v2\/media\/2372"}],"wp:attachment":[{"href":"https:\/\/torebunia.pl\/sklep\/wp-json\/wp\/v2\/media?parent=2371"}],"curies":[{"name":"wp","href":"https:\/\/api.w.org\/{rel}","templated":true}]}}