{"id":2331,"date":"2020-09-22T23:27:52","date_gmt":"2020-09-22T23:27:52","guid":{"rendered":"https:\/\/torebunia.pl\/sklep\/produkt\/fossil-naszyjnik-2\/"},"modified":"2021-01-25T14:26:44","modified_gmt":"2021-01-25T14:26:44","slug":"fossil-naszyjnik-2","status":"publish","type":"product","link":"https:\/\/torebunia.pl\/sklep\/produkt\/fossil-naszyjnik-2\/","title":{"rendered":"Fossil &#8211; Naszyjnik"},"content":{"rendered":"<p>Parametry produktu:<\/p>\n<ul>\n<li>cena: <strong>199.9 PLN<\/strong><\/li>\n<li>marka: <strong>Fossil<\/strong><\/li>\n<li>p\u0142e\u0107: <strong>Female<\/strong><\/li>\n<li>kategoria: <strong>ONA \/ Akcesoria \/ Bi\u017cuteria \/ Naszyjniki<\/strong><\/li>\n<li>kolor: <strong>z\u0142oty<\/strong><\/li>\n<\/ul>\n<p>Opis:<br \/>\nNaszyjnik z kolekcji Fossil. Model z ozdobn\u0105 zawieszk\u0105 wykonany z po\u0142\u0105czenia r\u00f3\u017cnych materia\u0142\u00f3w. Sk\u0142ad: Materia\u0142 zasadniczy: 100 % Stal nierdzewna ID produktu: 100-AKD1A8 Kod producenta: JF03382710<\/p>\n","protected":false},"excerpt":{"rendered":"<p>Parametry produktu: cena: 199.9 PLN marka: Fossil p\u0142e\u0107: Female kategoria: ONA \/ Akcesoria \/ Bi\u017cuteria \/ Naszyjniki kolor: z\u0142oty Opis: Naszyjnik z kolekcji Fossil. Model z ozdobn\u0105 zawieszk\u0105 wykonany z<\/p>\n","protected":false},"featured_media":2332,"comment_status":"closed","ping_status":"open","template":"","meta":[],"class_list":{"0":"post-2331","1":"product","2":"type-product","3":"status-publish","5":"hentry","6":"product_cat-akcesoria","7":"product_cat-bizuteria","8":"product_cat-naszyjniki","9":"product_cat-ona","10":"product_tag-fossil","11":"product_tag-fossil-naszyjnik"},"yoast_head":"<!-- This site is optimized with the Yoast SEO plugin v15.6.2 - https:\/\/yoast.com\/wordpress\/plugins\/seo\/ -->\n<title>Fossil - Naszyjnik<\/title>\n<meta name=\"robots\" content=\"index, follow, max-snippet:-1, max-image-preview:large, max-video-preview:-1\" \/>\n<link rel=\"canonical\" href=\"https:\/\/torebunia.pl\/sklep\/produkt\/fossil-naszyjnik-2\/\" \/>\n<meta property=\"og:locale\" content=\"pl_PL\" \/>\n<meta property=\"og:type\" content=\"article\" \/>\n<meta property=\"og:title\" content=\"Fossil - Naszyjnik\" \/>\n<meta property=\"og:description\" content=\"Parametry produktu: cena: 199.9 PLN marka: Fossil p\u0142e\u0107: Female kategoria: ONA \/ Akcesoria \/ Bi\u017cuteria \/ Naszyjniki kolor: z\u0142oty Opis: Naszyjnik z kolekcji Fossil. Model z ozdobn\u0105 zawieszk\u0105 wykonany z\" \/>\n<meta property=\"og:url\" content=\"https:\/\/torebunia.pl\/sklep\/produkt\/fossil-naszyjnik-2\/\" \/>\n<meta property=\"og:site_name\" content=\"Moje Blog\" \/>\n<meta property=\"article:modified_time\" content=\"2021-01-25T14:26:44+00:00\" \/>\n<meta property=\"og:image\" content=\"https:\/\/torebunia.pl\/sklep\/wp-content\/uploads\/2021\/01\/2f5a30cd86bbf4874b70fad4bf5ac692f0174752.jpg\" \/>\n\t<meta property=\"og:image:width\" content=\"855\" \/>\n\t<meta property=\"og:image:height\" content=\"1290\" \/>\n<meta name=\"twitter:card\" content=\"summary_large_image\" \/>\n<script type=\"application\/ld+json\" class=\"yoast-schema-graph\">{\"@context\":\"https:\/\/schema.org\",\"@graph\":[{\"@type\":\"WebSite\",\"@id\":\"https:\/\/torebunia.pl\/sklep\/#website\",\"url\":\"https:\/\/torebunia.pl\/sklep\/\",\"name\":\"Moje Blog\",\"description\":\"Kolejna witryna WordPress\",\"potentialAction\":[{\"@type\":\"SearchAction\",\"target\":\"https:\/\/torebunia.pl\/sklep\/?s={search_term_string}\",\"query-input\":\"required name=search_term_string\"}],\"inLanguage\":\"pl-PL\"},{\"@type\":\"ImageObject\",\"@id\":\"https:\/\/torebunia.pl\/sklep\/produkt\/fossil-naszyjnik-2\/#primaryimage\",\"inLanguage\":\"pl-PL\",\"url\":\"https:\/\/torebunia.pl\/sklep\/wp-content\/uploads\/2021\/01\/2f5a30cd86bbf4874b70fad4bf5ac692f0174752.jpg\",\"width\":855,\"height\":1290,\"caption\":\"Fossil - Naszyjnik\"},{\"@type\":\"WebPage\",\"@id\":\"https:\/\/torebunia.pl\/sklep\/produkt\/fossil-naszyjnik-2\/#webpage\",\"url\":\"https:\/\/torebunia.pl\/sklep\/produkt\/fossil-naszyjnik-2\/\",\"name\":\"Fossil - Naszyjnik\",\"isPartOf\":{\"@id\":\"https:\/\/torebunia.pl\/sklep\/#website\"},\"primaryImageOfPage\":{\"@id\":\"https:\/\/torebunia.pl\/sklep\/produkt\/fossil-naszyjnik-2\/#primaryimage\"},\"datePublished\":\"2020-09-22T23:27:52+00:00\",\"dateModified\":\"2021-01-25T14:26:44+00:00\",\"inLanguage\":\"pl-PL\",\"potentialAction\":[{\"@type\":\"ReadAction\",\"target\":[\"https:\/\/torebunia.pl\/sklep\/produkt\/fossil-naszyjnik-2\/\"]}]}]}<\/script>\n<!-- \/ Yoast SEO plugin. -->","_links":{"self":[{"href":"https:\/\/torebunia.pl\/sklep\/wp-json\/wp\/v2\/product\/2331","targetHints":{"allow":["GET"]}}],"collection":[{"href":"https:\/\/torebunia.pl\/sklep\/wp-json\/wp\/v2\/product"}],"about":[{"href":"https:\/\/torebunia.pl\/sklep\/wp-json\/wp\/v2\/types\/product"}],"replies":[{"embeddable":true,"href":"https:\/\/torebunia.pl\/sklep\/wp-json\/wp\/v2\/comments?post=2331"}],"wp:featuredmedia":[{"embeddable":true,"href":"https:\/\/torebunia.pl\/sklep\/wp-json\/wp\/v2\/media\/2332"}],"wp:attachment":[{"href":"https:\/\/torebunia.pl\/sklep\/wp-json\/wp\/v2\/media?parent=2331"}],"curies":[{"name":"wp","href":"https:\/\/api.w.org\/{rel}","templated":true}]}}