{"id":23296,"date":"2020-05-31T04:09:08","date_gmt":"2020-05-31T04:09:08","guid":{"rendered":"https:\/\/torebunia.pl\/sklep\/produkt\/emu-australia-botki-bells-beachlo\/"},"modified":"2021-01-27T17:22:42","modified_gmt":"2021-01-27T17:22:42","slug":"emu-australia-botki-bells-beachlo","status":"publish","type":"product","link":"https:\/\/torebunia.pl\/sklep\/produkt\/emu-australia-botki-bells-beachlo\/","title":{"rendered":"Emu Australia &#8211; Botki Bells Beachlo"},"content":{"rendered":"<p>Parametry produktu:<\/p>\n<ul>\n<li>cena: <strong>639.9 PLN<\/strong><\/li>\n<li>marka: <strong>Emu Australia<\/strong><\/li>\n<li>p\u0142e\u0107: <strong>Female<\/strong><\/li>\n<li>kategoria: <strong>ONA \/ Obuwie \/ Kozaki i botki \/ Botki<\/strong><\/li>\n<li>kolor: <strong>be\u017cowy<\/strong><\/li>\n<\/ul>\n<p>Opis:<br \/>\nBotki z kolekcji Emu Australia. Model wykonany ze sk\u00f3ry zamszowej. &#8211; Lekka i amortyzuj\u0105ca podeszwa \u015brodkowa z pianki EVA. &#8211; Ocieplony model. &#8211; Okr\u0105g\u0142y, usztywniony nosek. &#8211; Gumowa podeszwa. &#8211; Lekko usztywniony zapi\u0119tek. &#8211; Tekstylne wn\u0119trze. &#8211; Wyci\u0105gana wk\u0142adka. &#8211; D\u0142ugo\u015b\u0107 wk\u0142adki wynosi: 23,5 cm. &#8211; Wymiary podane dla rozmiaru: 37. Materia\u0142: sk\u00f3ra zamszowa Obcas: p\u0142aski Ocieplenie: ocieplane Sk\u0142ad: Cholewka: Sk\u00f3ra zamszowa, Wn\u0119trze: We\u0142na merynos\u00f3w, Podeszwa: Materia\u0142 syntetyczny, ID produktu: 4930-OBD0NA Kod producenta: W11361.Che<\/p>\n","protected":false},"excerpt":{"rendered":"<p>Parametry produktu: cena: 639.9 PLN marka: Emu Australia p\u0142e\u0107: Female kategoria: ONA \/ Obuwie \/ Kozaki i botki \/ Botki kolor: be\u017cowy Opis: Botki z kolekcji Emu Australia. Model wykonany<\/p>\n","protected":false},"featured_media":23297,"comment_status":"closed","ping_status":"open","template":"","meta":[],"class_list":{"0":"post-23296","1":"product","2":"type-product","3":"status-publish","5":"hentry","6":"product_cat-botki","7":"product_cat-kozaki-i-botki","8":"product_cat-obuwie","9":"product_cat-ona","10":"product_tag-emu-australia","11":"product_tag-emu-australia-botki-bells-beachlo"},"yoast_head":"<!-- This site is optimized with the Yoast SEO plugin v15.6.2 - https:\/\/yoast.com\/wordpress\/plugins\/seo\/ -->\n<title>Emu Australia - Botki Bells Beachlo<\/title>\n<meta name=\"robots\" content=\"index, follow, max-snippet:-1, max-image-preview:large, max-video-preview:-1\" \/>\n<link rel=\"canonical\" href=\"https:\/\/torebunia.pl\/sklep\/produkt\/emu-australia-botki-bells-beachlo\/\" \/>\n<meta property=\"og:locale\" content=\"pl_PL\" \/>\n<meta property=\"og:type\" content=\"article\" \/>\n<meta property=\"og:title\" content=\"Emu Australia - Botki Bells Beachlo\" \/>\n<meta property=\"og:description\" content=\"Parametry produktu: cena: 639.9 PLN marka: Emu Australia p\u0142e\u0107: Female kategoria: ONA \/ Obuwie \/ Kozaki i botki \/ Botki kolor: be\u017cowy Opis: Botki z kolekcji Emu Australia. Model wykonany\" \/>\n<meta property=\"og:url\" content=\"https:\/\/torebunia.pl\/sklep\/produkt\/emu-australia-botki-bells-beachlo\/\" \/>\n<meta property=\"og:site_name\" content=\"Moje Blog\" \/>\n<meta property=\"article:modified_time\" content=\"2021-01-27T17:22:42+00:00\" \/>\n<meta property=\"og:image\" content=\"https:\/\/torebunia.pl\/sklep\/wp-content\/uploads\/2021\/01\/5ad707d1d1e36c2ecb7b3abfa3f1ef4e20487ccf.jpg\" \/>\n\t<meta property=\"og:image:width\" content=\"855\" \/>\n\t<meta property=\"og:image:height\" content=\"1290\" \/>\n<meta name=\"twitter:card\" content=\"summary_large_image\" \/>\n<meta name=\"twitter:label1\" content=\"Est. reading time\">\n\t<meta name=\"twitter:data1\" content=\"1 minuta\">\n<script type=\"application\/ld+json\" class=\"yoast-schema-graph\">{\"@context\":\"https:\/\/schema.org\",\"@graph\":[{\"@type\":\"WebSite\",\"@id\":\"https:\/\/torebunia.pl\/sklep\/#website\",\"url\":\"https:\/\/torebunia.pl\/sklep\/\",\"name\":\"Moje Blog\",\"description\":\"Kolejna witryna WordPress\",\"potentialAction\":[{\"@type\":\"SearchAction\",\"target\":\"https:\/\/torebunia.pl\/sklep\/?s={search_term_string}\",\"query-input\":\"required name=search_term_string\"}],\"inLanguage\":\"pl-PL\"},{\"@type\":\"ImageObject\",\"@id\":\"https:\/\/torebunia.pl\/sklep\/produkt\/emu-australia-botki-bells-beachlo\/#primaryimage\",\"inLanguage\":\"pl-PL\",\"url\":\"https:\/\/torebunia.pl\/sklep\/wp-content\/uploads\/2021\/01\/5ad707d1d1e36c2ecb7b3abfa3f1ef4e20487ccf.jpg\",\"width\":855,\"height\":1290,\"caption\":\"Emu Australia - Botki Bells Beachlo\"},{\"@type\":\"WebPage\",\"@id\":\"https:\/\/torebunia.pl\/sklep\/produkt\/emu-australia-botki-bells-beachlo\/#webpage\",\"url\":\"https:\/\/torebunia.pl\/sklep\/produkt\/emu-australia-botki-bells-beachlo\/\",\"name\":\"Emu Australia - Botki Bells Beachlo\",\"isPartOf\":{\"@id\":\"https:\/\/torebunia.pl\/sklep\/#website\"},\"primaryImageOfPage\":{\"@id\":\"https:\/\/torebunia.pl\/sklep\/produkt\/emu-australia-botki-bells-beachlo\/#primaryimage\"},\"datePublished\":\"2020-05-31T04:09:08+00:00\",\"dateModified\":\"2021-01-27T17:22:42+00:00\",\"inLanguage\":\"pl-PL\",\"potentialAction\":[{\"@type\":\"ReadAction\",\"target\":[\"https:\/\/torebunia.pl\/sklep\/produkt\/emu-australia-botki-bells-beachlo\/\"]}]}]}<\/script>\n<!-- \/ Yoast SEO plugin. -->","_links":{"self":[{"href":"https:\/\/torebunia.pl\/sklep\/wp-json\/wp\/v2\/product\/23296","targetHints":{"allow":["GET"]}}],"collection":[{"href":"https:\/\/torebunia.pl\/sklep\/wp-json\/wp\/v2\/product"}],"about":[{"href":"https:\/\/torebunia.pl\/sklep\/wp-json\/wp\/v2\/types\/product"}],"replies":[{"embeddable":true,"href":"https:\/\/torebunia.pl\/sklep\/wp-json\/wp\/v2\/comments?post=23296"}],"wp:featuredmedia":[{"embeddable":true,"href":"https:\/\/torebunia.pl\/sklep\/wp-json\/wp\/v2\/media\/23297"}],"wp:attachment":[{"href":"https:\/\/torebunia.pl\/sklep\/wp-json\/wp\/v2\/media?parent=23296"}],"curies":[{"name":"wp","href":"https:\/\/api.w.org\/{rel}","templated":true}]}}