{"id":23284,"date":"2020-10-10T14:06:07","date_gmt":"2020-10-10T14:06:07","guid":{"rendered":"https:\/\/torebunia.pl\/sklep\/produkt\/killtec-komplet\/"},"modified":"2021-01-27T17:22:23","modified_gmt":"2021-01-27T17:22:23","slug":"killtec-komplet","status":"publish","type":"product","link":"https:\/\/torebunia.pl\/sklep\/produkt\/killtec-komplet\/","title":{"rendered":"Killtec &#8211; Komplet"},"content":{"rendered":"<p>Parametry produktu:<\/p>\n<ul>\n<li>cena: <strong>169.9 PLN<\/strong><\/li>\n<li>marka: <strong>Killtec<\/strong><\/li>\n<li>p\u0142e\u0107: <strong>Female<\/strong><\/li>\n<li>kategoria: <strong>ONA \/ Odzie\u017c \/ Bielizna \/ Bielizna funkcyjna<\/strong><\/li>\n<li>kolor: <strong>purpurowy<\/strong><\/li>\n<\/ul>\n<p>Opis:<br \/>\nKomplet bielizny funkcyjnej z kolekcji Killtec. Model wykonany z komfortowego materia\u0142u. &#8211; Dopasowany fason. &#8211; Elastyczna listwa w pasie. &#8211; G\u0142adka dzianina. &#8211; Cienka, elastyczna dzianina. &#8211; Szeroko\u015b\u0107 w pasie: 31 cm. &#8211; Szeroko\u015b\u0107 w biodrach: 37 cm. &#8211; D\u0142ugo\u015b\u0107 nogawki: 100 cm. &#8211; Szeroko\u015b\u0107 pod pachami: 38 cm. &#8211; D\u0142ugo\u015b\u0107: 65 cm. Wz\u00f3r: g\u0142adkie Sk\u0142ad: 100 % Poliester ID produktu: 4910-BID0E7 Kod producenta: 33148<\/p>\n","protected":false},"excerpt":{"rendered":"<p>Parametry produktu: cena: 169.9 PLN marka: Killtec p\u0142e\u0107: Female kategoria: ONA \/ Odzie\u017c \/ Bielizna \/ Bielizna funkcyjna kolor: purpurowy Opis: Komplet bielizny funkcyjnej z kolekcji Killtec. Model wykonany z<\/p>\n","protected":false},"featured_media":23285,"comment_status":"closed","ping_status":"open","template":"","meta":[],"class_list":{"0":"post-23284","1":"product","2":"type-product","3":"status-publish","5":"hentry","6":"product_cat-bielizna","7":"product_cat-bielizna-funkcyjna","8":"product_cat-odziez","9":"product_cat-ona","10":"product_tag-killtec","11":"product_tag-killtec-komplet"},"yoast_head":"<!-- This site is optimized with the Yoast SEO plugin v15.6.2 - https:\/\/yoast.com\/wordpress\/plugins\/seo\/ -->\n<title>Killtec - Komplet<\/title>\n<meta name=\"robots\" content=\"index, follow, max-snippet:-1, max-image-preview:large, max-video-preview:-1\" \/>\n<link rel=\"canonical\" href=\"https:\/\/torebunia.pl\/sklep\/produkt\/killtec-komplet\/\" \/>\n<meta property=\"og:locale\" content=\"pl_PL\" \/>\n<meta property=\"og:type\" content=\"article\" \/>\n<meta property=\"og:title\" content=\"Killtec - Komplet\" \/>\n<meta property=\"og:description\" content=\"Parametry produktu: cena: 169.9 PLN marka: Killtec p\u0142e\u0107: Female kategoria: ONA \/ Odzie\u017c \/ Bielizna \/ Bielizna funkcyjna kolor: purpurowy Opis: Komplet bielizny funkcyjnej z kolekcji Killtec. Model wykonany z\" \/>\n<meta property=\"og:url\" content=\"https:\/\/torebunia.pl\/sklep\/produkt\/killtec-komplet\/\" \/>\n<meta property=\"og:site_name\" content=\"Moje Blog\" \/>\n<meta property=\"article:modified_time\" content=\"2021-01-27T17:22:23+00:00\" \/>\n<meta property=\"og:image\" content=\"https:\/\/torebunia.pl\/sklep\/wp-content\/uploads\/2021\/01\/6371c6dbb25cc422f0362f47e191a45ed35552ec.jpg\" \/>\n\t<meta property=\"og:image:width\" content=\"855\" \/>\n\t<meta property=\"og:image:height\" content=\"1290\" \/>\n<meta name=\"twitter:card\" content=\"summary_large_image\" \/>\n<script type=\"application\/ld+json\" class=\"yoast-schema-graph\">{\"@context\":\"https:\/\/schema.org\",\"@graph\":[{\"@type\":\"WebSite\",\"@id\":\"https:\/\/torebunia.pl\/sklep\/#website\",\"url\":\"https:\/\/torebunia.pl\/sklep\/\",\"name\":\"Moje Blog\",\"description\":\"Kolejna witryna WordPress\",\"potentialAction\":[{\"@type\":\"SearchAction\",\"target\":\"https:\/\/torebunia.pl\/sklep\/?s={search_term_string}\",\"query-input\":\"required name=search_term_string\"}],\"inLanguage\":\"pl-PL\"},{\"@type\":\"ImageObject\",\"@id\":\"https:\/\/torebunia.pl\/sklep\/produkt\/killtec-komplet\/#primaryimage\",\"inLanguage\":\"pl-PL\",\"url\":\"https:\/\/torebunia.pl\/sklep\/wp-content\/uploads\/2021\/01\/6371c6dbb25cc422f0362f47e191a45ed35552ec.jpg\",\"width\":855,\"height\":1290,\"caption\":\"Killtec - Komplet\"},{\"@type\":\"WebPage\",\"@id\":\"https:\/\/torebunia.pl\/sklep\/produkt\/killtec-komplet\/#webpage\",\"url\":\"https:\/\/torebunia.pl\/sklep\/produkt\/killtec-komplet\/\",\"name\":\"Killtec - Komplet\",\"isPartOf\":{\"@id\":\"https:\/\/torebunia.pl\/sklep\/#website\"},\"primaryImageOfPage\":{\"@id\":\"https:\/\/torebunia.pl\/sklep\/produkt\/killtec-komplet\/#primaryimage\"},\"datePublished\":\"2020-10-10T14:06:07+00:00\",\"dateModified\":\"2021-01-27T17:22:23+00:00\",\"inLanguage\":\"pl-PL\",\"potentialAction\":[{\"@type\":\"ReadAction\",\"target\":[\"https:\/\/torebunia.pl\/sklep\/produkt\/killtec-komplet\/\"]}]}]}<\/script>\n<!-- \/ Yoast SEO plugin. -->","_links":{"self":[{"href":"https:\/\/torebunia.pl\/sklep\/wp-json\/wp\/v2\/product\/23284","targetHints":{"allow":["GET"]}}],"collection":[{"href":"https:\/\/torebunia.pl\/sklep\/wp-json\/wp\/v2\/product"}],"about":[{"href":"https:\/\/torebunia.pl\/sklep\/wp-json\/wp\/v2\/types\/product"}],"replies":[{"embeddable":true,"href":"https:\/\/torebunia.pl\/sklep\/wp-json\/wp\/v2\/comments?post=23284"}],"wp:featuredmedia":[{"embeddable":true,"href":"https:\/\/torebunia.pl\/sklep\/wp-json\/wp\/v2\/media\/23285"}],"wp:attachment":[{"href":"https:\/\/torebunia.pl\/sklep\/wp-json\/wp\/v2\/media?parent=23284"}],"curies":[{"name":"wp","href":"https:\/\/api.w.org\/{rel}","templated":true}]}}