{"id":2321,"date":"2020-06-01T09:52:30","date_gmt":"2020-06-01T09:52:30","guid":{"rendered":"https:\/\/torebunia.pl\/sklep\/produkt\/tommy-jeans-jeansy-nora-2\/"},"modified":"2021-01-25T14:26:28","modified_gmt":"2021-01-25T14:26:28","slug":"tommy-jeans-jeansy-nora-2","status":"publish","type":"product","link":"https:\/\/torebunia.pl\/sklep\/produkt\/tommy-jeans-jeansy-nora-2\/","title":{"rendered":"Tommy Jeans &#8211; Jeansy Nora"},"content":{"rendered":"<p>Parametry produktu:<\/p>\n<ul>\n<li>cena: <strong>539.9 PLN<\/strong><\/li>\n<li>marka: <strong>Tommy Jeans<\/strong><\/li>\n<li>p\u0142e\u0107: <strong>Female<\/strong><\/li>\n<li>kategoria: <strong>ONA \/ Odzie\u017c \/ Jeansy \/ Slim i skinny<\/strong><\/li>\n<li>kolor: <strong>niebieski<\/strong><\/li>\n<\/ul>\n<p>Opis:<br \/>\nJeansy z kolekcji Tommy Jeans w fasonie skinny z regularn\u0105 tali\u0105. Model wykonany z przecieranego denimu. &#8211; Fason skinny. &#8211; Regularna talia. &#8211; Wsuwane kieszenie. &#8211; Zapi\u0119cie na guzik i suwak. &#8211; Szeroko\u015b\u0107 w pasie: 37 cm. &#8211; Szeroko\u015b\u0107 w biodrach: 40 cm. &#8211; Wysoko\u015b\u0107 stanu: 23 cm. &#8211; Szeroko\u015b\u0107 nogawki na dole: 11 cm. &#8211; Szeroko\u015b\u0107 nogawki: 24 cm. &#8211; D\u0142ugo\u015b\u0107: 93 cm. &#8211; Wymiary podane dla rozmiaru: 27\/32. Talia: medium Kolor jeansu: niebieski Sk\u0142ad: 84 % Bawe\u0142na, 2 % Elastan, 14 % Poliester ID produktu: 4900-SJD019 Kod producenta: DW0DW08372<\/p>\n","protected":false},"excerpt":{"rendered":"<p>Parametry produktu: cena: 539.9 PLN marka: Tommy Jeans p\u0142e\u0107: Female kategoria: ONA \/ Odzie\u017c \/ Jeansy \/ Slim i skinny kolor: niebieski Opis: Jeansy z kolekcji Tommy Jeans w fasonie<\/p>\n","protected":false},"featured_media":2322,"comment_status":"closed","ping_status":"open","template":"","meta":[],"class_list":{"0":"post-2321","1":"product","2":"type-product","3":"status-publish","5":"hentry","6":"product_cat-jeansy","7":"product_cat-odziez","8":"product_cat-ona","9":"product_cat-slim-i-skinny","10":"product_tag-tommy-jeans","11":"product_tag-tommy-jeans-jeansy-nora"},"yoast_head":"<!-- This site is optimized with the Yoast SEO plugin v15.6.2 - https:\/\/yoast.com\/wordpress\/plugins\/seo\/ -->\n<title>Tommy Jeans - Jeansy Nora<\/title>\n<meta name=\"robots\" content=\"index, follow, max-snippet:-1, max-image-preview:large, max-video-preview:-1\" \/>\n<link rel=\"canonical\" href=\"https:\/\/torebunia.pl\/sklep\/produkt\/tommy-jeans-jeansy-nora-2\/\" \/>\n<meta property=\"og:locale\" content=\"pl_PL\" \/>\n<meta property=\"og:type\" content=\"article\" \/>\n<meta property=\"og:title\" content=\"Tommy Jeans - Jeansy Nora\" \/>\n<meta property=\"og:description\" content=\"Parametry produktu: cena: 539.9 PLN marka: Tommy Jeans p\u0142e\u0107: Female kategoria: ONA \/ Odzie\u017c \/ Jeansy \/ Slim i skinny kolor: niebieski Opis: Jeansy z kolekcji Tommy Jeans w fasonie\" \/>\n<meta property=\"og:url\" content=\"https:\/\/torebunia.pl\/sklep\/produkt\/tommy-jeans-jeansy-nora-2\/\" \/>\n<meta property=\"og:site_name\" content=\"Moje Blog\" \/>\n<meta property=\"article:modified_time\" content=\"2021-01-25T14:26:28+00:00\" \/>\n<meta property=\"og:image\" content=\"https:\/\/torebunia.pl\/sklep\/wp-content\/uploads\/2021\/01\/7927165cf7ddaec25e0b0fabfbeb88368023dabb.jpg\" \/>\n\t<meta property=\"og:image:width\" content=\"855\" \/>\n\t<meta property=\"og:image:height\" content=\"1290\" \/>\n<meta name=\"twitter:card\" content=\"summary_large_image\" \/>\n<meta name=\"twitter:label1\" content=\"Est. reading time\">\n\t<meta name=\"twitter:data1\" content=\"1 minuta\">\n<script type=\"application\/ld+json\" class=\"yoast-schema-graph\">{\"@context\":\"https:\/\/schema.org\",\"@graph\":[{\"@type\":\"WebSite\",\"@id\":\"https:\/\/torebunia.pl\/sklep\/#website\",\"url\":\"https:\/\/torebunia.pl\/sklep\/\",\"name\":\"Moje Blog\",\"description\":\"Kolejna witryna WordPress\",\"potentialAction\":[{\"@type\":\"SearchAction\",\"target\":\"https:\/\/torebunia.pl\/sklep\/?s={search_term_string}\",\"query-input\":\"required name=search_term_string\"}],\"inLanguage\":\"pl-PL\"},{\"@type\":\"ImageObject\",\"@id\":\"https:\/\/torebunia.pl\/sklep\/produkt\/tommy-jeans-jeansy-nora-2\/#primaryimage\",\"inLanguage\":\"pl-PL\",\"url\":\"https:\/\/torebunia.pl\/sklep\/wp-content\/uploads\/2021\/01\/7927165cf7ddaec25e0b0fabfbeb88368023dabb.jpg\",\"width\":855,\"height\":1290,\"caption\":\"Tommy Jeans - Jeansy Nora\"},{\"@type\":\"WebPage\",\"@id\":\"https:\/\/torebunia.pl\/sklep\/produkt\/tommy-jeans-jeansy-nora-2\/#webpage\",\"url\":\"https:\/\/torebunia.pl\/sklep\/produkt\/tommy-jeans-jeansy-nora-2\/\",\"name\":\"Tommy Jeans - Jeansy Nora\",\"isPartOf\":{\"@id\":\"https:\/\/torebunia.pl\/sklep\/#website\"},\"primaryImageOfPage\":{\"@id\":\"https:\/\/torebunia.pl\/sklep\/produkt\/tommy-jeans-jeansy-nora-2\/#primaryimage\"},\"datePublished\":\"2020-06-01T09:52:30+00:00\",\"dateModified\":\"2021-01-25T14:26:28+00:00\",\"inLanguage\":\"pl-PL\",\"potentialAction\":[{\"@type\":\"ReadAction\",\"target\":[\"https:\/\/torebunia.pl\/sklep\/produkt\/tommy-jeans-jeansy-nora-2\/\"]}]}]}<\/script>\n<!-- \/ Yoast SEO plugin. -->","_links":{"self":[{"href":"https:\/\/torebunia.pl\/sklep\/wp-json\/wp\/v2\/product\/2321","targetHints":{"allow":["GET"]}}],"collection":[{"href":"https:\/\/torebunia.pl\/sklep\/wp-json\/wp\/v2\/product"}],"about":[{"href":"https:\/\/torebunia.pl\/sklep\/wp-json\/wp\/v2\/types\/product"}],"replies":[{"embeddable":true,"href":"https:\/\/torebunia.pl\/sklep\/wp-json\/wp\/v2\/comments?post=2321"}],"wp:featuredmedia":[{"embeddable":true,"href":"https:\/\/torebunia.pl\/sklep\/wp-json\/wp\/v2\/media\/2322"}],"wp:attachment":[{"href":"https:\/\/torebunia.pl\/sklep\/wp-json\/wp\/v2\/media?parent=2321"}],"curies":[{"name":"wp","href":"https:\/\/api.w.org\/{rel}","templated":true}]}}