{"id":23202,"date":"2020-06-05T11:31:38","date_gmt":"2020-06-05T11:31:38","guid":{"rendered":"https:\/\/torebunia.pl\/sklep\/produkt\/columbia-spodnie-snowboardowe-3\/"},"modified":"2021-01-27T17:19:50","modified_gmt":"2021-01-27T17:19:50","slug":"columbia-spodnie-snowboardowe-3","status":"publish","type":"product","link":"https:\/\/torebunia.pl\/sklep\/produkt\/columbia-spodnie-snowboardowe-3\/","title":{"rendered":"Columbia &#8211; Spodnie snowboardowe"},"content":{"rendered":"<p>Parametry produktu:<\/p>\n<ul>\n<li>cena: <strong>499.9 PLN<\/strong><\/li>\n<li>marka: <strong>Columbia<\/strong><\/li>\n<li>p\u0142e\u0107: <strong>Female<\/strong><\/li>\n<li>kategoria: <strong>ONA \/ Odzie\u017c \/ Spodnie i legginsy \/ Techniczne<\/strong><\/li>\n<li>kolor: <strong>czarny<\/strong><\/li>\n<\/ul>\n<p>Opis:<br \/>\nSpodnie z kolekcji Columbia. Model wykonany z g\u0142adkiej tkaniny. &#8211; Technologia Omni-Tech\u00ae dzi\u0119ki mikroporowatej oddychaj\u0105cej membranie i uszczelnionych szwach pokrytych trwa\u0142\u0105, wodoszczeln\u0105 pow\u0142ok\u0105 zapewnia pe\u0142n\u0105 ochron\u0119 przed nag\u0142ymi zmianami pogody. &#8211; Prosty fason. &#8211; Zapinane kieszenie. &#8211; Szeroko\u015b\u0107 w pasie: 40 cm. &#8211; Szeroko\u015b\u0107 w biodrach: 53 cm. &#8211; Wysoko\u015b\u0107 stanu: 25 cm. &#8211; Szeroko\u015b\u0107 nogawki na dole: 28 cm. &#8211; Szeroko\u015b\u0107 nogawki: 30,5 cm. &#8211; D\u0142ugo\u015b\u0107: 109 cm. Wz\u00f3r: g\u0142adkie Materia\u0142: tkanina Sk\u0142ad: Podszewka: 100 % Poliester, Materia\u0142 zasadniczy: 100 % Nylon, Podszycie: 100 % Poliester, Podszewka 1: 100 % Nylon ID produktu: 4910-SPD0AO Kod producenta: 1623351<\/p>\n","protected":false},"excerpt":{"rendered":"<p>Parametry produktu: cena: 499.9 PLN marka: Columbia p\u0142e\u0107: Female kategoria: ONA \/ Odzie\u017c \/ Spodnie i legginsy \/ Techniczne kolor: czarny Opis: Spodnie z kolekcji Columbia. Model wykonany z g\u0142adkiej<\/p>\n","protected":false},"featured_media":23203,"comment_status":"closed","ping_status":"open","template":"","meta":[],"class_list":{"0":"post-23202","1":"product","2":"type-product","3":"status-publish","5":"hentry","6":"product_cat-odziez","7":"product_cat-ona","8":"product_cat-spodnie-i-legginsy","9":"product_cat-techniczne","10":"product_tag-columbia","11":"product_tag-columbia-spodnie-snowboardowe"},"yoast_head":"<!-- This site is optimized with the Yoast SEO plugin v15.6.2 - https:\/\/yoast.com\/wordpress\/plugins\/seo\/ -->\n<title>Columbia - Spodnie snowboardowe<\/title>\n<meta name=\"robots\" content=\"index, follow, max-snippet:-1, max-image-preview:large, max-video-preview:-1\" \/>\n<link rel=\"canonical\" href=\"https:\/\/torebunia.pl\/sklep\/produkt\/columbia-spodnie-snowboardowe-3\/\" \/>\n<meta property=\"og:locale\" content=\"pl_PL\" \/>\n<meta property=\"og:type\" content=\"article\" \/>\n<meta property=\"og:title\" content=\"Columbia - Spodnie snowboardowe\" \/>\n<meta property=\"og:description\" content=\"Parametry produktu: cena: 499.9 PLN marka: Columbia p\u0142e\u0107: Female kategoria: ONA \/ Odzie\u017c \/ Spodnie i legginsy \/ Techniczne kolor: czarny Opis: Spodnie z kolekcji Columbia. Model wykonany z g\u0142adkiej\" \/>\n<meta property=\"og:url\" content=\"https:\/\/torebunia.pl\/sklep\/produkt\/columbia-spodnie-snowboardowe-3\/\" \/>\n<meta property=\"og:site_name\" content=\"Moje Blog\" \/>\n<meta property=\"article:modified_time\" content=\"2021-01-27T17:19:50+00:00\" \/>\n<meta property=\"og:image\" content=\"https:\/\/torebunia.pl\/sklep\/wp-content\/uploads\/2021\/01\/431c75be5f30fd6a08a70c0968159fa595e2f482.jpg\" \/>\n\t<meta property=\"og:image:width\" content=\"855\" \/>\n\t<meta property=\"og:image:height\" content=\"1290\" \/>\n<meta name=\"twitter:card\" content=\"summary_large_image\" \/>\n<meta name=\"twitter:label1\" content=\"Est. reading time\">\n\t<meta name=\"twitter:data1\" content=\"1 minuta\">\n<script type=\"application\/ld+json\" class=\"yoast-schema-graph\">{\"@context\":\"https:\/\/schema.org\",\"@graph\":[{\"@type\":\"WebSite\",\"@id\":\"https:\/\/torebunia.pl\/sklep\/#website\",\"url\":\"https:\/\/torebunia.pl\/sklep\/\",\"name\":\"Moje Blog\",\"description\":\"Kolejna witryna WordPress\",\"potentialAction\":[{\"@type\":\"SearchAction\",\"target\":\"https:\/\/torebunia.pl\/sklep\/?s={search_term_string}\",\"query-input\":\"required name=search_term_string\"}],\"inLanguage\":\"pl-PL\"},{\"@type\":\"ImageObject\",\"@id\":\"https:\/\/torebunia.pl\/sklep\/produkt\/columbia-spodnie-snowboardowe-3\/#primaryimage\",\"inLanguage\":\"pl-PL\",\"url\":\"https:\/\/torebunia.pl\/sklep\/wp-content\/uploads\/2021\/01\/431c75be5f30fd6a08a70c0968159fa595e2f482.jpg\",\"width\":855,\"height\":1290,\"caption\":\"Columbia - Spodnie snowboardowe\"},{\"@type\":\"WebPage\",\"@id\":\"https:\/\/torebunia.pl\/sklep\/produkt\/columbia-spodnie-snowboardowe-3\/#webpage\",\"url\":\"https:\/\/torebunia.pl\/sklep\/produkt\/columbia-spodnie-snowboardowe-3\/\",\"name\":\"Columbia - Spodnie snowboardowe\",\"isPartOf\":{\"@id\":\"https:\/\/torebunia.pl\/sklep\/#website\"},\"primaryImageOfPage\":{\"@id\":\"https:\/\/torebunia.pl\/sklep\/produkt\/columbia-spodnie-snowboardowe-3\/#primaryimage\"},\"datePublished\":\"2020-06-05T11:31:38+00:00\",\"dateModified\":\"2021-01-27T17:19:50+00:00\",\"inLanguage\":\"pl-PL\",\"potentialAction\":[{\"@type\":\"ReadAction\",\"target\":[\"https:\/\/torebunia.pl\/sklep\/produkt\/columbia-spodnie-snowboardowe-3\/\"]}]}]}<\/script>\n<!-- \/ Yoast SEO plugin. -->","_links":{"self":[{"href":"https:\/\/torebunia.pl\/sklep\/wp-json\/wp\/v2\/product\/23202","targetHints":{"allow":["GET"]}}],"collection":[{"href":"https:\/\/torebunia.pl\/sklep\/wp-json\/wp\/v2\/product"}],"about":[{"href":"https:\/\/torebunia.pl\/sklep\/wp-json\/wp\/v2\/types\/product"}],"replies":[{"embeddable":true,"href":"https:\/\/torebunia.pl\/sklep\/wp-json\/wp\/v2\/comments?post=23202"}],"wp:featuredmedia":[{"embeddable":true,"href":"https:\/\/torebunia.pl\/sklep\/wp-json\/wp\/v2\/media\/23203"}],"wp:attachment":[{"href":"https:\/\/torebunia.pl\/sklep\/wp-json\/wp\/v2\/media?parent=23202"}],"curies":[{"name":"wp","href":"https:\/\/api.w.org\/{rel}","templated":true}]}}