{"id":23168,"date":"2020-05-23T17:05:32","date_gmt":"2020-05-23T17:05:32","guid":{"rendered":"https:\/\/torebunia.pl\/sklep\/produkt\/patrizia-pepe-czapka-3\/"},"modified":"2021-01-27T17:18:47","modified_gmt":"2021-01-27T17:18:47","slug":"patrizia-pepe-czapka-3","status":"publish","type":"product","link":"https:\/\/torebunia.pl\/sklep\/produkt\/patrizia-pepe-czapka-3\/","title":{"rendered":"Patrizia Pepe &#8211; Czapka"},"content":{"rendered":"<p>Parametry produktu:<\/p>\n<ul>\n<li>cena: <strong>339.9 PLN<\/strong><\/li>\n<li>marka: <strong>Patrizia Pepe<\/strong><\/li>\n<li>p\u0142e\u0107: <strong>Female<\/strong><\/li>\n<li>kategoria: <strong>ONA \/ Akcesoria \/ Czapki i kapelusze \/ Czapki<\/strong><\/li>\n<li>kolor: <strong>jasny szary<\/strong><\/li>\n<\/ul>\n<p>Opis:<br \/>\nCzapka z kolekcji Patrizia Pepe. Model wykonany z g\u0142adkiej dzianiny. &#8211; Model z pomponem. Sk\u0142ad: Materia\u0142 zasadniczy: 10 % Kaszmir, 24 % Poliamid, 33 % We\u0142na, 33 % Wiskoza ID produktu: 4910-CAD05F Kod producenta: 2V9129.A2FA<\/p>\n","protected":false},"excerpt":{"rendered":"<p>Parametry produktu: cena: 339.9 PLN marka: Patrizia Pepe p\u0142e\u0107: Female kategoria: ONA \/ Akcesoria \/ Czapki i kapelusze \/ Czapki kolor: jasny szary Opis: Czapka z kolekcji Patrizia Pepe. Model<\/p>\n","protected":false},"featured_media":23169,"comment_status":"closed","ping_status":"open","template":"","meta":[],"class_list":{"0":"post-23168","1":"product","2":"type-product","3":"status-publish","5":"hentry","6":"product_cat-akcesoria","7":"product_cat-czapki","8":"product_cat-czapki-i-kapelusze","9":"product_cat-ona","10":"product_tag-patrizia-pepe","11":"product_tag-patrizia-pepe-czapka"},"yoast_head":"<!-- This site is optimized with the Yoast SEO plugin v15.6.2 - https:\/\/yoast.com\/wordpress\/plugins\/seo\/ -->\n<title>Patrizia Pepe - Czapka<\/title>\n<meta name=\"robots\" content=\"index, follow, max-snippet:-1, max-image-preview:large, max-video-preview:-1\" \/>\n<link rel=\"canonical\" href=\"https:\/\/torebunia.pl\/sklep\/produkt\/patrizia-pepe-czapka-3\/\" \/>\n<meta property=\"og:locale\" content=\"pl_PL\" \/>\n<meta property=\"og:type\" content=\"article\" \/>\n<meta property=\"og:title\" content=\"Patrizia Pepe - Czapka\" \/>\n<meta property=\"og:description\" content=\"Parametry produktu: cena: 339.9 PLN marka: Patrizia Pepe p\u0142e\u0107: Female kategoria: ONA \/ Akcesoria \/ Czapki i kapelusze \/ Czapki kolor: jasny szary Opis: Czapka z kolekcji Patrizia Pepe. Model\" \/>\n<meta property=\"og:url\" content=\"https:\/\/torebunia.pl\/sklep\/produkt\/patrizia-pepe-czapka-3\/\" \/>\n<meta property=\"og:site_name\" content=\"Moje Blog\" \/>\n<meta property=\"article:modified_time\" content=\"2021-01-27T17:18:47+00:00\" \/>\n<meta property=\"og:image\" content=\"https:\/\/torebunia.pl\/sklep\/wp-content\/uploads\/2021\/01\/fcc7d0e3d3c404c7487854b0e46b66c4389d3574.jpg\" \/>\n\t<meta property=\"og:image:width\" content=\"855\" \/>\n\t<meta property=\"og:image:height\" content=\"1290\" \/>\n<meta name=\"twitter:card\" content=\"summary_large_image\" \/>\n<script type=\"application\/ld+json\" class=\"yoast-schema-graph\">{\"@context\":\"https:\/\/schema.org\",\"@graph\":[{\"@type\":\"WebSite\",\"@id\":\"https:\/\/torebunia.pl\/sklep\/#website\",\"url\":\"https:\/\/torebunia.pl\/sklep\/\",\"name\":\"Moje Blog\",\"description\":\"Kolejna witryna WordPress\",\"potentialAction\":[{\"@type\":\"SearchAction\",\"target\":\"https:\/\/torebunia.pl\/sklep\/?s={search_term_string}\",\"query-input\":\"required name=search_term_string\"}],\"inLanguage\":\"pl-PL\"},{\"@type\":\"ImageObject\",\"@id\":\"https:\/\/torebunia.pl\/sklep\/produkt\/patrizia-pepe-czapka-3\/#primaryimage\",\"inLanguage\":\"pl-PL\",\"url\":\"https:\/\/torebunia.pl\/sklep\/wp-content\/uploads\/2021\/01\/fcc7d0e3d3c404c7487854b0e46b66c4389d3574.jpg\",\"width\":855,\"height\":1290,\"caption\":\"Patrizia Pepe - Czapka\"},{\"@type\":\"WebPage\",\"@id\":\"https:\/\/torebunia.pl\/sklep\/produkt\/patrizia-pepe-czapka-3\/#webpage\",\"url\":\"https:\/\/torebunia.pl\/sklep\/produkt\/patrizia-pepe-czapka-3\/\",\"name\":\"Patrizia Pepe - Czapka\",\"isPartOf\":{\"@id\":\"https:\/\/torebunia.pl\/sklep\/#website\"},\"primaryImageOfPage\":{\"@id\":\"https:\/\/torebunia.pl\/sklep\/produkt\/patrizia-pepe-czapka-3\/#primaryimage\"},\"datePublished\":\"2020-05-23T17:05:32+00:00\",\"dateModified\":\"2021-01-27T17:18:47+00:00\",\"inLanguage\":\"pl-PL\",\"potentialAction\":[{\"@type\":\"ReadAction\",\"target\":[\"https:\/\/torebunia.pl\/sklep\/produkt\/patrizia-pepe-czapka-3\/\"]}]}]}<\/script>\n<!-- \/ Yoast SEO plugin. -->","_links":{"self":[{"href":"https:\/\/torebunia.pl\/sklep\/wp-json\/wp\/v2\/product\/23168","targetHints":{"allow":["GET"]}}],"collection":[{"href":"https:\/\/torebunia.pl\/sklep\/wp-json\/wp\/v2\/product"}],"about":[{"href":"https:\/\/torebunia.pl\/sklep\/wp-json\/wp\/v2\/types\/product"}],"replies":[{"embeddable":true,"href":"https:\/\/torebunia.pl\/sklep\/wp-json\/wp\/v2\/comments?post=23168"}],"wp:featuredmedia":[{"embeddable":true,"href":"https:\/\/torebunia.pl\/sklep\/wp-json\/wp\/v2\/media\/23169"}],"wp:attachment":[{"href":"https:\/\/torebunia.pl\/sklep\/wp-json\/wp\/v2\/media?parent=23168"}],"curies":[{"name":"wp","href":"https:\/\/api.w.org\/{rel}","templated":true}]}}