{"id":23162,"date":"2020-05-16T22:15:02","date_gmt":"2020-05-16T22:15:02","guid":{"rendered":"https:\/\/torebunia.pl\/sklep\/produkt\/answear-koszula-50\/"},"modified":"2021-01-27T17:18:36","modified_gmt":"2021-01-27T17:18:36","slug":"answear-koszula-50","status":"publish","type":"product","link":"https:\/\/torebunia.pl\/sklep\/produkt\/answear-koszula-50\/","title":{"rendered":"Answear &#8211; Koszula"},"content":{"rendered":"<p>Parametry produktu:<\/p>\n<ul>\n<li>cena: <strong>139.9 PLN<\/strong><\/li>\n<li>marka: <strong>ANSWEAR<\/strong><\/li>\n<li>p\u0142e\u0107: <strong>Female<\/strong><\/li>\n<li>kategoria: <strong>ONA \/ Odzie\u017c \/ Bluzki i koszule \/ Koszule<\/strong><\/li>\n<li>kolor: <strong>czarny<\/strong><\/li>\n<\/ul>\n<p>Opis:<br \/>\nKoszula z kolekcji Answear. Model wykonany z g\u0142adkiej tkaniny. &#8211; Prosty fason. &#8211; Mo\u017cliwo\u015b\u0107 podpi\u0119cia r\u0119kaw\u00f3w. &#8211; Zapi\u0119cie na guziki. &#8211; Cienka, nieelastyczna tkanina. Wz\u00f3r: g\u0142adkie Fason: regular R\u0119kaw: d\u0142ugi Materia\u0142: bawe\u0142na Ko\u0142nierzyk: klasyczny Okazje: casual Sk\u0142ad: 100 % Bawe\u0142na ID produktu: -100-KDD060 Kod producenta: 18902A.QG<\/p>\n","protected":false},"excerpt":{"rendered":"<p>Parametry produktu: cena: 139.9 PLN marka: ANSWEAR p\u0142e\u0107: Female kategoria: ONA \/ Odzie\u017c \/ Bluzki i koszule \/ Koszule kolor: czarny Opis: Koszula z kolekcji Answear. Model wykonany z g\u0142adkiej<\/p>\n","protected":false},"featured_media":23163,"comment_status":"closed","ping_status":"open","template":"","meta":[],"class_list":{"0":"post-23162","1":"product","2":"type-product","3":"status-publish","5":"hentry","6":"product_cat-bluzki-i-koszule","7":"product_cat-koszule","8":"product_cat-odziez","9":"product_cat-ona","10":"product_tag-answear","11":"product_tag-answear-koszula"},"yoast_head":"<!-- This site is optimized with the Yoast SEO plugin v15.6.2 - https:\/\/yoast.com\/wordpress\/plugins\/seo\/ -->\n<title>Answear - Koszula<\/title>\n<meta name=\"robots\" content=\"index, follow, max-snippet:-1, max-image-preview:large, max-video-preview:-1\" \/>\n<link rel=\"canonical\" href=\"https:\/\/torebunia.pl\/sklep\/produkt\/answear-koszula-50\/\" \/>\n<meta property=\"og:locale\" content=\"pl_PL\" \/>\n<meta property=\"og:type\" content=\"article\" \/>\n<meta property=\"og:title\" content=\"Answear - Koszula\" \/>\n<meta property=\"og:description\" content=\"Parametry produktu: cena: 139.9 PLN marka: ANSWEAR p\u0142e\u0107: Female kategoria: ONA \/ Odzie\u017c \/ Bluzki i koszule \/ Koszule kolor: czarny Opis: Koszula z kolekcji Answear. Model wykonany z g\u0142adkiej\" \/>\n<meta property=\"og:url\" content=\"https:\/\/torebunia.pl\/sklep\/produkt\/answear-koszula-50\/\" \/>\n<meta property=\"og:site_name\" content=\"Moje Blog\" \/>\n<meta property=\"article:modified_time\" content=\"2021-01-27T17:18:36+00:00\" \/>\n<meta property=\"og:image\" content=\"https:\/\/torebunia.pl\/sklep\/wp-content\/uploads\/2021\/01\/706736ec30f41c84f42ab30813499031549ee0d3.jpg\" \/>\n\t<meta property=\"og:image:width\" content=\"855\" \/>\n\t<meta property=\"og:image:height\" content=\"1290\" \/>\n<meta name=\"twitter:card\" content=\"summary_large_image\" \/>\n<script type=\"application\/ld+json\" class=\"yoast-schema-graph\">{\"@context\":\"https:\/\/schema.org\",\"@graph\":[{\"@type\":\"WebSite\",\"@id\":\"https:\/\/torebunia.pl\/sklep\/#website\",\"url\":\"https:\/\/torebunia.pl\/sklep\/\",\"name\":\"Moje Blog\",\"description\":\"Kolejna witryna WordPress\",\"potentialAction\":[{\"@type\":\"SearchAction\",\"target\":\"https:\/\/torebunia.pl\/sklep\/?s={search_term_string}\",\"query-input\":\"required name=search_term_string\"}],\"inLanguage\":\"pl-PL\"},{\"@type\":\"ImageObject\",\"@id\":\"https:\/\/torebunia.pl\/sklep\/produkt\/answear-koszula-50\/#primaryimage\",\"inLanguage\":\"pl-PL\",\"url\":\"https:\/\/torebunia.pl\/sklep\/wp-content\/uploads\/2021\/01\/706736ec30f41c84f42ab30813499031549ee0d3.jpg\",\"width\":855,\"height\":1290,\"caption\":\"Answear - Koszula\"},{\"@type\":\"WebPage\",\"@id\":\"https:\/\/torebunia.pl\/sklep\/produkt\/answear-koszula-50\/#webpage\",\"url\":\"https:\/\/torebunia.pl\/sklep\/produkt\/answear-koszula-50\/\",\"name\":\"Answear - Koszula\",\"isPartOf\":{\"@id\":\"https:\/\/torebunia.pl\/sklep\/#website\"},\"primaryImageOfPage\":{\"@id\":\"https:\/\/torebunia.pl\/sklep\/produkt\/answear-koszula-50\/#primaryimage\"},\"datePublished\":\"2020-05-16T22:15:02+00:00\",\"dateModified\":\"2021-01-27T17:18:36+00:00\",\"inLanguage\":\"pl-PL\",\"potentialAction\":[{\"@type\":\"ReadAction\",\"target\":[\"https:\/\/torebunia.pl\/sklep\/produkt\/answear-koszula-50\/\"]}]}]}<\/script>\n<!-- \/ Yoast SEO plugin. -->","_links":{"self":[{"href":"https:\/\/torebunia.pl\/sklep\/wp-json\/wp\/v2\/product\/23162","targetHints":{"allow":["GET"]}}],"collection":[{"href":"https:\/\/torebunia.pl\/sklep\/wp-json\/wp\/v2\/product"}],"about":[{"href":"https:\/\/torebunia.pl\/sklep\/wp-json\/wp\/v2\/types\/product"}],"replies":[{"embeddable":true,"href":"https:\/\/torebunia.pl\/sklep\/wp-json\/wp\/v2\/comments?post=23162"}],"wp:featuredmedia":[{"embeddable":true,"href":"https:\/\/torebunia.pl\/sklep\/wp-json\/wp\/v2\/media\/23163"}],"wp:attachment":[{"href":"https:\/\/torebunia.pl\/sklep\/wp-json\/wp\/v2\/media?parent=23162"}],"curies":[{"name":"wp","href":"https:\/\/api.w.org\/{rel}","templated":true}]}}