{"id":23136,"date":"2020-07-18T17:00:47","date_gmt":"2020-07-18T17:00:47","guid":{"rendered":"https:\/\/torebunia.pl\/sklep\/produkt\/noisy-may-kurtka-10\/"},"modified":"2021-01-27T17:17:49","modified_gmt":"2021-01-27T17:17:49","slug":"noisy-may-kurtka-10","status":"publish","type":"product","link":"https:\/\/torebunia.pl\/sklep\/produkt\/noisy-may-kurtka-10\/","title":{"rendered":"Noisy May &#8211; Kurtka"},"content":{"rendered":"<p>Parametry produktu:<\/p>\n<ul>\n<li>cena: <strong>299.9 PLN<\/strong><\/li>\n<li>marka: <strong>Noisy may<\/strong><\/li>\n<li>p\u0142e\u0107: <strong>Female<\/strong><\/li>\n<li>kategoria: <strong>ONA \/ Odzie\u017c \/ Kurtki i p\u0142aszcze \/ Kurtki d\u0142ugie<\/strong><\/li>\n<li>kolor: <strong>czarny<\/strong><\/li>\n<\/ul>\n<p>Opis:<br \/>\nKurtka z kolekcji Noisy May. Ocieplony model wykonany z g\u0142adkiego materia\u0142u. &#8211; Model z kapturem. &#8211; Prosty fason. &#8211; Pikowany model. &#8211; Zapi\u0119cie na zatrzaski. &#8211; Wsuwane kieszenie. &#8211; Ocieplony model na podszewce. &#8211; G\u0142adki materia\u0142. &#8211; Obni\u017cona linia ramion. &#8211; D\u0142ugo\u015b\u0107 r\u0119kawa(mierzona od kaptura): 78 cm. &#8211; D\u0142ugo\u015b\u0107: 106 cm. &#8211; Szeroko\u015b\u0107 pod pachami: 57 cm. &#8211; Wymiary podane dla rozmiaru: S. Podszewka: z podszewk\u0105 Kaptur: z kapturem Ocieplenie: ocieplane Sk\u0142ad: 100 % Poliester ID produktu: 4900-KUD006 Kod producenta: 27003829<\/p>\n","protected":false},"excerpt":{"rendered":"<p>Parametry produktu: cena: 299.9 PLN marka: Noisy may p\u0142e\u0107: Female kategoria: ONA \/ Odzie\u017c \/ Kurtki i p\u0142aszcze \/ Kurtki d\u0142ugie kolor: czarny Opis: Kurtka z kolekcji Noisy May. Ocieplony<\/p>\n","protected":false},"featured_media":23137,"comment_status":"closed","ping_status":"open","template":"","meta":[],"class_list":{"0":"post-23136","1":"product","2":"type-product","3":"status-publish","5":"hentry","6":"product_cat-kurtki-dlugie","7":"product_cat-kurtki-i-plaszcze","8":"product_cat-odziez","9":"product_cat-ona","10":"product_tag-noisy-may","11":"product_tag-noisy-may-kurtka"},"yoast_head":"<!-- This site is optimized with the Yoast SEO plugin v15.6.2 - https:\/\/yoast.com\/wordpress\/plugins\/seo\/ -->\n<title>Noisy May - Kurtka<\/title>\n<meta name=\"robots\" content=\"index, follow, max-snippet:-1, max-image-preview:large, max-video-preview:-1\" \/>\n<link rel=\"canonical\" href=\"https:\/\/torebunia.pl\/sklep\/produkt\/noisy-may-kurtka-10\/\" \/>\n<meta property=\"og:locale\" content=\"pl_PL\" \/>\n<meta property=\"og:type\" content=\"article\" \/>\n<meta property=\"og:title\" content=\"Noisy May - Kurtka\" \/>\n<meta property=\"og:description\" content=\"Parametry produktu: cena: 299.9 PLN marka: Noisy may p\u0142e\u0107: Female kategoria: ONA \/ Odzie\u017c \/ Kurtki i p\u0142aszcze \/ Kurtki d\u0142ugie kolor: czarny Opis: Kurtka z kolekcji Noisy May. Ocieplony\" \/>\n<meta property=\"og:url\" content=\"https:\/\/torebunia.pl\/sklep\/produkt\/noisy-may-kurtka-10\/\" \/>\n<meta property=\"og:site_name\" content=\"Moje Blog\" \/>\n<meta property=\"article:modified_time\" content=\"2021-01-27T17:17:49+00:00\" \/>\n<meta property=\"og:image\" content=\"https:\/\/torebunia.pl\/sklep\/wp-content\/uploads\/2021\/01\/9571b74021f408bd1ac128148cdd007709198aa6.jpg\" \/>\n\t<meta property=\"og:image:width\" content=\"855\" \/>\n\t<meta property=\"og:image:height\" content=\"1290\" \/>\n<meta name=\"twitter:card\" content=\"summary_large_image\" \/>\n<meta name=\"twitter:label1\" content=\"Est. reading time\">\n\t<meta name=\"twitter:data1\" content=\"1 minuta\">\n<script type=\"application\/ld+json\" class=\"yoast-schema-graph\">{\"@context\":\"https:\/\/schema.org\",\"@graph\":[{\"@type\":\"WebSite\",\"@id\":\"https:\/\/torebunia.pl\/sklep\/#website\",\"url\":\"https:\/\/torebunia.pl\/sklep\/\",\"name\":\"Moje Blog\",\"description\":\"Kolejna witryna WordPress\",\"potentialAction\":[{\"@type\":\"SearchAction\",\"target\":\"https:\/\/torebunia.pl\/sklep\/?s={search_term_string}\",\"query-input\":\"required name=search_term_string\"}],\"inLanguage\":\"pl-PL\"},{\"@type\":\"ImageObject\",\"@id\":\"https:\/\/torebunia.pl\/sklep\/produkt\/noisy-may-kurtka-10\/#primaryimage\",\"inLanguage\":\"pl-PL\",\"url\":\"https:\/\/torebunia.pl\/sklep\/wp-content\/uploads\/2021\/01\/9571b74021f408bd1ac128148cdd007709198aa6.jpg\",\"width\":855,\"height\":1290,\"caption\":\"Noisy May - Kurtka\"},{\"@type\":\"WebPage\",\"@id\":\"https:\/\/torebunia.pl\/sklep\/produkt\/noisy-may-kurtka-10\/#webpage\",\"url\":\"https:\/\/torebunia.pl\/sklep\/produkt\/noisy-may-kurtka-10\/\",\"name\":\"Noisy May - Kurtka\",\"isPartOf\":{\"@id\":\"https:\/\/torebunia.pl\/sklep\/#website\"},\"primaryImageOfPage\":{\"@id\":\"https:\/\/torebunia.pl\/sklep\/produkt\/noisy-may-kurtka-10\/#primaryimage\"},\"datePublished\":\"2020-07-18T17:00:47+00:00\",\"dateModified\":\"2021-01-27T17:17:49+00:00\",\"inLanguage\":\"pl-PL\",\"potentialAction\":[{\"@type\":\"ReadAction\",\"target\":[\"https:\/\/torebunia.pl\/sklep\/produkt\/noisy-may-kurtka-10\/\"]}]}]}<\/script>\n<!-- \/ Yoast SEO plugin. -->","_links":{"self":[{"href":"https:\/\/torebunia.pl\/sklep\/wp-json\/wp\/v2\/product\/23136","targetHints":{"allow":["GET"]}}],"collection":[{"href":"https:\/\/torebunia.pl\/sklep\/wp-json\/wp\/v2\/product"}],"about":[{"href":"https:\/\/torebunia.pl\/sklep\/wp-json\/wp\/v2\/types\/product"}],"replies":[{"embeddable":true,"href":"https:\/\/torebunia.pl\/sklep\/wp-json\/wp\/v2\/comments?post=23136"}],"wp:featuredmedia":[{"embeddable":true,"href":"https:\/\/torebunia.pl\/sklep\/wp-json\/wp\/v2\/media\/23137"}],"wp:attachment":[{"href":"https:\/\/torebunia.pl\/sklep\/wp-json\/wp\/v2\/media?parent=23136"}],"curies":[{"name":"wp","href":"https:\/\/api.w.org\/{rel}","templated":true}]}}