{"id":2303,"date":"2020-09-20T11:07:36","date_gmt":"2020-09-20T11:07:36","guid":{"rendered":"https:\/\/torebunia.pl\/sklep\/produkt\/femi-stories-bluza-bawelniana-baret\/"},"modified":"2021-01-25T14:26:01","modified_gmt":"2021-01-25T14:26:01","slug":"femi-stories-bluza-bawelniana-baret","status":"publish","type":"product","link":"https:\/\/torebunia.pl\/sklep\/produkt\/femi-stories-bluza-bawelniana-baret\/","title":{"rendered":"Femi Stories &#8211; Bluza bawe\u0142niana Baret"},"content":{"rendered":"<p>Parametry produktu:<\/p>\n<ul>\n<li>cena: <strong>219.9 PLN<\/strong><\/li>\n<li>marka: <strong>Femi Stories<\/strong><\/li>\n<li>p\u0142e\u0107: <strong>Female<\/strong><\/li>\n<li>kategoria: <strong>ONA \/ Odzie\u017c \/ Bluzy \/ Przez g\u0142ow\u0119<\/strong><\/li>\n<li>kolor: <strong>brudny r\u00f3\u017c<\/strong><\/li>\n<\/ul>\n<p>Opis:<br \/>\nBluza z kolekcji Femi Stories. Model wykonany z dzianiny z aplikacj\u0105. &#8211; Prosty fason. &#8211; D\u0142ugi r\u0119kaw. &#8211; Okr\u0105g\u0142y dekolt. &#8211; Model z aplikacj\u0105. &#8211; Wyko\u0144czenie ze \u015bci\u0105gacza. Wz\u00f3r: aplikacja Materia\u0142: bawe\u0142na Kaptur: bez kaptura Sk\u0142ad: 100 % Bawe\u0142na ID produktu: 4900-BLD0UK Kod producenta: BARET.PNK<\/p>\n","protected":false},"excerpt":{"rendered":"<p>Parametry produktu: cena: 219.9 PLN marka: Femi Stories p\u0142e\u0107: Female kategoria: ONA \/ Odzie\u017c \/ Bluzy \/ Przez g\u0142ow\u0119 kolor: brudny r\u00f3\u017c Opis: Bluza z kolekcji Femi Stories. Model wykonany<\/p>\n","protected":false},"featured_media":2304,"comment_status":"closed","ping_status":"open","template":"","meta":[],"class_list":{"0":"post-2303","1":"product","2":"type-product","3":"status-publish","5":"hentry","6":"product_cat-bluzy","7":"product_cat-odziez","8":"product_cat-ona","9":"product_cat-przez-glowe","10":"product_tag-femi-stories","11":"product_tag-femi-stories-bluza-bawelniana-baret"},"yoast_head":"<!-- This site is optimized with the Yoast SEO plugin v15.6.2 - https:\/\/yoast.com\/wordpress\/plugins\/seo\/ -->\n<title>Femi Stories - Bluza bawe\u0142niana Baret<\/title>\n<meta name=\"robots\" content=\"index, follow, max-snippet:-1, max-image-preview:large, max-video-preview:-1\" \/>\n<link rel=\"canonical\" href=\"https:\/\/torebunia.pl\/sklep\/produkt\/femi-stories-bluza-bawelniana-baret\/\" \/>\n<meta property=\"og:locale\" content=\"pl_PL\" \/>\n<meta property=\"og:type\" content=\"article\" \/>\n<meta property=\"og:title\" content=\"Femi Stories - Bluza bawe\u0142niana Baret\" \/>\n<meta property=\"og:description\" content=\"Parametry produktu: cena: 219.9 PLN marka: Femi Stories p\u0142e\u0107: Female kategoria: ONA \/ Odzie\u017c \/ Bluzy \/ Przez g\u0142ow\u0119 kolor: brudny r\u00f3\u017c Opis: Bluza z kolekcji Femi Stories. Model wykonany\" \/>\n<meta property=\"og:url\" content=\"https:\/\/torebunia.pl\/sklep\/produkt\/femi-stories-bluza-bawelniana-baret\/\" \/>\n<meta property=\"og:site_name\" content=\"Moje Blog\" \/>\n<meta property=\"article:modified_time\" content=\"2021-01-25T14:26:01+00:00\" \/>\n<meta property=\"og:image\" content=\"https:\/\/torebunia.pl\/sklep\/wp-content\/uploads\/2021\/01\/be9f1b0b08658466960813f9132a92e28fcef557.jpg\" \/>\n\t<meta property=\"og:image:width\" content=\"855\" \/>\n\t<meta property=\"og:image:height\" content=\"1290\" \/>\n<meta name=\"twitter:card\" content=\"summary_large_image\" \/>\n<script type=\"application\/ld+json\" class=\"yoast-schema-graph\">{\"@context\":\"https:\/\/schema.org\",\"@graph\":[{\"@type\":\"WebSite\",\"@id\":\"https:\/\/torebunia.pl\/sklep\/#website\",\"url\":\"https:\/\/torebunia.pl\/sklep\/\",\"name\":\"Moje Blog\",\"description\":\"Kolejna witryna WordPress\",\"potentialAction\":[{\"@type\":\"SearchAction\",\"target\":\"https:\/\/torebunia.pl\/sklep\/?s={search_term_string}\",\"query-input\":\"required name=search_term_string\"}],\"inLanguage\":\"pl-PL\"},{\"@type\":\"ImageObject\",\"@id\":\"https:\/\/torebunia.pl\/sklep\/produkt\/femi-stories-bluza-bawelniana-baret\/#primaryimage\",\"inLanguage\":\"pl-PL\",\"url\":\"https:\/\/torebunia.pl\/sklep\/wp-content\/uploads\/2021\/01\/be9f1b0b08658466960813f9132a92e28fcef557.jpg\",\"width\":855,\"height\":1290,\"caption\":\"Femi Stories - Bluza bawe\\u0142niana Baret\"},{\"@type\":\"WebPage\",\"@id\":\"https:\/\/torebunia.pl\/sklep\/produkt\/femi-stories-bluza-bawelniana-baret\/#webpage\",\"url\":\"https:\/\/torebunia.pl\/sklep\/produkt\/femi-stories-bluza-bawelniana-baret\/\",\"name\":\"Femi Stories - Bluza bawe\\u0142niana Baret\",\"isPartOf\":{\"@id\":\"https:\/\/torebunia.pl\/sklep\/#website\"},\"primaryImageOfPage\":{\"@id\":\"https:\/\/torebunia.pl\/sklep\/produkt\/femi-stories-bluza-bawelniana-baret\/#primaryimage\"},\"datePublished\":\"2020-09-20T11:07:36+00:00\",\"dateModified\":\"2021-01-25T14:26:01+00:00\",\"inLanguage\":\"pl-PL\",\"potentialAction\":[{\"@type\":\"ReadAction\",\"target\":[\"https:\/\/torebunia.pl\/sklep\/produkt\/femi-stories-bluza-bawelniana-baret\/\"]}]}]}<\/script>\n<!-- \/ Yoast SEO plugin. -->","_links":{"self":[{"href":"https:\/\/torebunia.pl\/sklep\/wp-json\/wp\/v2\/product\/2303","targetHints":{"allow":["GET"]}}],"collection":[{"href":"https:\/\/torebunia.pl\/sklep\/wp-json\/wp\/v2\/product"}],"about":[{"href":"https:\/\/torebunia.pl\/sklep\/wp-json\/wp\/v2\/types\/product"}],"replies":[{"embeddable":true,"href":"https:\/\/torebunia.pl\/sklep\/wp-json\/wp\/v2\/comments?post=2303"}],"wp:featuredmedia":[{"embeddable":true,"href":"https:\/\/torebunia.pl\/sklep\/wp-json\/wp\/v2\/media\/2304"}],"wp:attachment":[{"href":"https:\/\/torebunia.pl\/sklep\/wp-json\/wp\/v2\/media?parent=2303"}],"curies":[{"name":"wp","href":"https:\/\/api.w.org\/{rel}","templated":true}]}}